{"id":6221,"date":"2026-03-30T11:54:24","date_gmt":"2026-03-30T14:54:24","guid":{"rendered":"https:\/\/nbwildlifefederation.org\/nbwf-moose-draw-payment-info\/"},"modified":"2026-03-31T13:26:00","modified_gmt":"2026-03-31T16:26:00","slug":"nbwf-moose-draw-payment-info","status":"publish","type":"page","link":"https:\/\/nbwildlifefederation.org\/fr\/collecte-de-fonds\/tirage-au-sort-de-la-license-doriginal-de-collecte-de-fonds-pour-la-conservation\/nbwf-moose-draw-payment-info\/","title":{"rendered":"Complete Purchase of NBWF Moose Draw Tickets"},"content":{"rendered":"<p><strong>To complete your ticket purchase, please <\/strong><strong>etransfer\u00a0$10.00 per ticket(s) to<\/strong><strong>: <a href=\"mailto:office.nbwf@gmail.com\">office.nbwf@gmail.com<\/a><\/strong><\/p>\n<p>(If you need to setup a password for your etransfer, please use password\/answer <span style=\"color: #ff0000;\"><strong>moose2026<\/strong><\/span><\/p>\n<p>A copy of your ticket(s) will be emailed to you when your payment is received and processed.<\/p>\n<p>Draw date is August 4, 2026 at the DNRED office.<\/p>\n<p><strong>Thank you for your support!<\/strong><\/p>\n<hr \/>\n<p><a href=\"https:\/\/nbwildlifefederation.org\/wp-content\/uploads\/2026\/03\/2026_NBWF_Moose_Raffle_header-3.jpg\"><img loading=\"lazy\" decoding=\"async\" class=\"alignnone wp-image-6247 size-large\" src=\"https:\/\/nbwildlifefederation.org\/wp-content\/uploads\/2026\/03\/2026_NBWF_Moose_Raffle_header-3-1024x195.jpg\" alt=\"\" width=\"940\" height=\"179\" srcset=\"https:\/\/nbwildlifefederation.org\/wp-content\/uploads\/2026\/03\/2026_NBWF_Moose_Raffle_header-3-1024x195.jpg 1024w, https:\/\/nbwildlifefederation.org\/wp-content\/uploads\/2026\/03\/2026_NBWF_Moose_Raffle_header-3-300x57.jpg 300w, https:\/\/nbwildlifefederation.org\/wp-content\/uploads\/2026\/03\/2026_NBWF_Moose_Raffle_header-3-768x146.jpg 768w, https:\/\/nbwildlifefederation.org\/wp-content\/uploads\/2026\/03\/2026_NBWF_Moose_Raffle_header-3.jpg 1410w\" sizes=\"auto, (max-width: 940px) 100vw, 940px\" \/><\/a><\/p>\n","protected":false},"excerpt":{"rendered":"<p>To complete your ticket purchase, please etransfer\u00a0$10.00 per ticket(s) to: office.nbwf@gmail.com (If you need to setup a password for your etransfer, please use password\/answer moose2026 A copy of your ticket(s) will be emailed to you when your payment is received <span class=\"excerpt-dots\">&hellip;<\/span> <a class=\"more-link\" href=\"https:\/\/nbwildlifefederation.org\/fr\/collecte-de-fonds\/tirage-au-sort-de-la-license-doriginal-de-collecte-de-fonds-pour-la-conservation\/nbwf-moose-draw-payment-info\/\"><span class=\"more-msg\">Lire la suite &rarr;<\/span><\/a><\/p>\n","protected":false},"author":4,"featured_media":0,"parent":5080,"menu_order":1,"comment_status":"closed","ping_status":"closed","template":"","meta":{"footnotes":""},"class_list":["post-6221","page","type-page","status-publish","hentry"],"yoast_head":"<!-- This site is optimized with the Yoast SEO plugin v27.4 - https:\/\/yoast.com\/product\/yoast-seo-wordpress\/ -->\n<title>Complete Purchase of NBWF Moose Draw Tickets - La F\u00e9d\u00e9ration de la Faune du Nouveau Brunswick<\/title>\n<meta name=\"robots\" content=\"index, follow, max-snippet:-1, max-image-preview:large, max-video-preview:-1\" \/>\n<link rel=\"canonical\" href=\"https:\/\/nbwildlifefederation.org\/fr\/collecte-de-fonds\/tirage-au-sort-de-la-license-doriginal-de-collecte-de-fonds-pour-la-conservation\/nbwf-moose-draw-payment-info\/\" \/>\n<meta property=\"og:locale\" content=\"fr_FR\" \/>\n<meta property=\"og:type\" content=\"article\" \/>\n<meta property=\"og:title\" content=\"Complete Purchase of NBWF Moose Draw Tickets - La F\u00e9d\u00e9ration de la Faune du Nouveau Brunswick\" \/>\n<meta property=\"og:description\" content=\"To complete your ticket purchase, please etransfer\u00a0$10.00 per ticket(s) to: office.nbwf@gmail.com (If you need to setup a password for your etransfer, please use password\/answer moose2026 A copy of your ticket(s) will be emailed to you when your payment is received &hellip; Lire la suite &rarr;\" \/>\n<meta property=\"og:url\" content=\"https:\/\/nbwildlifefederation.org\/fr\/collecte-de-fonds\/tirage-au-sort-de-la-license-doriginal-de-collecte-de-fonds-pour-la-conservation\/nbwf-moose-draw-payment-info\/\" \/>\n<meta property=\"og:site_name\" content=\"La F\u00e9d\u00e9ration de la Faune du Nouveau Brunswick\" \/>\n<meta property=\"article:modified_time\" content=\"2026-03-31T16:26:00+00:00\" \/>\n<meta property=\"og:image\" content=\"https:\/\/nbwildlifefederation.org\/wp-content\/uploads\/2026\/03\/2026_NBWF_Moose_Raffle_header-3.jpg\" \/>\n\t<meta property=\"og:image:width\" content=\"1410\" \/>\n\t<meta property=\"og:image:height\" content=\"268\" \/>\n\t<meta property=\"og:image:type\" content=\"image\/jpeg\" \/>\n<meta name=\"twitter:card\" content=\"summary_large_image\" \/>\n<meta name=\"twitter:label1\" content=\"Dur\u00e9e de lecture estim\u00e9e\" \/>\n\t<meta name=\"twitter:data1\" content=\"1 minute\" \/>\n<script type=\"application\/ld+json\" class=\"yoast-schema-graph\">{\"@context\":\"https:\\\/\\\/schema.org\",\"@graph\":[{\"@type\":\"WebPage\",\"@id\":\"https:\\\/\\\/nbwildlifefederation.org\\\/fr\\\/collecte-de-fonds\\\/tirage-au-sort-de-la-license-doriginal-de-collecte-de-fonds-pour-la-conservation\\\/nbwf-moose-draw-payment-info\\\/\",\"url\":\"https:\\\/\\\/nbwildlifefederation.org\\\/fr\\\/collecte-de-fonds\\\/tirage-au-sort-de-la-license-doriginal-de-collecte-de-fonds-pour-la-conservation\\\/nbwf-moose-draw-payment-info\\\/\",\"name\":\"Complete Purchase of NBWF Moose Draw Tickets - La F\u00e9d\u00e9ration de la Faune du Nouveau Brunswick\",\"isPartOf\":{\"@id\":\"https:\\\/\\\/nbwildlifefederation.org\\\/fr\\\/#website\"},\"primaryImageOfPage\":{\"@id\":\"https:\\\/\\\/nbwildlifefederation.org\\\/fr\\\/collecte-de-fonds\\\/tirage-au-sort-de-la-license-doriginal-de-collecte-de-fonds-pour-la-conservation\\\/nbwf-moose-draw-payment-info\\\/#primaryimage\"},\"image\":{\"@id\":\"https:\\\/\\\/nbwildlifefederation.org\\\/fr\\\/collecte-de-fonds\\\/tirage-au-sort-de-la-license-doriginal-de-collecte-de-fonds-pour-la-conservation\\\/nbwf-moose-draw-payment-info\\\/#primaryimage\"},\"thumbnailUrl\":\"https:\\\/\\\/nbwildlifefederation.org\\\/wp-content\\\/uploads\\\/2026\\\/03\\\/2026_NBWF_Moose_Raffle_header-3-1024x195.jpg\",\"datePublished\":\"2026-03-30T14:54:24+00:00\",\"dateModified\":\"2026-03-31T16:26:00+00:00\",\"breadcrumb\":{\"@id\":\"https:\\\/\\\/nbwildlifefederation.org\\\/fr\\\/collecte-de-fonds\\\/tirage-au-sort-de-la-license-doriginal-de-collecte-de-fonds-pour-la-conservation\\\/nbwf-moose-draw-payment-info\\\/#breadcrumb\"},\"inLanguage\":\"fr-FR\",\"potentialAction\":[{\"@type\":\"ReadAction\",\"target\":[\"https:\\\/\\\/nbwildlifefederation.org\\\/fr\\\/collecte-de-fonds\\\/tirage-au-sort-de-la-license-doriginal-de-collecte-de-fonds-pour-la-conservation\\\/nbwf-moose-draw-payment-info\\\/\"]}]},{\"@type\":\"ImageObject\",\"inLanguage\":\"fr-FR\",\"@id\":\"https:\\\/\\\/nbwildlifefederation.org\\\/fr\\\/collecte-de-fonds\\\/tirage-au-sort-de-la-license-doriginal-de-collecte-de-fonds-pour-la-conservation\\\/nbwf-moose-draw-payment-info\\\/#primaryimage\",\"url\":\"https:\\\/\\\/nbwildlifefederation.org\\\/wp-content\\\/uploads\\\/2026\\\/03\\\/2026_NBWF_Moose_Raffle_header-3-1024x195.jpg\",\"contentUrl\":\"https:\\\/\\\/nbwildlifefederation.org\\\/wp-content\\\/uploads\\\/2026\\\/03\\\/2026_NBWF_Moose_Raffle_header-3-1024x195.jpg\"},{\"@type\":\"BreadcrumbList\",\"@id\":\"https:\\\/\\\/nbwildlifefederation.org\\\/fr\\\/collecte-de-fonds\\\/tirage-au-sort-de-la-license-doriginal-de-collecte-de-fonds-pour-la-conservation\\\/nbwf-moose-draw-payment-info\\\/#breadcrumb\",\"itemListElement\":[{\"@type\":\"ListItem\",\"position\":1,\"name\":\"Home\",\"item\":\"https:\\\/\\\/nbwildlifefederation.org\\\/fr\\\/\"},{\"@type\":\"ListItem\",\"position\":2,\"name\":\"Collecte de fonds\",\"item\":\"https:\\\/\\\/nbwildlifefederation.org\\\/fr\\\/collecte-de-fonds\\\/\"},{\"@type\":\"ListItem\",\"position\":3,\"name\":\"Tirage au sort de la license d&#8217;original de collecte de fonds pour la conservation\",\"item\":\"https:\\\/\\\/nbwildlifefederation.org\\\/fr\\\/collecte-de-fonds\\\/tirage-au-sort-de-la-license-doriginal-de-collecte-de-fonds-pour-la-conservation\\\/\"},{\"@type\":\"ListItem\",\"position\":4,\"name\":\"Complete Purchase of NBWF Moose Draw Tickets\"}]},{\"@type\":\"WebSite\",\"@id\":\"https:\\\/\\\/nbwildlifefederation.org\\\/fr\\\/#website\",\"url\":\"https:\\\/\\\/nbwildlifefederation.org\\\/fr\\\/\",\"name\":\"La F\u00e9d\u00e9ration de la Faune du Nouveau Brunswick\",\"description\":\"Repr\u00e9senter les pr\u00e9occupations de la personne Sports de plein air.\",\"publisher\":{\"@id\":\"https:\\\/\\\/nbwildlifefederation.org\\\/fr\\\/#organization\"},\"potentialAction\":[{\"@type\":\"SearchAction\",\"target\":{\"@type\":\"EntryPoint\",\"urlTemplate\":\"https:\\\/\\\/nbwildlifefederation.org\\\/fr\\\/?s={search_term_string}\"},\"query-input\":{\"@type\":\"PropertyValueSpecification\",\"valueRequired\":true,\"valueName\":\"search_term_string\"}}],\"inLanguage\":\"fr-FR\"},{\"@type\":\"Organization\",\"@id\":\"https:\\\/\\\/nbwildlifefederation.org\\\/fr\\\/#organization\",\"name\":\"New Brunswick Wildlife Federation\",\"url\":\"https:\\\/\\\/nbwildlifefederation.org\\\/fr\\\/\",\"logo\":{\"@type\":\"ImageObject\",\"inLanguage\":\"fr-FR\",\"@id\":\"https:\\\/\\\/nbwildlifefederation.org\\\/fr\\\/#\\\/schema\\\/logo\\\/image\\\/\",\"url\":\"https:\\\/\\\/nbwildlifefederation.org\\\/wp-content\\\/uploads\\\/2016\\\/01\\\/NBWF_Logo.jpg\",\"contentUrl\":\"https:\\\/\\\/nbwildlifefederation.org\\\/wp-content\\\/uploads\\\/2016\\\/01\\\/NBWF_Logo.jpg\",\"width\":960,\"height\":960,\"caption\":\"New Brunswick Wildlife Federation\"},\"image\":{\"@id\":\"https:\\\/\\\/nbwildlifefederation.org\\\/fr\\\/#\\\/schema\\\/logo\\\/image\\\/\"}}]}<\/script>\n<!-- \/ Yoast SEO plugin. -->","yoast_head_json":{"title":"Complete Purchase of NBWF Moose Draw Tickets - La F\u00e9d\u00e9ration de la Faune du Nouveau Brunswick","robots":{"index":"index","follow":"follow","max-snippet":"max-snippet:-1","max-image-preview":"max-image-preview:large","max-video-preview":"max-video-preview:-1"},"canonical":"https:\/\/nbwildlifefederation.org\/fr\/collecte-de-fonds\/tirage-au-sort-de-la-license-doriginal-de-collecte-de-fonds-pour-la-conservation\/nbwf-moose-draw-payment-info\/","og_locale":"fr_FR","og_type":"article","og_title":"Complete Purchase of NBWF Moose Draw Tickets - La F\u00e9d\u00e9ration de la Faune du Nouveau Brunswick","og_description":"To complete your ticket purchase, please etransfer\u00a0$10.00 per ticket(s) to: office.nbwf@gmail.com (If you need to setup a password for your etransfer, please use password\/answer moose2026 A copy of your ticket(s) will be emailed to you when your payment is received &hellip; Lire la suite &rarr;","og_url":"https:\/\/nbwildlifefederation.org\/fr\/collecte-de-fonds\/tirage-au-sort-de-la-license-doriginal-de-collecte-de-fonds-pour-la-conservation\/nbwf-moose-draw-payment-info\/","og_site_name":"La F\u00e9d\u00e9ration de la Faune du Nouveau Brunswick","article_modified_time":"2026-03-31T16:26:00+00:00","og_image":[{"width":1410,"height":268,"url":"https:\/\/nbwildlifefederation.org\/wp-content\/uploads\/2026\/03\/2026_NBWF_Moose_Raffle_header-3.jpg","type":"image\/jpeg"}],"twitter_card":"summary_large_image","twitter_misc":{"Dur\u00e9e de lecture estim\u00e9e":"1 minute"},"schema":{"@context":"https:\/\/schema.org","@graph":[{"@type":"WebPage","@id":"https:\/\/nbwildlifefederation.org\/fr\/collecte-de-fonds\/tirage-au-sort-de-la-license-doriginal-de-collecte-de-fonds-pour-la-conservation\/nbwf-moose-draw-payment-info\/","url":"https:\/\/nbwildlifefederation.org\/fr\/collecte-de-fonds\/tirage-au-sort-de-la-license-doriginal-de-collecte-de-fonds-pour-la-conservation\/nbwf-moose-draw-payment-info\/","name":"Complete Purchase of NBWF Moose Draw Tickets - La F\u00e9d\u00e9ration de la Faune du Nouveau Brunswick","isPartOf":{"@id":"https:\/\/nbwildlifefederation.org\/fr\/#website"},"primaryImageOfPage":{"@id":"https:\/\/nbwildlifefederation.org\/fr\/collecte-de-fonds\/tirage-au-sort-de-la-license-doriginal-de-collecte-de-fonds-pour-la-conservation\/nbwf-moose-draw-payment-info\/#primaryimage"},"image":{"@id":"https:\/\/nbwildlifefederation.org\/fr\/collecte-de-fonds\/tirage-au-sort-de-la-license-doriginal-de-collecte-de-fonds-pour-la-conservation\/nbwf-moose-draw-payment-info\/#primaryimage"},"thumbnailUrl":"https:\/\/nbwildlifefederation.org\/wp-content\/uploads\/2026\/03\/2026_NBWF_Moose_Raffle_header-3-1024x195.jpg","datePublished":"2026-03-30T14:54:24+00:00","dateModified":"2026-03-31T16:26:00+00:00","breadcrumb":{"@id":"https:\/\/nbwildlifefederation.org\/fr\/collecte-de-fonds\/tirage-au-sort-de-la-license-doriginal-de-collecte-de-fonds-pour-la-conservation\/nbwf-moose-draw-payment-info\/#breadcrumb"},"inLanguage":"fr-FR","potentialAction":[{"@type":"ReadAction","target":["https:\/\/nbwildlifefederation.org\/fr\/collecte-de-fonds\/tirage-au-sort-de-la-license-doriginal-de-collecte-de-fonds-pour-la-conservation\/nbwf-moose-draw-payment-info\/"]}]},{"@type":"ImageObject","inLanguage":"fr-FR","@id":"https:\/\/nbwildlifefederation.org\/fr\/collecte-de-fonds\/tirage-au-sort-de-la-license-doriginal-de-collecte-de-fonds-pour-la-conservation\/nbwf-moose-draw-payment-info\/#primaryimage","url":"https:\/\/nbwildlifefederation.org\/wp-content\/uploads\/2026\/03\/2026_NBWF_Moose_Raffle_header-3-1024x195.jpg","contentUrl":"https:\/\/nbwildlifefederation.org\/wp-content\/uploads\/2026\/03\/2026_NBWF_Moose_Raffle_header-3-1024x195.jpg"},{"@type":"BreadcrumbList","@id":"https:\/\/nbwildlifefederation.org\/fr\/collecte-de-fonds\/tirage-au-sort-de-la-license-doriginal-de-collecte-de-fonds-pour-la-conservation\/nbwf-moose-draw-payment-info\/#breadcrumb","itemListElement":[{"@type":"ListItem","position":1,"name":"Home","item":"https:\/\/nbwildlifefederation.org\/fr\/"},{"@type":"ListItem","position":2,"name":"Collecte de fonds","item":"https:\/\/nbwildlifefederation.org\/fr\/collecte-de-fonds\/"},{"@type":"ListItem","position":3,"name":"Tirage au sort de la license d&#8217;original de collecte de fonds pour la conservation","item":"https:\/\/nbwildlifefederation.org\/fr\/collecte-de-fonds\/tirage-au-sort-de-la-license-doriginal-de-collecte-de-fonds-pour-la-conservation\/"},{"@type":"ListItem","position":4,"name":"Complete Purchase of NBWF Moose Draw Tickets"}]},{"@type":"WebSite","@id":"https:\/\/nbwildlifefederation.org\/fr\/#website","url":"https:\/\/nbwildlifefederation.org\/fr\/","name":"La F\u00e9d\u00e9ration de la Faune du Nouveau Brunswick","description":"Repr\u00e9senter les pr\u00e9occupations de la personne Sports de plein air.","publisher":{"@id":"https:\/\/nbwildlifefederation.org\/fr\/#organization"},"potentialAction":[{"@type":"SearchAction","target":{"@type":"EntryPoint","urlTemplate":"https:\/\/nbwildlifefederation.org\/fr\/?s={search_term_string}"},"query-input":{"@type":"PropertyValueSpecification","valueRequired":true,"valueName":"search_term_string"}}],"inLanguage":"fr-FR"},{"@type":"Organization","@id":"https:\/\/nbwildlifefederation.org\/fr\/#organization","name":"New Brunswick Wildlife Federation","url":"https:\/\/nbwildlifefederation.org\/fr\/","logo":{"@type":"ImageObject","inLanguage":"fr-FR","@id":"https:\/\/nbwildlifefederation.org\/fr\/#\/schema\/logo\/image\/","url":"https:\/\/nbwildlifefederation.org\/wp-content\/uploads\/2016\/01\/NBWF_Logo.jpg","contentUrl":"https:\/\/nbwildlifefederation.org\/wp-content\/uploads\/2016\/01\/NBWF_Logo.jpg","width":960,"height":960,"caption":"New Brunswick Wildlife Federation"},"image":{"@id":"https:\/\/nbwildlifefederation.org\/fr\/#\/schema\/logo\/image\/"}}]}},"_links":{"self":[{"href":"https:\/\/nbwildlifefederation.org\/fr\/wp-json\/wp\/v2\/pages\/6221","targetHints":{"allow":["GET"]}}],"collection":[{"href":"https:\/\/nbwildlifefederation.org\/fr\/wp-json\/wp\/v2\/pages"}],"about":[{"href":"https:\/\/nbwildlifefederation.org\/fr\/wp-json\/wp\/v2\/types\/page"}],"author":[{"embeddable":true,"href":"https:\/\/nbwildlifefederation.org\/fr\/wp-json\/wp\/v2\/users\/4"}],"replies":[{"embeddable":true,"href":"https:\/\/nbwildlifefederation.org\/fr\/wp-json\/wp\/v2\/comments?post=6221"}],"version-history":[{"count":0,"href":"https:\/\/nbwildlifefederation.org\/fr\/wp-json\/wp\/v2\/pages\/6221\/revisions"}],"up":[{"embeddable":true,"href":"https:\/\/nbwildlifefederation.org\/fr\/wp-json\/wp\/v2\/pages\/5080"}],"wp:attachment":[{"href":"https:\/\/nbwildlifefederation.org\/fr\/wp-json\/wp\/v2\/media?parent=6221"}],"curies":[{"name":"wp","href":"https:\/\/api.w.org\/{rel}","templated":true}]}}