{"id":5080,"date":"2025-05-07T16:00:28","date_gmt":"2025-05-07T19:00:28","guid":{"rendered":"http:\/\/nbwildlifefederation-org.bootuptechnology.ca\/?page_id=5080"},"modified":"2026-03-30T11:03:12","modified_gmt":"2026-03-30T14:03:12","slug":"tirage-au-sort-de-la-license-doriginal-de-collecte-de-fonds-pour-la-conservation","status":"publish","type":"page","link":"https:\/\/nbwildlifefederation.org\/fr\/collecte-de-fonds\/tirage-au-sort-de-la-license-doriginal-de-collecte-de-fonds-pour-la-conservation\/","title":{"rendered":"Tirage au sort de la license d&rsquo;original de collecte de fonds pour la conservation"},"content":{"rendered":"<div id=\"attachment_6209\" style=\"width: 950px\" class=\"wp-caption alignnone\"><a href=\"https:\/\/nbwildlifefederation.org\/wp-content\/uploads\/2026\/03\/2026_NBWF_Moose_Raffle_en.jpg\"><img loading=\"lazy\" decoding=\"async\" aria-describedby=\"caption-attachment-6209\" class=\"wp-image-6209 size-large\" src=\"https:\/\/nbwildlifefederation.org\/wp-content\/uploads\/2026\/03\/2026_NBWF_Moose_Raffle_en-1024x576.jpg\" alt=\"NBWF Moose License Raffle\" width=\"940\" height=\"529\" srcset=\"https:\/\/nbwildlifefederation.org\/wp-content\/uploads\/2026\/03\/2026_NBWF_Moose_Raffle_en-1024x576.jpg 1024w, https:\/\/nbwildlifefederation.org\/wp-content\/uploads\/2026\/03\/2026_NBWF_Moose_Raffle_en-300x169.jpg 300w, https:\/\/nbwildlifefederation.org\/wp-content\/uploads\/2026\/03\/2026_NBWF_Moose_Raffle_en-768x432.jpg 768w, https:\/\/nbwildlifefederation.org\/wp-content\/uploads\/2026\/03\/2026_NBWF_Moose_Raffle_en.jpg 1280w\" sizes=\"auto, (max-width: 940px) 100vw, 940px\" \/><\/a><p id=\"caption-attachment-6209\" class=\"wp-caption-text\"><b>Cliquez pour une image plus grande&#8230;<\/b><\/p><\/div>\n<p>&nbsp;<\/p>\n<p><span style=\"text-decoration: underline;\"><strong>Permis de chasse \u00e0 l\u2019original destin\u00e9 \u00e0 la collecte\u00a0 de fonds pour la conservation<\/strong><\/span><\/p>\n<p><strong>F<\/strong><strong>oire aux questions <\/strong><\/p>\n<p><strong>Q : Qu\u2019est-ce que le permis de chasse \u00e0 l\u2019original destin\u00e9 \u00e0 la collecte de fonds pour la conservation? <\/strong><\/p>\n<p>R : Le permis de chasse \u00e0 l\u2019original destin\u00e9 \u00e0 la collecte de fonds pour la conservation est un permis de chasse \u00e0 l\u2019orignal\u00a0 pour r\u00e9sident qui est r\u00e9serv\u00e9 \u00e0 un organisme \u00e0 but non lucratif du Nouveau-Brunswick repr\u00e9sentant la communaut\u00e9 de\u00a0 chasse et de p\u00eache. L\u2019organisme \u00e0 but non lucratif a le droit de vendre des billets comme activit\u00e9 de financement et le\u00a0 gagnant pourra acheter un permis de chasse \u00e0 l\u2019orignal, sous r\u00e9serve des m\u00eames r\u00e8gles que tout autre r\u00e9sident\u00a0 chasseur \u00e0 l\u2019original.<\/p>\n<p><strong>Q : Comment l\u2019organisme \u00e0 but non lucratif sera-t-il choisi? <\/strong><\/p>\n<p>R : L\u2019organisme \u00e0 but non lucratif peut soumettre une demande au ministre afin d\u2019\u00eatre pris en consid\u00e9ration. Il doit \u00eatre\u00a0 constitu\u00e9 en soci\u00e9t\u00e9 en vertu de la <em>Loi sur les compagnies <\/em>du Nouveau-Brunswick, \u00eatre un organisme \u00e0 but non lucratif\u00a0 et repr\u00e9senter la communaut\u00e9 de la faune et de la p\u00eache.<\/p>\n<p><strong>Q : Que dois-je faire pour participer au tirage? <\/strong><\/p>\n<p>R : Apr\u00e8s qu\u2019un organisme a \u00e9t\u00e9 choisi, le Minist\u00e8re ne participe pas directement aux activit\u00e9s de financement. Pour\u00a0 obtenir plus de renseignements, veuillez communiquer avec l\u2019organisme choisi afin de participer au tirage d\u2019un permis\u00a0 de chasse \u00e0 l\u2019original comme activit\u00e9 de financement pour un organisme de conservation. Cette ann\u00e9e, c\u2019est la\u00a0 F\u00e9d\u00e9ration de la faune du Nouveau-Brunswick, l\u2019organisme qui tiendra l\u2019activit\u00e9 de financement.<\/p>\n<p><strong>Q : Qui est admissible au tirage? <\/strong><\/p>\n<p>R : Pour avoir une chance de gagner, vous devez satisfaire \u00e0 toutes les exigences d\u2019un permis habituel de chasse \u00e0 l\u2019original\u00a0 pour r\u00e9sidents. Vous devez :<\/p>\n<ul>\n<li>Avoir votre r\u00e9sidence principale au Nouveau-Brunswick;<\/li>\n<li>\u00catre \u00e2g\u00e9 d\u2019au moins 18 ans;<\/li>\n<li>Avoir suivi avec succ\u00e8s le cours de formation \u00e0 la chasse et \u00e0 la s\u00e9curit\u00e9 dans le maniement des armes \u00e0 feu;<\/li>\n<li>Avoir une carte Plein air.<\/li>\n<\/ul>\n<p><strong>Q : Comment puis-je obtenir un num\u00e9ro de carte Plein air? <\/strong><\/p>\n<p>R : Vous pouvez vous inscrire sur le site du minist\u00e8re des Ressources naturelles et du D\u00e9veloppement de l\u2019\u00e9nergie pour\u00a0 obtenir une carte Plein air. <a href=\"https:\/\/www2.gnb.ca\/content\/gnb\/fr\/ministeres\/der\/peche-faune\/content\/SystemeElectronique\/CartePleinAir.html\" target=\"_blank\" rel=\"noopener\">Carte Plein air du Nouveau-Brunswick<\/a>.<\/p>\n<p><strong>Q : Puis-je avoir un chasseur d\u00e9sign\u00e9? <\/strong><\/p>\n<p>R :Oui, vous le pouvez. Les r\u00e8gles applicables \u00e0 un chasseur d\u00e9sign\u00e9 sont identiques aux r\u00e8gles applicables \u00e0 un chasseur\u00a0 d\u00e9sign\u00e9 en vertu d\u2019un permis pour r\u00e9sident.<\/p>\n<p><strong>Q : Et si je gagne un permis par la voie du tirage r\u00e9gulier du MRNDE? <\/strong><\/p>\n<p>R : Votre chasseur d\u00e9sign\u00e9 ou vous ne pouvez pas d\u00e9tenir deux permis de chasse \u00e0 l\u2019original au cours d\u2019une m\u00eame ann\u00e9e.\u00a0 Donc vous serez incapable de gagner le permis destin\u00e9 \u00e0 la collecte de fonds pour la conservation. L\u2019organisme \u00e0 but\u00a0 non lucratif v\u00e9rifiera l\u2019admissibilit\u00e9 du gagnant et, si vous n\u2019\u00eates pas admissible, tirera un autre nom.<\/p>\n<p><strong>Q : Est-ce qu\u2019une personne peut d\u00e9tenir deux permis de chasse \u00e0 l\u2019original au cours d\u2019une ann\u00e9e?<\/strong><\/p>\n<p>R : Non. C\u2019est ill\u00e9gal pour une personne de d\u00e9tenir plus d\u2019un permis de chasse \u00e0 l\u2019original du Nouveau-Brunswick, quel que\u00a0 soit le type, au cours d\u2019une seule ann\u00e9e.<\/p>\n<p><strong>Q: Et si mon nom est choisi. Que dois-je faire pour acheter un permis? <\/strong><\/p>\n<p>R : L\u2019organisme \u00e0 but non lucratif vous contactera pour recueillir plus de renseignements, y compris la zone d\u2019am\u00e9nagement\u00a0 de la faune o\u00f9 vous aimeriez chasser. Deux jours apr\u00e8s que l\u2019organisme a re\u00e7u vos renseignements, vous pourrez\u00a0 acheter votre permis. Vous pouvez obtenir votre permis en ligne, aupr\u00e8s d\u2019un fournisseur ou d\u2019un centre de Service\u00a0 Nouveau-Brunswick.<\/p>\n<p><strong>Q : Et si je suis incapable de chasser apr\u00e8s avoir gagn\u00e9 au tirage?<\/strong><\/p>\n<p>R : Comme dans le cas d\u2019un permis de chasse \u00e0 l\u2019original pour r\u00e9sident, le permis de chasse \u00e0 l\u2019orignal destin\u00e9 \u00e0 la collecte\u00a0 de fonds pour la conservation n\u2019est pas transf\u00e9rable et ne peut \u00eatre report\u00e9 d\u2019une ann\u00e9e \u00e0 l\u2019autre. Les r\u00e8gles applicables\u00a0 aux deux types de permis, y compris les transferts, les chasseurs d\u00e9sign\u00e9s, etc., sont identiques. Si votre nom est tir\u00e9\u00a0 et que vous \u00eates admissible, mais incapable de chasser, votre permis ne sera pas utilis\u00e9.<\/p>\n<p><strong>Q : Comment les fonds recueillis dans le cadre de l\u2019activit\u00e9 de financement seront-ils utilis\u00e9s?<\/strong><\/p>\n<p>R : Le tirage vise \u00e0 aider un organisme \u00e0 but non lucratif de la province, qui repr\u00e9sente la communaut\u00e9 de chasse et de p\u00eache, \u00e0 amasser des fonds. Ces fonds sont cens\u00e9s appuyer la promotion du sport et \u00e0 encourager les pratiques de chasse et de p\u00eache s\u00e9curitaires et fid\u00e8les \u00e0 l\u2019\u00e9thique.<\/p>\n<p><strong>Q : Quand le tirage se tiendra-t-il? <\/strong><\/p>\n<p>R : Le gagnant du tirage du permis de chasse \u00e0 l\u2019original destin\u00e9 \u00e0 la collecte de fonds pour la conservation sera s\u00e9lectionn\u00e9\u00a0 apr\u00e8s le tirage du permis de chasse \u00e0 l\u2019orignal du MRNDE. Cette mesure fera en sorte que personne ne d\u00e9tient plus d\u2019un permis de chasse \u00e0 l\u2019original au cours d\u2019une seule ann\u00e9e.<\/p>\n<p>Pour plus d&rsquo;informations, veuillez contacter Nathalie Michaud, de la F\u00e9d\u00e9ration de la Faune du Nouveau-Brunswick, au <a href=\"mailto:hunterbabe.nm@gmail.com\"><u>hunterbabe.nm@gmail.com<\/u><\/a>.<\/p>\n","protected":false},"excerpt":{"rendered":"<p>&nbsp; Permis de chasse \u00e0 l\u2019original destin\u00e9 \u00e0 la collecte\u00a0 de fonds pour la conservation Foire aux questions Q : Qu\u2019est-ce que le permis de chasse \u00e0 l\u2019original destin\u00e9 \u00e0 la collecte de fonds pour la conservation? R : Le <span class=\"excerpt-dots\">&hellip;<\/span> <a class=\"more-link\" href=\"https:\/\/nbwildlifefederation.org\/fr\/collecte-de-fonds\/tirage-au-sort-de-la-license-doriginal-de-collecte-de-fonds-pour-la-conservation\/\"><span class=\"more-msg\">Lire la suite &rarr;<\/span><\/a><\/p>\n","protected":false},"author":4,"featured_media":0,"parent":2982,"menu_order":3,"comment_status":"closed","ping_status":"closed","template":"","meta":{"footnotes":""},"class_list":["post-5080","page","type-page","status-publish","hentry"],"yoast_head":"<!-- This site is optimized with the Yoast SEO plugin v27.3 - https:\/\/yoast.com\/product\/yoast-seo-wordpress\/ -->\n<title>Tirage au sort de la license d&#039;original de collecte de fonds pour la conservation - La F\u00e9d\u00e9ration de la Faune du Nouveau Brunswick<\/title>\n<meta name=\"robots\" content=\"index, follow, max-snippet:-1, max-image-preview:large, max-video-preview:-1\" \/>\n<link rel=\"canonical\" href=\"https:\/\/nbwildlifefederation.org\/fr\/collecte-de-fonds\/tirage-au-sort-de-la-license-doriginal-de-collecte-de-fonds-pour-la-conservation\/\" \/>\n<meta property=\"og:locale\" content=\"fr_FR\" \/>\n<meta property=\"og:type\" content=\"article\" \/>\n<meta property=\"og:title\" content=\"Tirage au sort de la license d&#039;original de collecte de fonds pour la conservation - La F\u00e9d\u00e9ration de la Faune du Nouveau Brunswick\" \/>\n<meta property=\"og:description\" content=\"&nbsp; Permis de chasse \u00e0 l\u2019original destin\u00e9 \u00e0 la collecte\u00a0 de fonds pour la conservation Foire aux questions Q : Qu\u2019est-ce que le permis de chasse \u00e0 l\u2019original destin\u00e9 \u00e0 la collecte de fonds pour la conservation? R : Le &hellip; Lire la suite &rarr;\" \/>\n<meta property=\"og:url\" content=\"https:\/\/nbwildlifefederation.org\/fr\/collecte-de-fonds\/tirage-au-sort-de-la-license-doriginal-de-collecte-de-fonds-pour-la-conservation\/\" \/>\n<meta property=\"og:site_name\" content=\"La F\u00e9d\u00e9ration de la Faune du Nouveau Brunswick\" \/>\n<meta property=\"article:modified_time\" content=\"2026-03-30T14:03:12+00:00\" \/>\n<meta property=\"og:image\" content=\"https:\/\/nbwildlifefederation.org\/wp-content\/uploads\/2025\/05\/2025_NBWF_Moose_Raffle_en.jpg\" \/>\n\t<meta property=\"og:image:width\" content=\"1280\" \/>\n\t<meta property=\"og:image:height\" content=\"720\" \/>\n\t<meta property=\"og:image:type\" content=\"image\/jpeg\" \/>\n<meta name=\"twitter:card\" content=\"summary_large_image\" \/>\n<meta name=\"twitter:label1\" content=\"Dur\u00e9e de lecture estim\u00e9e\" \/>\n\t<meta name=\"twitter:data1\" content=\"4 minutes\" \/>\n<script type=\"application\/ld+json\" class=\"yoast-schema-graph\">{\"@context\":\"https:\\\/\\\/schema.org\",\"@graph\":[{\"@type\":\"WebPage\",\"@id\":\"https:\\\/\\\/nbwildlifefederation.org\\\/fr\\\/collecte-de-fonds\\\/tirage-au-sort-de-la-license-doriginal-de-collecte-de-fonds-pour-la-conservation\\\/\",\"url\":\"https:\\\/\\\/nbwildlifefederation.org\\\/fr\\\/collecte-de-fonds\\\/tirage-au-sort-de-la-license-doriginal-de-collecte-de-fonds-pour-la-conservation\\\/\",\"name\":\"Tirage au sort de la license d'original de collecte de fonds pour la conservation - La F\u00e9d\u00e9ration de la Faune du Nouveau Brunswick\",\"isPartOf\":{\"@id\":\"https:\\\/\\\/nbwildlifefederation.org\\\/fr\\\/#website\"},\"primaryImageOfPage\":{\"@id\":\"https:\\\/\\\/nbwildlifefederation.org\\\/fr\\\/collecte-de-fonds\\\/tirage-au-sort-de-la-license-doriginal-de-collecte-de-fonds-pour-la-conservation\\\/#primaryimage\"},\"image\":{\"@id\":\"https:\\\/\\\/nbwildlifefederation.org\\\/fr\\\/collecte-de-fonds\\\/tirage-au-sort-de-la-license-doriginal-de-collecte-de-fonds-pour-la-conservation\\\/#primaryimage\"},\"thumbnailUrl\":\"https:\\\/\\\/nbwildlifefederation.org\\\/wp-content\\\/uploads\\\/2026\\\/03\\\/2026_NBWF_Moose_Raffle_en-1024x576.jpg\",\"datePublished\":\"2025-05-07T19:00:28+00:00\",\"dateModified\":\"2026-03-30T14:03:12+00:00\",\"breadcrumb\":{\"@id\":\"https:\\\/\\\/nbwildlifefederation.org\\\/fr\\\/collecte-de-fonds\\\/tirage-au-sort-de-la-license-doriginal-de-collecte-de-fonds-pour-la-conservation\\\/#breadcrumb\"},\"inLanguage\":\"fr-FR\",\"potentialAction\":[{\"@type\":\"ReadAction\",\"target\":[\"https:\\\/\\\/nbwildlifefederation.org\\\/fr\\\/collecte-de-fonds\\\/tirage-au-sort-de-la-license-doriginal-de-collecte-de-fonds-pour-la-conservation\\\/\"]}]},{\"@type\":\"ImageObject\",\"inLanguage\":\"fr-FR\",\"@id\":\"https:\\\/\\\/nbwildlifefederation.org\\\/fr\\\/collecte-de-fonds\\\/tirage-au-sort-de-la-license-doriginal-de-collecte-de-fonds-pour-la-conservation\\\/#primaryimage\",\"url\":\"https:\\\/\\\/nbwildlifefederation.org\\\/wp-content\\\/uploads\\\/2026\\\/03\\\/2026_NBWF_Moose_Raffle_en-1024x576.jpg\",\"contentUrl\":\"https:\\\/\\\/nbwildlifefederation.org\\\/wp-content\\\/uploads\\\/2026\\\/03\\\/2026_NBWF_Moose_Raffle_en-1024x576.jpg\"},{\"@type\":\"BreadcrumbList\",\"@id\":\"https:\\\/\\\/nbwildlifefederation.org\\\/fr\\\/collecte-de-fonds\\\/tirage-au-sort-de-la-license-doriginal-de-collecte-de-fonds-pour-la-conservation\\\/#breadcrumb\",\"itemListElement\":[{\"@type\":\"ListItem\",\"position\":1,\"name\":\"Home\",\"item\":\"https:\\\/\\\/nbwildlifefederation.org\\\/fr\\\/\"},{\"@type\":\"ListItem\",\"position\":2,\"name\":\"Collecte de fonds\",\"item\":\"https:\\\/\\\/nbwildlifefederation.org\\\/fr\\\/collecte-de-fonds\\\/\"},{\"@type\":\"ListItem\",\"position\":3,\"name\":\"Tirage au sort de la license d&#8217;original de collecte de fonds pour la conservation\"}]},{\"@type\":\"WebSite\",\"@id\":\"https:\\\/\\\/nbwildlifefederation.org\\\/fr\\\/#website\",\"url\":\"https:\\\/\\\/nbwildlifefederation.org\\\/fr\\\/\",\"name\":\"La F\u00e9d\u00e9ration de la Faune du Nouveau Brunswick\",\"description\":\"Repr\u00e9senter les pr\u00e9occupations de la personne Sports de plein air.\",\"publisher\":{\"@id\":\"https:\\\/\\\/nbwildlifefederation.org\\\/fr\\\/#organization\"},\"potentialAction\":[{\"@type\":\"SearchAction\",\"target\":{\"@type\":\"EntryPoint\",\"urlTemplate\":\"https:\\\/\\\/nbwildlifefederation.org\\\/fr\\\/?s={search_term_string}\"},\"query-input\":{\"@type\":\"PropertyValueSpecification\",\"valueRequired\":true,\"valueName\":\"search_term_string\"}}],\"inLanguage\":\"fr-FR\"},{\"@type\":\"Organization\",\"@id\":\"https:\\\/\\\/nbwildlifefederation.org\\\/fr\\\/#organization\",\"name\":\"New Brunswick Wildlife Federation\",\"url\":\"https:\\\/\\\/nbwildlifefederation.org\\\/fr\\\/\",\"logo\":{\"@type\":\"ImageObject\",\"inLanguage\":\"fr-FR\",\"@id\":\"https:\\\/\\\/nbwildlifefederation.org\\\/fr\\\/#\\\/schema\\\/logo\\\/image\\\/\",\"url\":\"https:\\\/\\\/nbwildlifefederation.org\\\/wp-content\\\/uploads\\\/2016\\\/01\\\/NBWF_Logo.jpg\",\"contentUrl\":\"https:\\\/\\\/nbwildlifefederation.org\\\/wp-content\\\/uploads\\\/2016\\\/01\\\/NBWF_Logo.jpg\",\"width\":960,\"height\":960,\"caption\":\"New Brunswick Wildlife Federation\"},\"image\":{\"@id\":\"https:\\\/\\\/nbwildlifefederation.org\\\/fr\\\/#\\\/schema\\\/logo\\\/image\\\/\"}}]}<\/script>\n<!-- \/ Yoast SEO plugin. -->","yoast_head_json":{"title":"Tirage au sort de la license d'original de collecte de fonds pour la conservation - La F\u00e9d\u00e9ration de la Faune du Nouveau Brunswick","robots":{"index":"index","follow":"follow","max-snippet":"max-snippet:-1","max-image-preview":"max-image-preview:large","max-video-preview":"max-video-preview:-1"},"canonical":"https:\/\/nbwildlifefederation.org\/fr\/collecte-de-fonds\/tirage-au-sort-de-la-license-doriginal-de-collecte-de-fonds-pour-la-conservation\/","og_locale":"fr_FR","og_type":"article","og_title":"Tirage au sort de la license d'original de collecte de fonds pour la conservation - La F\u00e9d\u00e9ration de la Faune du Nouveau Brunswick","og_description":"&nbsp; Permis de chasse \u00e0 l\u2019original destin\u00e9 \u00e0 la collecte\u00a0 de fonds pour la conservation Foire aux questions Q : Qu\u2019est-ce que le permis de chasse \u00e0 l\u2019original destin\u00e9 \u00e0 la collecte de fonds pour la conservation? R : Le &hellip; Lire la suite &rarr;","og_url":"https:\/\/nbwildlifefederation.org\/fr\/collecte-de-fonds\/tirage-au-sort-de-la-license-doriginal-de-collecte-de-fonds-pour-la-conservation\/","og_site_name":"La F\u00e9d\u00e9ration de la Faune du Nouveau Brunswick","article_modified_time":"2026-03-30T14:03:12+00:00","og_image":[{"width":1280,"height":720,"url":"https:\/\/nbwildlifefederation.org\/wp-content\/uploads\/2025\/05\/2025_NBWF_Moose_Raffle_en.jpg","type":"image\/jpeg"}],"twitter_card":"summary_large_image","twitter_misc":{"Dur\u00e9e de lecture estim\u00e9e":"4 minutes"},"schema":{"@context":"https:\/\/schema.org","@graph":[{"@type":"WebPage","@id":"https:\/\/nbwildlifefederation.org\/fr\/collecte-de-fonds\/tirage-au-sort-de-la-license-doriginal-de-collecte-de-fonds-pour-la-conservation\/","url":"https:\/\/nbwildlifefederation.org\/fr\/collecte-de-fonds\/tirage-au-sort-de-la-license-doriginal-de-collecte-de-fonds-pour-la-conservation\/","name":"Tirage au sort de la license d'original de collecte de fonds pour la conservation - La F\u00e9d\u00e9ration de la Faune du Nouveau Brunswick","isPartOf":{"@id":"https:\/\/nbwildlifefederation.org\/fr\/#website"},"primaryImageOfPage":{"@id":"https:\/\/nbwildlifefederation.org\/fr\/collecte-de-fonds\/tirage-au-sort-de-la-license-doriginal-de-collecte-de-fonds-pour-la-conservation\/#primaryimage"},"image":{"@id":"https:\/\/nbwildlifefederation.org\/fr\/collecte-de-fonds\/tirage-au-sort-de-la-license-doriginal-de-collecte-de-fonds-pour-la-conservation\/#primaryimage"},"thumbnailUrl":"https:\/\/nbwildlifefederation.org\/wp-content\/uploads\/2026\/03\/2026_NBWF_Moose_Raffle_en-1024x576.jpg","datePublished":"2025-05-07T19:00:28+00:00","dateModified":"2026-03-30T14:03:12+00:00","breadcrumb":{"@id":"https:\/\/nbwildlifefederation.org\/fr\/collecte-de-fonds\/tirage-au-sort-de-la-license-doriginal-de-collecte-de-fonds-pour-la-conservation\/#breadcrumb"},"inLanguage":"fr-FR","potentialAction":[{"@type":"ReadAction","target":["https:\/\/nbwildlifefederation.org\/fr\/collecte-de-fonds\/tirage-au-sort-de-la-license-doriginal-de-collecte-de-fonds-pour-la-conservation\/"]}]},{"@type":"ImageObject","inLanguage":"fr-FR","@id":"https:\/\/nbwildlifefederation.org\/fr\/collecte-de-fonds\/tirage-au-sort-de-la-license-doriginal-de-collecte-de-fonds-pour-la-conservation\/#primaryimage","url":"https:\/\/nbwildlifefederation.org\/wp-content\/uploads\/2026\/03\/2026_NBWF_Moose_Raffle_en-1024x576.jpg","contentUrl":"https:\/\/nbwildlifefederation.org\/wp-content\/uploads\/2026\/03\/2026_NBWF_Moose_Raffle_en-1024x576.jpg"},{"@type":"BreadcrumbList","@id":"https:\/\/nbwildlifefederation.org\/fr\/collecte-de-fonds\/tirage-au-sort-de-la-license-doriginal-de-collecte-de-fonds-pour-la-conservation\/#breadcrumb","itemListElement":[{"@type":"ListItem","position":1,"name":"Home","item":"https:\/\/nbwildlifefederation.org\/fr\/"},{"@type":"ListItem","position":2,"name":"Collecte de fonds","item":"https:\/\/nbwildlifefederation.org\/fr\/collecte-de-fonds\/"},{"@type":"ListItem","position":3,"name":"Tirage au sort de la license d&#8217;original de collecte de fonds pour la conservation"}]},{"@type":"WebSite","@id":"https:\/\/nbwildlifefederation.org\/fr\/#website","url":"https:\/\/nbwildlifefederation.org\/fr\/","name":"La F\u00e9d\u00e9ration de la Faune du Nouveau Brunswick","description":"Repr\u00e9senter les pr\u00e9occupations de la personne Sports de plein air.","publisher":{"@id":"https:\/\/nbwildlifefederation.org\/fr\/#organization"},"potentialAction":[{"@type":"SearchAction","target":{"@type":"EntryPoint","urlTemplate":"https:\/\/nbwildlifefederation.org\/fr\/?s={search_term_string}"},"query-input":{"@type":"PropertyValueSpecification","valueRequired":true,"valueName":"search_term_string"}}],"inLanguage":"fr-FR"},{"@type":"Organization","@id":"https:\/\/nbwildlifefederation.org\/fr\/#organization","name":"New Brunswick Wildlife Federation","url":"https:\/\/nbwildlifefederation.org\/fr\/","logo":{"@type":"ImageObject","inLanguage":"fr-FR","@id":"https:\/\/nbwildlifefederation.org\/fr\/#\/schema\/logo\/image\/","url":"https:\/\/nbwildlifefederation.org\/wp-content\/uploads\/2016\/01\/NBWF_Logo.jpg","contentUrl":"https:\/\/nbwildlifefederation.org\/wp-content\/uploads\/2016\/01\/NBWF_Logo.jpg","width":960,"height":960,"caption":"New Brunswick Wildlife Federation"},"image":{"@id":"https:\/\/nbwildlifefederation.org\/fr\/#\/schema\/logo\/image\/"}}]}},"_links":{"self":[{"href":"https:\/\/nbwildlifefederation.org\/fr\/wp-json\/wp\/v2\/pages\/5080","targetHints":{"allow":["GET"]}}],"collection":[{"href":"https:\/\/nbwildlifefederation.org\/fr\/wp-json\/wp\/v2\/pages"}],"about":[{"href":"https:\/\/nbwildlifefederation.org\/fr\/wp-json\/wp\/v2\/types\/page"}],"author":[{"embeddable":true,"href":"https:\/\/nbwildlifefederation.org\/fr\/wp-json\/wp\/v2\/users\/4"}],"replies":[{"embeddable":true,"href":"https:\/\/nbwildlifefederation.org\/fr\/wp-json\/wp\/v2\/comments?post=5080"}],"version-history":[{"count":0,"href":"https:\/\/nbwildlifefederation.org\/fr\/wp-json\/wp\/v2\/pages\/5080\/revisions"}],"up":[{"embeddable":true,"href":"https:\/\/nbwildlifefederation.org\/fr\/wp-json\/wp\/v2\/pages\/2982"}],"wp:attachment":[{"href":"https:\/\/nbwildlifefederation.org\/fr\/wp-json\/wp\/v2\/media?parent=5080"}],"curies":[{"name":"wp","href":"https:\/\/api.w.org\/{rel}","templated":true}]}}