{"id":4435,"date":"2025-03-10T08:00:56","date_gmt":"2025-03-10T11:00:56","guid":{"rendered":"http:\/\/nbwildlifefederation-org.bootuptechnology.ca\/governance\/nbwf-proxy-form\/"},"modified":"2025-03-10T14:39:17","modified_gmt":"2025-03-10T17:39:17","slug":"nbwf-proxy-form","status":"publish","type":"page","link":"https:\/\/nbwildlifefederation.org\/fr\/governance\/nbwf-proxy-form\/","title":{"rendered":"FFNB Formulaire de procuration"},"content":{"rendered":"<p>Ce formulaire doit \u00eatre \u00e9crit \u00e0 la main par le directeur\/membre de l\u2019ex\u00e9cutive.<\/p>\n<p><a href=\"https:\/\/nbwildlifefederation.org\/wp-content\/uploads\/2025\/03\/NBWF_Proxy_Form_2025.pdf\" target=\"_blank\" rel=\"noopener noreferrer\">FFNB Formulaire de procuration&#8230;<\/a><\/p>\n","protected":false},"excerpt":{"rendered":"<p>Ce formulaire doit \u00eatre \u00e9crit \u00e0 la main par le directeur\/membre de l\u2019ex\u00e9cutive. FFNB Formulaire de procuration&#8230;<\/p>\n <a class=\"more-link\" href=\"https:\/\/nbwildlifefederation.org\/fr\/governance\/nbwf-proxy-form\/\"><span class=\"more-msg\">Lire la suite &rarr;<\/span><\/a>","protected":false},"author":4,"featured_media":0,"parent":1521,"menu_order":5,"comment_status":"closed","ping_status":"closed","template":"","meta":{"footnotes":""},"class_list":["post-4435","page","type-page","status-publish","hentry"],"yoast_head":"<!-- This site is optimized with the Yoast SEO plugin v27.3 - https:\/\/yoast.com\/product\/yoast-seo-wordpress\/ -->\n<title>FFNB Formulaire de procuration - La F\u00e9d\u00e9ration de la Faune du Nouveau Brunswick<\/title>\n<meta name=\"robots\" content=\"index, follow, max-snippet:-1, max-image-preview:large, max-video-preview:-1\" \/>\n<link rel=\"canonical\" href=\"https:\/\/nbwildlifefederation.org\/fr\/governance\/nbwf-proxy-form\/\" \/>\n<meta property=\"og:locale\" content=\"fr_FR\" \/>\n<meta property=\"og:type\" content=\"article\" \/>\n<meta property=\"og:title\" content=\"FFNB Formulaire de procuration - La F\u00e9d\u00e9ration de la Faune du Nouveau Brunswick\" \/>\n<meta property=\"og:description\" content=\"Ce formulaire doit \u00eatre \u00e9crit \u00e0 la main par le directeur\/membre de l\u2019ex\u00e9cutive. FFNB Formulaire de procuration&#8230;\" \/>\n<meta property=\"og:url\" content=\"https:\/\/nbwildlifefederation.org\/fr\/governance\/nbwf-proxy-form\/\" \/>\n<meta property=\"og:site_name\" content=\"La F\u00e9d\u00e9ration de la Faune du Nouveau Brunswick\" \/>\n<meta property=\"article:modified_time\" content=\"2025-03-10T17:39:17+00:00\" \/>\n<meta name=\"twitter:card\" content=\"summary_large_image\" \/>\n<script type=\"application\/ld+json\" class=\"yoast-schema-graph\">{\"@context\":\"https:\\\/\\\/schema.org\",\"@graph\":[{\"@type\":\"WebPage\",\"@id\":\"https:\\\/\\\/nbwildlifefederation.org\\\/fr\\\/governance\\\/nbwf-proxy-form\\\/\",\"url\":\"https:\\\/\\\/nbwildlifefederation.org\\\/fr\\\/governance\\\/nbwf-proxy-form\\\/\",\"name\":\"FFNB Formulaire de procuration - La F\u00e9d\u00e9ration de la Faune du Nouveau Brunswick\",\"isPartOf\":{\"@id\":\"https:\\\/\\\/nbwildlifefederation.org\\\/fr\\\/#website\"},\"datePublished\":\"2025-03-10T11:00:56+00:00\",\"dateModified\":\"2025-03-10T17:39:17+00:00\",\"breadcrumb\":{\"@id\":\"https:\\\/\\\/nbwildlifefederation.org\\\/fr\\\/governance\\\/nbwf-proxy-form\\\/#breadcrumb\"},\"inLanguage\":\"fr-FR\",\"potentialAction\":[{\"@type\":\"ReadAction\",\"target\":[\"https:\\\/\\\/nbwildlifefederation.org\\\/fr\\\/governance\\\/nbwf-proxy-form\\\/\"]}]},{\"@type\":\"BreadcrumbList\",\"@id\":\"https:\\\/\\\/nbwildlifefederation.org\\\/fr\\\/governance\\\/nbwf-proxy-form\\\/#breadcrumb\",\"itemListElement\":[{\"@type\":\"ListItem\",\"position\":1,\"name\":\"Home\",\"item\":\"https:\\\/\\\/nbwildlifefederation.org\\\/fr\\\/\"},{\"@type\":\"ListItem\",\"position\":2,\"name\":\"Gouvernance\",\"item\":\"https:\\\/\\\/nbwildlifefederation.org\\\/fr\\\/governance\\\/\"},{\"@type\":\"ListItem\",\"position\":3,\"name\":\"FFNB Formulaire de procuration\"}]},{\"@type\":\"WebSite\",\"@id\":\"https:\\\/\\\/nbwildlifefederation.org\\\/fr\\\/#website\",\"url\":\"https:\\\/\\\/nbwildlifefederation.org\\\/fr\\\/\",\"name\":\"La F\u00e9d\u00e9ration de la Faune du Nouveau Brunswick\",\"description\":\"Repr\u00e9senter les pr\u00e9occupations de la personne Sports de plein air.\",\"publisher\":{\"@id\":\"https:\\\/\\\/nbwildlifefederation.org\\\/fr\\\/#organization\"},\"potentialAction\":[{\"@type\":\"SearchAction\",\"target\":{\"@type\":\"EntryPoint\",\"urlTemplate\":\"https:\\\/\\\/nbwildlifefederation.org\\\/fr\\\/?s={search_term_string}\"},\"query-input\":{\"@type\":\"PropertyValueSpecification\",\"valueRequired\":true,\"valueName\":\"search_term_string\"}}],\"inLanguage\":\"fr-FR\"},{\"@type\":\"Organization\",\"@id\":\"https:\\\/\\\/nbwildlifefederation.org\\\/fr\\\/#organization\",\"name\":\"New Brunswick Wildlife Federation\",\"url\":\"https:\\\/\\\/nbwildlifefederation.org\\\/fr\\\/\",\"logo\":{\"@type\":\"ImageObject\",\"inLanguage\":\"fr-FR\",\"@id\":\"https:\\\/\\\/nbwildlifefederation.org\\\/fr\\\/#\\\/schema\\\/logo\\\/image\\\/\",\"url\":\"https:\\\/\\\/nbwildlifefederation.org\\\/wp-content\\\/uploads\\\/2016\\\/01\\\/NBWF_Logo.jpg\",\"contentUrl\":\"https:\\\/\\\/nbwildlifefederation.org\\\/wp-content\\\/uploads\\\/2016\\\/01\\\/NBWF_Logo.jpg\",\"width\":960,\"height\":960,\"caption\":\"New Brunswick Wildlife Federation\"},\"image\":{\"@id\":\"https:\\\/\\\/nbwildlifefederation.org\\\/fr\\\/#\\\/schema\\\/logo\\\/image\\\/\"}}]}<\/script>\n<!-- \/ Yoast SEO plugin. -->","yoast_head_json":{"title":"FFNB Formulaire de procuration - La F\u00e9d\u00e9ration de la Faune du Nouveau Brunswick","robots":{"index":"index","follow":"follow","max-snippet":"max-snippet:-1","max-image-preview":"max-image-preview:large","max-video-preview":"max-video-preview:-1"},"canonical":"https:\/\/nbwildlifefederation.org\/fr\/governance\/nbwf-proxy-form\/","og_locale":"fr_FR","og_type":"article","og_title":"FFNB Formulaire de procuration - La F\u00e9d\u00e9ration de la Faune du Nouveau Brunswick","og_description":"Ce formulaire doit \u00eatre \u00e9crit \u00e0 la main par le directeur\/membre de l\u2019ex\u00e9cutive. FFNB Formulaire de procuration&#8230;","og_url":"https:\/\/nbwildlifefederation.org\/fr\/governance\/nbwf-proxy-form\/","og_site_name":"La F\u00e9d\u00e9ration de la Faune du Nouveau Brunswick","article_modified_time":"2025-03-10T17:39:17+00:00","twitter_card":"summary_large_image","schema":{"@context":"https:\/\/schema.org","@graph":[{"@type":"WebPage","@id":"https:\/\/nbwildlifefederation.org\/fr\/governance\/nbwf-proxy-form\/","url":"https:\/\/nbwildlifefederation.org\/fr\/governance\/nbwf-proxy-form\/","name":"FFNB Formulaire de procuration - La F\u00e9d\u00e9ration de la Faune du Nouveau Brunswick","isPartOf":{"@id":"https:\/\/nbwildlifefederation.org\/fr\/#website"},"datePublished":"2025-03-10T11:00:56+00:00","dateModified":"2025-03-10T17:39:17+00:00","breadcrumb":{"@id":"https:\/\/nbwildlifefederation.org\/fr\/governance\/nbwf-proxy-form\/#breadcrumb"},"inLanguage":"fr-FR","potentialAction":[{"@type":"ReadAction","target":["https:\/\/nbwildlifefederation.org\/fr\/governance\/nbwf-proxy-form\/"]}]},{"@type":"BreadcrumbList","@id":"https:\/\/nbwildlifefederation.org\/fr\/governance\/nbwf-proxy-form\/#breadcrumb","itemListElement":[{"@type":"ListItem","position":1,"name":"Home","item":"https:\/\/nbwildlifefederation.org\/fr\/"},{"@type":"ListItem","position":2,"name":"Gouvernance","item":"https:\/\/nbwildlifefederation.org\/fr\/governance\/"},{"@type":"ListItem","position":3,"name":"FFNB Formulaire de procuration"}]},{"@type":"WebSite","@id":"https:\/\/nbwildlifefederation.org\/fr\/#website","url":"https:\/\/nbwildlifefederation.org\/fr\/","name":"La F\u00e9d\u00e9ration de la Faune du Nouveau Brunswick","description":"Repr\u00e9senter les pr\u00e9occupations de la personne Sports de plein air.","publisher":{"@id":"https:\/\/nbwildlifefederation.org\/fr\/#organization"},"potentialAction":[{"@type":"SearchAction","target":{"@type":"EntryPoint","urlTemplate":"https:\/\/nbwildlifefederation.org\/fr\/?s={search_term_string}"},"query-input":{"@type":"PropertyValueSpecification","valueRequired":true,"valueName":"search_term_string"}}],"inLanguage":"fr-FR"},{"@type":"Organization","@id":"https:\/\/nbwildlifefederation.org\/fr\/#organization","name":"New Brunswick Wildlife Federation","url":"https:\/\/nbwildlifefederation.org\/fr\/","logo":{"@type":"ImageObject","inLanguage":"fr-FR","@id":"https:\/\/nbwildlifefederation.org\/fr\/#\/schema\/logo\/image\/","url":"https:\/\/nbwildlifefederation.org\/wp-content\/uploads\/2016\/01\/NBWF_Logo.jpg","contentUrl":"https:\/\/nbwildlifefederation.org\/wp-content\/uploads\/2016\/01\/NBWF_Logo.jpg","width":960,"height":960,"caption":"New Brunswick Wildlife Federation"},"image":{"@id":"https:\/\/nbwildlifefederation.org\/fr\/#\/schema\/logo\/image\/"}}]}},"_links":{"self":[{"href":"https:\/\/nbwildlifefederation.org\/fr\/wp-json\/wp\/v2\/pages\/4435","targetHints":{"allow":["GET"]}}],"collection":[{"href":"https:\/\/nbwildlifefederation.org\/fr\/wp-json\/wp\/v2\/pages"}],"about":[{"href":"https:\/\/nbwildlifefederation.org\/fr\/wp-json\/wp\/v2\/types\/page"}],"author":[{"embeddable":true,"href":"https:\/\/nbwildlifefederation.org\/fr\/wp-json\/wp\/v2\/users\/4"}],"replies":[{"embeddable":true,"href":"https:\/\/nbwildlifefederation.org\/fr\/wp-json\/wp\/v2\/comments?post=4435"}],"version-history":[{"count":0,"href":"https:\/\/nbwildlifefederation.org\/fr\/wp-json\/wp\/v2\/pages\/4435\/revisions"}],"up":[{"embeddable":true,"href":"https:\/\/nbwildlifefederation.org\/fr\/wp-json\/wp\/v2\/pages\/1521"}],"wp:attachment":[{"href":"https:\/\/nbwildlifefederation.org\/fr\/wp-json\/wp\/v2\/media?parent=4435"}],"curies":[{"name":"wp","href":"https:\/\/api.w.org\/{rel}","templated":true}]}}