{"id":3855,"date":"2025-04-07T08:00:05","date_gmt":"2025-04-07T11:00:05","guid":{"rendered":"http:\/\/nbwildlifefederation-org.bootuptechnology.ca\/programmes\/bow\/"},"modified":"2025-05-21T09:43:19","modified_gmt":"2025-05-21T12:43:19","slug":"bow","status":"publish","type":"page","link":"https:\/\/nbwildlifefederation.org\/fr\/programmes\/bow\/","title":{"rendered":"Becoming an Outdoors Woman"},"content":{"rendered":"<p><a href=\"https:\/\/nbwildlifefederation.org\/wp-content\/uploads\/2025\/03\/2025_BOW_Brochure.pdf\" target=\"_blank\" rel=\"noopener\"><img loading=\"lazy\" decoding=\"async\" class=\"alignnone wp-image-5891 size-full\" src=\"https:\/\/nbwildlifefederation.org\/wp-content\/uploads\/2025\/04\/2025_BOW_Registration_Closed.jpg\" alt=\"2025 NBWF BOW Registrations are now closed.\" width=\"727\" height=\"495\" srcset=\"https:\/\/nbwildlifefederation.org\/wp-content\/uploads\/2025\/04\/2025_BOW_Registration_Closed.jpg 727w, https:\/\/nbwildlifefederation.org\/wp-content\/uploads\/2025\/04\/2025_BOW_Registration_Closed-300x204.jpg 300w\" sizes=\"auto, (max-width: 727px) 100vw, 727px\" \/><\/a><\/p>\n<hr \/>\n<h2>Learn More About the BOW Program<\/h2>\n<p><a href=\"https:\/\/www.facebook.com\/193622500711903\/videos\/1952465144827621\/\" target=\"_blank\" rel=\"noopener noreferrer\"><img loading=\"lazy\" decoding=\"async\" class=\"aligncenter wp-image-3430 size-full\" src=\"https:\/\/nbwildlifefederation.org\/wp-content\/uploads\/2018\/06\/NBWF_BOW_Promotion.jpg\" alt=\"Becoming an Outdoors Woman in NB\" width=\"688\" height=\"387\" srcset=\"https:\/\/nbwildlifefederation.org\/wp-content\/uploads\/2018\/06\/NBWF_BOW_Promotion.jpg 688w, https:\/\/nbwildlifefederation.org\/wp-content\/uploads\/2018\/06\/NBWF_BOW_Promotion-300x169.jpg 300w, https:\/\/nbwildlifefederation.org\/wp-content\/uploads\/2018\/06\/NBWF_BOW_Promotion-500x281.jpg 500w\" sizes=\"auto, (max-width: 688px) 100vw, 688px\" \/><\/a><\/p>\n<hr \/>\n<p>For more information on the BOW program, please contact the <a title=\"BOW Committee Contact\" href=\"http:\/\/nbwildlifefederation-org.bootuptechnology.ca\/governance\/committees\/#bow-committee\">BOW committee<\/a> or find us on Facebook.<\/p>\n<p><a title=\"NBWF BOW on Facebook\" href=\"https:\/\/www.facebook.com\/pages\/Becoming-an-Outdoors-Woman-in-NB\/193622500711903\" target=\"_blank\" rel=\"noopener noreferrer\"><img loading=\"lazy\" decoding=\"async\" class=\"alignnone size-medium wp-image-2249\" src=\"https:\/\/nbwildlifefederation.org\/wp-content\/uploads\/2015\/01\/Find-us-on-facebook-300x90.jpg\" alt=\"Find-us-on-facebook\" width=\"300\" height=\"90\" srcset=\"https:\/\/nbwildlifefederation.org\/wp-content\/uploads\/2015\/01\/Find-us-on-facebook-300x90.jpg 300w, https:\/\/nbwildlifefederation.org\/wp-content\/uploads\/2015\/01\/Find-us-on-facebook.jpg 410w\" sizes=\"auto, (max-width: 300px) 100vw, 300px\" \/><\/a><\/p>\n<hr \/>\n","protected":false},"excerpt":{"rendered":"<p>Learn More About the BOW Program For more information on the BOW program, please contact the BOW committee or find us on Facebook.<\/p>\n <a class=\"more-link\" href=\"https:\/\/nbwildlifefederation.org\/fr\/programmes\/bow\/\"><span class=\"more-msg\">Lire la suite &rarr;<\/span><\/a>","protected":false},"author":4,"featured_media":0,"parent":1841,"menu_order":1,"comment_status":"closed","ping_status":"closed","template":"","meta":{"footnotes":""},"class_list":["post-3855","page","type-page","status-publish","hentry"],"yoast_head":"<!-- This site is optimized with the Yoast SEO plugin v27.3 - https:\/\/yoast.com\/product\/yoast-seo-wordpress\/ -->\n<title>Becoming an Outdoors Woman - La F\u00e9d\u00e9ration de la Faune du Nouveau Brunswick<\/title>\n<meta name=\"robots\" content=\"index, follow, max-snippet:-1, max-image-preview:large, max-video-preview:-1\" \/>\n<link rel=\"canonical\" href=\"https:\/\/nbwildlifefederation.org\/fr\/programmes\/bow\/\" \/>\n<meta property=\"og:locale\" content=\"fr_FR\" \/>\n<meta property=\"og:type\" content=\"article\" \/>\n<meta property=\"og:title\" content=\"Becoming an Outdoors Woman - La F\u00e9d\u00e9ration de la Faune du Nouveau Brunswick\" \/>\n<meta property=\"og:description\" content=\"Learn More About the BOW Program For more information on the BOW program, please contact the BOW committee or find us on Facebook.\" \/>\n<meta property=\"og:url\" content=\"https:\/\/nbwildlifefederation.org\/fr\/programmes\/bow\/\" \/>\n<meta property=\"og:site_name\" content=\"La F\u00e9d\u00e9ration de la Faune du Nouveau Brunswick\" \/>\n<meta property=\"article:modified_time\" content=\"2025-05-21T12:43:19+00:00\" \/>\n<meta property=\"og:image\" content=\"https:\/\/nbwildlifefederation.org\/wp-content\/uploads\/2025\/04\/2025_BOW_Registration_Closed.jpg\" \/>\n\t<meta property=\"og:image:width\" content=\"727\" \/>\n\t<meta property=\"og:image:height\" content=\"495\" \/>\n\t<meta property=\"og:image:type\" content=\"image\/jpeg\" \/>\n<meta name=\"twitter:card\" content=\"summary_large_image\" \/>\n<meta name=\"twitter:label1\" content=\"Dur\u00e9e de lecture estim\u00e9e\" \/>\n\t<meta name=\"twitter:data1\" content=\"1 minute\" \/>\n<script type=\"application\/ld+json\" class=\"yoast-schema-graph\">{\"@context\":\"https:\\\/\\\/schema.org\",\"@graph\":[{\"@type\":\"WebPage\",\"@id\":\"https:\\\/\\\/nbwildlifefederation.org\\\/fr\\\/programmes\\\/bow\\\/\",\"url\":\"https:\\\/\\\/nbwildlifefederation.org\\\/fr\\\/programmes\\\/bow\\\/\",\"name\":\"Becoming an Outdoors Woman - La F\u00e9d\u00e9ration de la Faune du Nouveau Brunswick\",\"isPartOf\":{\"@id\":\"https:\\\/\\\/nbwildlifefederation.org\\\/fr\\\/#website\"},\"primaryImageOfPage\":{\"@id\":\"https:\\\/\\\/nbwildlifefederation.org\\\/fr\\\/programmes\\\/bow\\\/#primaryimage\"},\"image\":{\"@id\":\"https:\\\/\\\/nbwildlifefederation.org\\\/fr\\\/programmes\\\/bow\\\/#primaryimage\"},\"thumbnailUrl\":\"https:\\\/\\\/nbwildlifefederation.org\\\/wp-content\\\/uploads\\\/2025\\\/04\\\/2025_BOW_Registration_Closed.jpg\",\"datePublished\":\"2025-04-07T11:00:05+00:00\",\"dateModified\":\"2025-05-21T12:43:19+00:00\",\"breadcrumb\":{\"@id\":\"https:\\\/\\\/nbwildlifefederation.org\\\/fr\\\/programmes\\\/bow\\\/#breadcrumb\"},\"inLanguage\":\"fr-FR\",\"potentialAction\":[{\"@type\":\"ReadAction\",\"target\":[\"https:\\\/\\\/nbwildlifefederation.org\\\/fr\\\/programmes\\\/bow\\\/\"]}]},{\"@type\":\"ImageObject\",\"inLanguage\":\"fr-FR\",\"@id\":\"https:\\\/\\\/nbwildlifefederation.org\\\/fr\\\/programmes\\\/bow\\\/#primaryimage\",\"url\":\"https:\\\/\\\/nbwildlifefederation.org\\\/wp-content\\\/uploads\\\/2025\\\/04\\\/2025_BOW_Registration_Closed.jpg\",\"contentUrl\":\"https:\\\/\\\/nbwildlifefederation.org\\\/wp-content\\\/uploads\\\/2025\\\/04\\\/2025_BOW_Registration_Closed.jpg\"},{\"@type\":\"BreadcrumbList\",\"@id\":\"https:\\\/\\\/nbwildlifefederation.org\\\/fr\\\/programmes\\\/bow\\\/#breadcrumb\",\"itemListElement\":[{\"@type\":\"ListItem\",\"position\":1,\"name\":\"Home\",\"item\":\"https:\\\/\\\/nbwildlifefederation.org\\\/fr\\\/\"},{\"@type\":\"ListItem\",\"position\":2,\"name\":\"Programmes\",\"item\":\"https:\\\/\\\/nbwildlifefederation.org\\\/fr\\\/programmes\\\/\"},{\"@type\":\"ListItem\",\"position\":3,\"name\":\"Becoming an Outdoors Woman\"}]},{\"@type\":\"WebSite\",\"@id\":\"https:\\\/\\\/nbwildlifefederation.org\\\/fr\\\/#website\",\"url\":\"https:\\\/\\\/nbwildlifefederation.org\\\/fr\\\/\",\"name\":\"La F\u00e9d\u00e9ration de la Faune du Nouveau Brunswick\",\"description\":\"Repr\u00e9senter les pr\u00e9occupations de la personne Sports de plein air.\",\"publisher\":{\"@id\":\"https:\\\/\\\/nbwildlifefederation.org\\\/fr\\\/#organization\"},\"potentialAction\":[{\"@type\":\"SearchAction\",\"target\":{\"@type\":\"EntryPoint\",\"urlTemplate\":\"https:\\\/\\\/nbwildlifefederation.org\\\/fr\\\/?s={search_term_string}\"},\"query-input\":{\"@type\":\"PropertyValueSpecification\",\"valueRequired\":true,\"valueName\":\"search_term_string\"}}],\"inLanguage\":\"fr-FR\"},{\"@type\":\"Organization\",\"@id\":\"https:\\\/\\\/nbwildlifefederation.org\\\/fr\\\/#organization\",\"name\":\"New Brunswick Wildlife Federation\",\"url\":\"https:\\\/\\\/nbwildlifefederation.org\\\/fr\\\/\",\"logo\":{\"@type\":\"ImageObject\",\"inLanguage\":\"fr-FR\",\"@id\":\"https:\\\/\\\/nbwildlifefederation.org\\\/fr\\\/#\\\/schema\\\/logo\\\/image\\\/\",\"url\":\"https:\\\/\\\/nbwildlifefederation.org\\\/wp-content\\\/uploads\\\/2016\\\/01\\\/NBWF_Logo.jpg\",\"contentUrl\":\"https:\\\/\\\/nbwildlifefederation.org\\\/wp-content\\\/uploads\\\/2016\\\/01\\\/NBWF_Logo.jpg\",\"width\":960,\"height\":960,\"caption\":\"New Brunswick Wildlife Federation\"},\"image\":{\"@id\":\"https:\\\/\\\/nbwildlifefederation.org\\\/fr\\\/#\\\/schema\\\/logo\\\/image\\\/\"}}]}<\/script>\n<!-- \/ Yoast SEO plugin. -->","yoast_head_json":{"title":"Becoming an Outdoors Woman - La F\u00e9d\u00e9ration de la Faune du Nouveau Brunswick","robots":{"index":"index","follow":"follow","max-snippet":"max-snippet:-1","max-image-preview":"max-image-preview:large","max-video-preview":"max-video-preview:-1"},"canonical":"https:\/\/nbwildlifefederation.org\/fr\/programmes\/bow\/","og_locale":"fr_FR","og_type":"article","og_title":"Becoming an Outdoors Woman - La F\u00e9d\u00e9ration de la Faune du Nouveau Brunswick","og_description":"Learn More About the BOW Program For more information on the BOW program, please contact the BOW committee or find us on Facebook.","og_url":"https:\/\/nbwildlifefederation.org\/fr\/programmes\/bow\/","og_site_name":"La F\u00e9d\u00e9ration de la Faune du Nouveau Brunswick","article_modified_time":"2025-05-21T12:43:19+00:00","og_image":[{"width":727,"height":495,"url":"https:\/\/nbwildlifefederation.org\/wp-content\/uploads\/2025\/04\/2025_BOW_Registration_Closed.jpg","type":"image\/jpeg"}],"twitter_card":"summary_large_image","twitter_misc":{"Dur\u00e9e de lecture estim\u00e9e":"1 minute"},"schema":{"@context":"https:\/\/schema.org","@graph":[{"@type":"WebPage","@id":"https:\/\/nbwildlifefederation.org\/fr\/programmes\/bow\/","url":"https:\/\/nbwildlifefederation.org\/fr\/programmes\/bow\/","name":"Becoming an Outdoors Woman - La F\u00e9d\u00e9ration de la Faune du Nouveau Brunswick","isPartOf":{"@id":"https:\/\/nbwildlifefederation.org\/fr\/#website"},"primaryImageOfPage":{"@id":"https:\/\/nbwildlifefederation.org\/fr\/programmes\/bow\/#primaryimage"},"image":{"@id":"https:\/\/nbwildlifefederation.org\/fr\/programmes\/bow\/#primaryimage"},"thumbnailUrl":"https:\/\/nbwildlifefederation.org\/wp-content\/uploads\/2025\/04\/2025_BOW_Registration_Closed.jpg","datePublished":"2025-04-07T11:00:05+00:00","dateModified":"2025-05-21T12:43:19+00:00","breadcrumb":{"@id":"https:\/\/nbwildlifefederation.org\/fr\/programmes\/bow\/#breadcrumb"},"inLanguage":"fr-FR","potentialAction":[{"@type":"ReadAction","target":["https:\/\/nbwildlifefederation.org\/fr\/programmes\/bow\/"]}]},{"@type":"ImageObject","inLanguage":"fr-FR","@id":"https:\/\/nbwildlifefederation.org\/fr\/programmes\/bow\/#primaryimage","url":"https:\/\/nbwildlifefederation.org\/wp-content\/uploads\/2025\/04\/2025_BOW_Registration_Closed.jpg","contentUrl":"https:\/\/nbwildlifefederation.org\/wp-content\/uploads\/2025\/04\/2025_BOW_Registration_Closed.jpg"},{"@type":"BreadcrumbList","@id":"https:\/\/nbwildlifefederation.org\/fr\/programmes\/bow\/#breadcrumb","itemListElement":[{"@type":"ListItem","position":1,"name":"Home","item":"https:\/\/nbwildlifefederation.org\/fr\/"},{"@type":"ListItem","position":2,"name":"Programmes","item":"https:\/\/nbwildlifefederation.org\/fr\/programmes\/"},{"@type":"ListItem","position":3,"name":"Becoming an Outdoors Woman"}]},{"@type":"WebSite","@id":"https:\/\/nbwildlifefederation.org\/fr\/#website","url":"https:\/\/nbwildlifefederation.org\/fr\/","name":"La F\u00e9d\u00e9ration de la Faune du Nouveau Brunswick","description":"Repr\u00e9senter les pr\u00e9occupations de la personne Sports de plein air.","publisher":{"@id":"https:\/\/nbwildlifefederation.org\/fr\/#organization"},"potentialAction":[{"@type":"SearchAction","target":{"@type":"EntryPoint","urlTemplate":"https:\/\/nbwildlifefederation.org\/fr\/?s={search_term_string}"},"query-input":{"@type":"PropertyValueSpecification","valueRequired":true,"valueName":"search_term_string"}}],"inLanguage":"fr-FR"},{"@type":"Organization","@id":"https:\/\/nbwildlifefederation.org\/fr\/#organization","name":"New Brunswick Wildlife Federation","url":"https:\/\/nbwildlifefederation.org\/fr\/","logo":{"@type":"ImageObject","inLanguage":"fr-FR","@id":"https:\/\/nbwildlifefederation.org\/fr\/#\/schema\/logo\/image\/","url":"https:\/\/nbwildlifefederation.org\/wp-content\/uploads\/2016\/01\/NBWF_Logo.jpg","contentUrl":"https:\/\/nbwildlifefederation.org\/wp-content\/uploads\/2016\/01\/NBWF_Logo.jpg","width":960,"height":960,"caption":"New Brunswick Wildlife Federation"},"image":{"@id":"https:\/\/nbwildlifefederation.org\/fr\/#\/schema\/logo\/image\/"}}]}},"_links":{"self":[{"href":"https:\/\/nbwildlifefederation.org\/fr\/wp-json\/wp\/v2\/pages\/3855","targetHints":{"allow":["GET"]}}],"collection":[{"href":"https:\/\/nbwildlifefederation.org\/fr\/wp-json\/wp\/v2\/pages"}],"about":[{"href":"https:\/\/nbwildlifefederation.org\/fr\/wp-json\/wp\/v2\/types\/page"}],"author":[{"embeddable":true,"href":"https:\/\/nbwildlifefederation.org\/fr\/wp-json\/wp\/v2\/users\/4"}],"replies":[{"embeddable":true,"href":"https:\/\/nbwildlifefederation.org\/fr\/wp-json\/wp\/v2\/comments?post=3855"}],"version-history":[{"count":0,"href":"https:\/\/nbwildlifefederation.org\/fr\/wp-json\/wp\/v2\/pages\/3855\/revisions"}],"up":[{"embeddable":true,"href":"https:\/\/nbwildlifefederation.org\/fr\/wp-json\/wp\/v2\/pages\/1841"}],"wp:attachment":[{"href":"https:\/\/nbwildlifefederation.org\/fr\/wp-json\/wp\/v2\/media?parent=3855"}],"curies":[{"name":"wp","href":"https:\/\/api.w.org\/{rel}","templated":true}]}}