{"id":2994,"date":"2025-06-16T08:00:34","date_gmt":"2025-06-16T11:00:34","guid":{"rendered":"http:\/\/nbwildlifefederation-org.bootuptechnology.ca\/collecte-de-fonds\/fish-and-hunt-for-10-years-free\/"},"modified":"2026-04-07T14:04:27","modified_gmt":"2026-04-07T17:04:27","slug":"pechez-et-chassez-gratuitement-pendant-dix-ans","status":"publish","type":"page","link":"https:\/\/nbwildlifefederation.org\/fr\/collecte-de-fonds\/pechez-et-chassez-gratuitement-pendant-dix-ans\/","title":{"rendered":"P\u00eachez et chassez gratuitement Pendant dix ans"},"content":{"rendered":"<p>The New Brunswick Wildlife Federation with support from the Department of Natural Resources announces the Fishing and Hunting License Lottery.<\/p>\n<p>One successful Sportsperson will receive free angling and hunting* license for 10 years.<\/p>\n<p><em><span style=\"text-decoration: underline;\">Simply complete the entry form and mail it along with your entry fee to:<\/span><\/em><\/p>\n<p>New Brunswick Wildlife Federation,<br \/>\nPO Box 549<br \/>\nMoncton, NB E1C 8L9<\/p>\n<p><span style=\"text-decoration: underline;\"><strong>Fish and Hunt for 10 Years Entry Form:<\/strong><\/span><\/p>\n<p><a href=\"https:\/\/nbwildlifefederation.org\/wp-content\/uploads\/2026\/04\/2026_Fish_and_Hunt_for_10_Years_Free_fr.pdf\" target=\"_blank\" rel=\"noopener\"><img loading=\"lazy\" decoding=\"async\" class=\"alignnone wp-image-2509 size-thumbnail\" src=\"https:\/\/nbwildlifefederation.org\/wp-content\/uploads\/2015\/06\/Fish_and_Hunt_for_10_Years_Free-150x150.jpg\" alt=\"Fish_and_Hunt_for_10_Years_Free\" width=\"150\" height=\"150\" \/><\/a><\/p>\n<p><strong>Tickets cost $5.00 each.<\/strong><\/p>\n<p><em><span style=\"color: #ff0000;\"><strong>New!\u00a0 Buy by sending e-transfer to: <span style=\"color: #008000;\">office.nbwf@gmail.com<\/span><\/strong><\/span><\/em><\/p>\n<p><strong>Enter as often as you like. And good luck!<\/strong><\/p>\n","protected":false},"excerpt":{"rendered":"<p>The New Brunswick Wildlife Federation with support from the Department of Natural Resources announces the Fishing and Hunting License Lottery. One successful Sportsperson will receive free angling and hunting* license for 10 years. Simply complete the entry form and mail <span class=\"excerpt-dots\">&hellip;<\/span> <a class=\"more-link\" href=\"https:\/\/nbwildlifefederation.org\/fr\/collecte-de-fonds\/pechez-et-chassez-gratuitement-pendant-dix-ans\/\"><span class=\"more-msg\">Lire la suite &rarr;<\/span><\/a><\/p>\n","protected":false},"author":4,"featured_media":0,"parent":2982,"menu_order":3,"comment_status":"closed","ping_status":"closed","template":"","meta":{"footnotes":""},"class_list":["post-2994","page","type-page","status-publish","hentry"],"yoast_head":"<!-- This site is optimized with the Yoast SEO plugin v27.3 - https:\/\/yoast.com\/product\/yoast-seo-wordpress\/ -->\n<title>P\u00eachez et chassez gratuitement Pendant dix ans - La F\u00e9d\u00e9ration de la Faune du Nouveau Brunswick<\/title>\n<meta name=\"robots\" content=\"index, follow, max-snippet:-1, max-image-preview:large, max-video-preview:-1\" \/>\n<link rel=\"canonical\" href=\"https:\/\/nbwildlifefederation.org\/fr\/collecte-de-fonds\/pechez-et-chassez-gratuitement-pendant-dix-ans\/\" \/>\n<meta property=\"og:locale\" content=\"fr_FR\" \/>\n<meta property=\"og:type\" content=\"article\" \/>\n<meta property=\"og:title\" content=\"P\u00eachez et chassez gratuitement Pendant dix ans - La F\u00e9d\u00e9ration de la Faune du Nouveau Brunswick\" \/>\n<meta property=\"og:description\" content=\"The New Brunswick Wildlife Federation with support from the Department of Natural Resources announces the Fishing and Hunting License Lottery. One successful Sportsperson will receive free angling and hunting* license for 10 years. Simply complete the entry form and mail &hellip; Lire la suite &rarr;\" \/>\n<meta property=\"og:url\" content=\"https:\/\/nbwildlifefederation.org\/fr\/collecte-de-fonds\/pechez-et-chassez-gratuitement-pendant-dix-ans\/\" \/>\n<meta property=\"og:site_name\" content=\"La F\u00e9d\u00e9ration de la Faune du Nouveau Brunswick\" \/>\n<meta property=\"article:modified_time\" content=\"2026-04-07T17:04:27+00:00\" \/>\n<meta property=\"og:image\" content=\"https:\/\/nbwildlifefederation.org\/wp-content\/uploads\/2015\/06\/Fish_and_Hunt_for_10_Years_Free.jpg\" \/>\n\t<meta property=\"og:image:width\" content=\"274\" \/>\n\t<meta property=\"og:image:height\" content=\"368\" \/>\n\t<meta property=\"og:image:type\" content=\"image\/jpeg\" \/>\n<meta name=\"twitter:card\" content=\"summary_large_image\" \/>\n<meta name=\"twitter:label1\" content=\"Dur\u00e9e de lecture estim\u00e9e\" \/>\n\t<meta name=\"twitter:data1\" content=\"1 minute\" \/>\n<script type=\"application\/ld+json\" class=\"yoast-schema-graph\">{\"@context\":\"https:\\\/\\\/schema.org\",\"@graph\":[{\"@type\":\"WebPage\",\"@id\":\"https:\\\/\\\/nbwildlifefederation.org\\\/fr\\\/collecte-de-fonds\\\/pechez-et-chassez-gratuitement-pendant-dix-ans\\\/\",\"url\":\"https:\\\/\\\/nbwildlifefederation.org\\\/fr\\\/collecte-de-fonds\\\/pechez-et-chassez-gratuitement-pendant-dix-ans\\\/\",\"name\":\"P\u00eachez et chassez gratuitement Pendant dix ans - La F\u00e9d\u00e9ration de la Faune du Nouveau Brunswick\",\"isPartOf\":{\"@id\":\"https:\\\/\\\/nbwildlifefederation.org\\\/fr\\\/#website\"},\"primaryImageOfPage\":{\"@id\":\"https:\\\/\\\/nbwildlifefederation.org\\\/fr\\\/collecte-de-fonds\\\/pechez-et-chassez-gratuitement-pendant-dix-ans\\\/#primaryimage\"},\"image\":{\"@id\":\"https:\\\/\\\/nbwildlifefederation.org\\\/fr\\\/collecte-de-fonds\\\/pechez-et-chassez-gratuitement-pendant-dix-ans\\\/#primaryimage\"},\"thumbnailUrl\":\"https:\\\/\\\/nbwildlifefederation.org\\\/wp-content\\\/uploads\\\/2015\\\/06\\\/Fish_and_Hunt_for_10_Years_Free-150x150.jpg\",\"datePublished\":\"2025-06-16T11:00:34+00:00\",\"dateModified\":\"2026-04-07T17:04:27+00:00\",\"breadcrumb\":{\"@id\":\"https:\\\/\\\/nbwildlifefederation.org\\\/fr\\\/collecte-de-fonds\\\/pechez-et-chassez-gratuitement-pendant-dix-ans\\\/#breadcrumb\"},\"inLanguage\":\"fr-FR\",\"potentialAction\":[{\"@type\":\"ReadAction\",\"target\":[\"https:\\\/\\\/nbwildlifefederation.org\\\/fr\\\/collecte-de-fonds\\\/pechez-et-chassez-gratuitement-pendant-dix-ans\\\/\"]}]},{\"@type\":\"ImageObject\",\"inLanguage\":\"fr-FR\",\"@id\":\"https:\\\/\\\/nbwildlifefederation.org\\\/fr\\\/collecte-de-fonds\\\/pechez-et-chassez-gratuitement-pendant-dix-ans\\\/#primaryimage\",\"url\":\"https:\\\/\\\/nbwildlifefederation.org\\\/wp-content\\\/uploads\\\/2015\\\/06\\\/Fish_and_Hunt_for_10_Years_Free-150x150.jpg\",\"contentUrl\":\"https:\\\/\\\/nbwildlifefederation.org\\\/wp-content\\\/uploads\\\/2015\\\/06\\\/Fish_and_Hunt_for_10_Years_Free-150x150.jpg\"},{\"@type\":\"BreadcrumbList\",\"@id\":\"https:\\\/\\\/nbwildlifefederation.org\\\/fr\\\/collecte-de-fonds\\\/pechez-et-chassez-gratuitement-pendant-dix-ans\\\/#breadcrumb\",\"itemListElement\":[{\"@type\":\"ListItem\",\"position\":1,\"name\":\"Home\",\"item\":\"https:\\\/\\\/nbwildlifefederation.org\\\/fr\\\/\"},{\"@type\":\"ListItem\",\"position\":2,\"name\":\"Collecte de fonds\",\"item\":\"https:\\\/\\\/nbwildlifefederation.org\\\/fr\\\/collecte-de-fonds\\\/\"},{\"@type\":\"ListItem\",\"position\":3,\"name\":\"P\u00eachez et chassez gratuitement Pendant dix ans\"}]},{\"@type\":\"WebSite\",\"@id\":\"https:\\\/\\\/nbwildlifefederation.org\\\/fr\\\/#website\",\"url\":\"https:\\\/\\\/nbwildlifefederation.org\\\/fr\\\/\",\"name\":\"La F\u00e9d\u00e9ration de la Faune du Nouveau Brunswick\",\"description\":\"Repr\u00e9senter les pr\u00e9occupations de la personne Sports de plein air.\",\"publisher\":{\"@id\":\"https:\\\/\\\/nbwildlifefederation.org\\\/fr\\\/#organization\"},\"potentialAction\":[{\"@type\":\"SearchAction\",\"target\":{\"@type\":\"EntryPoint\",\"urlTemplate\":\"https:\\\/\\\/nbwildlifefederation.org\\\/fr\\\/?s={search_term_string}\"},\"query-input\":{\"@type\":\"PropertyValueSpecification\",\"valueRequired\":true,\"valueName\":\"search_term_string\"}}],\"inLanguage\":\"fr-FR\"},{\"@type\":\"Organization\",\"@id\":\"https:\\\/\\\/nbwildlifefederation.org\\\/fr\\\/#organization\",\"name\":\"New Brunswick Wildlife Federation\",\"url\":\"https:\\\/\\\/nbwildlifefederation.org\\\/fr\\\/\",\"logo\":{\"@type\":\"ImageObject\",\"inLanguage\":\"fr-FR\",\"@id\":\"https:\\\/\\\/nbwildlifefederation.org\\\/fr\\\/#\\\/schema\\\/logo\\\/image\\\/\",\"url\":\"https:\\\/\\\/nbwildlifefederation.org\\\/wp-content\\\/uploads\\\/2016\\\/01\\\/NBWF_Logo.jpg\",\"contentUrl\":\"https:\\\/\\\/nbwildlifefederation.org\\\/wp-content\\\/uploads\\\/2016\\\/01\\\/NBWF_Logo.jpg\",\"width\":960,\"height\":960,\"caption\":\"New Brunswick Wildlife Federation\"},\"image\":{\"@id\":\"https:\\\/\\\/nbwildlifefederation.org\\\/fr\\\/#\\\/schema\\\/logo\\\/image\\\/\"}}]}<\/script>\n<!-- \/ Yoast SEO plugin. -->","yoast_head_json":{"title":"P\u00eachez et chassez gratuitement Pendant dix ans - La F\u00e9d\u00e9ration de la Faune du Nouveau Brunswick","robots":{"index":"index","follow":"follow","max-snippet":"max-snippet:-1","max-image-preview":"max-image-preview:large","max-video-preview":"max-video-preview:-1"},"canonical":"https:\/\/nbwildlifefederation.org\/fr\/collecte-de-fonds\/pechez-et-chassez-gratuitement-pendant-dix-ans\/","og_locale":"fr_FR","og_type":"article","og_title":"P\u00eachez et chassez gratuitement Pendant dix ans - La F\u00e9d\u00e9ration de la Faune du Nouveau Brunswick","og_description":"The New Brunswick Wildlife Federation with support from the Department of Natural Resources announces the Fishing and Hunting License Lottery. One successful Sportsperson will receive free angling and hunting* license for 10 years. Simply complete the entry form and mail &hellip; Lire la suite &rarr;","og_url":"https:\/\/nbwildlifefederation.org\/fr\/collecte-de-fonds\/pechez-et-chassez-gratuitement-pendant-dix-ans\/","og_site_name":"La F\u00e9d\u00e9ration de la Faune du Nouveau Brunswick","article_modified_time":"2026-04-07T17:04:27+00:00","og_image":[{"width":274,"height":368,"url":"https:\/\/nbwildlifefederation.org\/wp-content\/uploads\/2015\/06\/Fish_and_Hunt_for_10_Years_Free.jpg","type":"image\/jpeg"}],"twitter_card":"summary_large_image","twitter_misc":{"Dur\u00e9e de lecture estim\u00e9e":"1 minute"},"schema":{"@context":"https:\/\/schema.org","@graph":[{"@type":"WebPage","@id":"https:\/\/nbwildlifefederation.org\/fr\/collecte-de-fonds\/pechez-et-chassez-gratuitement-pendant-dix-ans\/","url":"https:\/\/nbwildlifefederation.org\/fr\/collecte-de-fonds\/pechez-et-chassez-gratuitement-pendant-dix-ans\/","name":"P\u00eachez et chassez gratuitement Pendant dix ans - La F\u00e9d\u00e9ration de la Faune du Nouveau Brunswick","isPartOf":{"@id":"https:\/\/nbwildlifefederation.org\/fr\/#website"},"primaryImageOfPage":{"@id":"https:\/\/nbwildlifefederation.org\/fr\/collecte-de-fonds\/pechez-et-chassez-gratuitement-pendant-dix-ans\/#primaryimage"},"image":{"@id":"https:\/\/nbwildlifefederation.org\/fr\/collecte-de-fonds\/pechez-et-chassez-gratuitement-pendant-dix-ans\/#primaryimage"},"thumbnailUrl":"https:\/\/nbwildlifefederation.org\/wp-content\/uploads\/2015\/06\/Fish_and_Hunt_for_10_Years_Free-150x150.jpg","datePublished":"2025-06-16T11:00:34+00:00","dateModified":"2026-04-07T17:04:27+00:00","breadcrumb":{"@id":"https:\/\/nbwildlifefederation.org\/fr\/collecte-de-fonds\/pechez-et-chassez-gratuitement-pendant-dix-ans\/#breadcrumb"},"inLanguage":"fr-FR","potentialAction":[{"@type":"ReadAction","target":["https:\/\/nbwildlifefederation.org\/fr\/collecte-de-fonds\/pechez-et-chassez-gratuitement-pendant-dix-ans\/"]}]},{"@type":"ImageObject","inLanguage":"fr-FR","@id":"https:\/\/nbwildlifefederation.org\/fr\/collecte-de-fonds\/pechez-et-chassez-gratuitement-pendant-dix-ans\/#primaryimage","url":"https:\/\/nbwildlifefederation.org\/wp-content\/uploads\/2015\/06\/Fish_and_Hunt_for_10_Years_Free-150x150.jpg","contentUrl":"https:\/\/nbwildlifefederation.org\/wp-content\/uploads\/2015\/06\/Fish_and_Hunt_for_10_Years_Free-150x150.jpg"},{"@type":"BreadcrumbList","@id":"https:\/\/nbwildlifefederation.org\/fr\/collecte-de-fonds\/pechez-et-chassez-gratuitement-pendant-dix-ans\/#breadcrumb","itemListElement":[{"@type":"ListItem","position":1,"name":"Home","item":"https:\/\/nbwildlifefederation.org\/fr\/"},{"@type":"ListItem","position":2,"name":"Collecte de fonds","item":"https:\/\/nbwildlifefederation.org\/fr\/collecte-de-fonds\/"},{"@type":"ListItem","position":3,"name":"P\u00eachez et chassez gratuitement Pendant dix ans"}]},{"@type":"WebSite","@id":"https:\/\/nbwildlifefederation.org\/fr\/#website","url":"https:\/\/nbwildlifefederation.org\/fr\/","name":"La F\u00e9d\u00e9ration de la Faune du Nouveau Brunswick","description":"Repr\u00e9senter les pr\u00e9occupations de la personne Sports de plein air.","publisher":{"@id":"https:\/\/nbwildlifefederation.org\/fr\/#organization"},"potentialAction":[{"@type":"SearchAction","target":{"@type":"EntryPoint","urlTemplate":"https:\/\/nbwildlifefederation.org\/fr\/?s={search_term_string}"},"query-input":{"@type":"PropertyValueSpecification","valueRequired":true,"valueName":"search_term_string"}}],"inLanguage":"fr-FR"},{"@type":"Organization","@id":"https:\/\/nbwildlifefederation.org\/fr\/#organization","name":"New Brunswick Wildlife Federation","url":"https:\/\/nbwildlifefederation.org\/fr\/","logo":{"@type":"ImageObject","inLanguage":"fr-FR","@id":"https:\/\/nbwildlifefederation.org\/fr\/#\/schema\/logo\/image\/","url":"https:\/\/nbwildlifefederation.org\/wp-content\/uploads\/2016\/01\/NBWF_Logo.jpg","contentUrl":"https:\/\/nbwildlifefederation.org\/wp-content\/uploads\/2016\/01\/NBWF_Logo.jpg","width":960,"height":960,"caption":"New Brunswick Wildlife Federation"},"image":{"@id":"https:\/\/nbwildlifefederation.org\/fr\/#\/schema\/logo\/image\/"}}]}},"_links":{"self":[{"href":"https:\/\/nbwildlifefederation.org\/fr\/wp-json\/wp\/v2\/pages\/2994","targetHints":{"allow":["GET"]}}],"collection":[{"href":"https:\/\/nbwildlifefederation.org\/fr\/wp-json\/wp\/v2\/pages"}],"about":[{"href":"https:\/\/nbwildlifefederation.org\/fr\/wp-json\/wp\/v2\/types\/page"}],"author":[{"embeddable":true,"href":"https:\/\/nbwildlifefederation.org\/fr\/wp-json\/wp\/v2\/users\/4"}],"replies":[{"embeddable":true,"href":"https:\/\/nbwildlifefederation.org\/fr\/wp-json\/wp\/v2\/comments?post=2994"}],"version-history":[{"count":2,"href":"https:\/\/nbwildlifefederation.org\/fr\/wp-json\/wp\/v2\/pages\/2994\/revisions"}],"predecessor-version":[{"id":6299,"href":"https:\/\/nbwildlifefederation.org\/fr\/wp-json\/wp\/v2\/pages\/2994\/revisions\/6299"}],"up":[{"embeddable":true,"href":"https:\/\/nbwildlifefederation.org\/fr\/wp-json\/wp\/v2\/pages\/2982"}],"wp:attachment":[{"href":"https:\/\/nbwildlifefederation.org\/fr\/wp-json\/wp\/v2\/media?parent=2994"}],"curies":[{"name":"wp","href":"https:\/\/api.w.org\/{rel}","templated":true}]}}