{"id":2158,"date":"2014-08-01T12:15:53","date_gmt":"2014-08-01T15:15:53","guid":{"rendered":"http:\/\/nbwildlifefederation-org.bootuptechnology.ca\/?page_id=2158"},"modified":"2025-10-20T10:43:00","modified_gmt":"2025-10-20T13:43:00","slug":"bienvenue-a-la-federation-de-la-faune-du-nouveau-brunswick","status":"publish","type":"page","link":"https:\/\/nbwildlifefederation.org\/fr\/","title":{"rendered":"Bienvenue \u00e0 la F\u00e9d\u00e9ration de la faune du Nouveau-Brunswick"},"content":{"rendered":"<p><strong><span style=\"color: #ff0000;\">Nous sommes actuellement \u00e0 la mise \u00e0 jour du site Web de la FFNB afin d\u2019offrir \u00e0 nos t\u00e9l\u00e9spectateurs le choix de visualiser notre site en anglais ou en fran\u00e7ais.<\/span><\/strong><\/p>\n<p><strong><span style=\"color: #ff0000;\">Cette page est actuellement disponible uniquement en anglais et sera convertie en fran\u00e7ais d\u00e8s que possible.<\/span><\/strong><\/p>\n<p><strong><span style=\"color: #ff0000;\">Nous vous remercions de votre patience pendant que nous continuons \u00e0 travailler sur la traduction de notre site web.<\/span><\/strong><\/p>\n<p><strong><span style=\"color: #ff0000;\">Administrateur du site de la FFNB<\/span><\/strong><\/p>\n<hr \/>\n<p><strong><span style=\"color: #008000;\">The New Brunswick Wildlife Federation (NBWF) is a provincial non-profit organization of hunters, anglers and shooters working for wildlife through branches and individual membership since 1924.<\/span><\/strong><\/p>\n<p><strong><span style=\"color: #008000;\">Over the years, the Federation has represented the concerns of the outdoor sports person while addressing the problems facing our wildlife and its habitat.<\/span><\/strong><\/p>\n<p><strong><span style=\"color: #008000;\">The Federation has over 30 member branches throughout the Province, and approximately 6000 members and countless supporters.<\/span><\/strong><\/p>\n<p><a href=\"https:\/\/nbwildlifefederation.org\/fr\/ffnb\/la-ffnb\/\">Read more about NBWF&#8230;<\/a><\/p>\n<hr \/>\n","protected":false},"excerpt":{"rendered":"<p>Nous sommes actuellement \u00e0 la mise \u00e0 jour du site Web de la FFNB afin d\u2019offrir \u00e0 nos t\u00e9l\u00e9spectateurs le choix de visualiser notre site en anglais ou en fran\u00e7ais. Cette page est actuellement disponible uniquement en anglais et sera <span class=\"excerpt-dots\">&hellip;<\/span> <a class=\"more-link\" href=\"https:\/\/nbwildlifefederation.org\/fr\/\"><span class=\"more-msg\">Lire la suite &rarr;<\/span><\/a><\/p>\n","protected":false},"author":4,"featured_media":0,"parent":0,"menu_order":1,"comment_status":"closed","ping_status":"closed","template":"paget-posts.php","meta":{"footnotes":""},"class_list":["post-2158","page","type-page","status-publish","hentry"],"yoast_head":"<!-- This site is optimized with the Yoast SEO plugin v27.3 - https:\/\/yoast.com\/product\/yoast-seo-wordpress\/ -->\n<title>Bienvenue \u00e0 la F\u00e9d\u00e9ration de la faune du Nouveau-Brunswick - La F\u00e9d\u00e9ration de la Faune du Nouveau Brunswick<\/title>\n<meta name=\"robots\" content=\"index, follow, max-snippet:-1, max-image-preview:large, max-video-preview:-1\" \/>\n<link rel=\"canonical\" href=\"https:\/\/nbwildlifefederation.org\/fr\/\" \/>\n<meta property=\"og:locale\" content=\"fr_FR\" \/>\n<meta property=\"og:type\" content=\"article\" \/>\n<meta property=\"og:title\" content=\"Bienvenue \u00e0 la F\u00e9d\u00e9ration de la faune du Nouveau-Brunswick - La F\u00e9d\u00e9ration de la Faune du Nouveau Brunswick\" \/>\n<meta property=\"og:description\" content=\"Nous sommes actuellement \u00e0 la mise \u00e0 jour du site Web de la FFNB afin d\u2019offrir \u00e0 nos t\u00e9l\u00e9spectateurs le choix de visualiser notre site en anglais ou en fran\u00e7ais. Cette page est actuellement disponible uniquement en anglais et sera &hellip; Lire la suite &rarr;\" \/>\n<meta property=\"og:url\" content=\"https:\/\/nbwildlifefederation.org\/fr\/\" \/>\n<meta property=\"og:site_name\" content=\"La F\u00e9d\u00e9ration de la Faune du Nouveau Brunswick\" \/>\n<meta property=\"article:modified_time\" content=\"2025-10-20T13:43:00+00:00\" \/>\n<meta name=\"twitter:card\" content=\"summary_large_image\" \/>\n<meta name=\"twitter:label1\" content=\"Dur\u00e9e de lecture estim\u00e9e\" \/>\n\t<meta name=\"twitter:data1\" content=\"1 minute\" \/>\n<script type=\"application\/ld+json\" class=\"yoast-schema-graph\">{\"@context\":\"https:\\\/\\\/schema.org\",\"@graph\":[{\"@type\":\"WebPage\",\"@id\":\"https:\\\/\\\/nbwildlifefederation.org\\\/fr\\\/\",\"url\":\"https:\\\/\\\/nbwildlifefederation.org\\\/fr\\\/\",\"name\":\"Bienvenue \u00e0 la F\u00e9d\u00e9ration de la faune du Nouveau-Brunswick - La F\u00e9d\u00e9ration de la Faune du Nouveau Brunswick\",\"isPartOf\":{\"@id\":\"https:\\\/\\\/nbwildlifefederation.org\\\/fr\\\/#website\"},\"datePublished\":\"2014-08-01T15:15:53+00:00\",\"dateModified\":\"2025-10-20T13:43:00+00:00\",\"breadcrumb\":{\"@id\":\"https:\\\/\\\/nbwildlifefederation.org\\\/fr\\\/#breadcrumb\"},\"inLanguage\":\"fr-FR\",\"potentialAction\":[{\"@type\":\"ReadAction\",\"target\":[\"https:\\\/\\\/nbwildlifefederation.org\\\/fr\\\/\"]}]},{\"@type\":\"BreadcrumbList\",\"@id\":\"https:\\\/\\\/nbwildlifefederation.org\\\/fr\\\/#breadcrumb\",\"itemListElement\":[{\"@type\":\"ListItem\",\"position\":1,\"name\":\"Home\",\"item\":\"https:\\\/\\\/nbwildlifefederation.org\\\/fr\\\/\"},{\"@type\":\"ListItem\",\"position\":2,\"name\":\"Bienvenue \u00e0 la F\u00e9d\u00e9ration de la faune du Nouveau-Brunswick\"}]},{\"@type\":\"WebSite\",\"@id\":\"https:\\\/\\\/nbwildlifefederation.org\\\/fr\\\/#website\",\"url\":\"https:\\\/\\\/nbwildlifefederation.org\\\/fr\\\/\",\"name\":\"La F\u00e9d\u00e9ration de la Faune du Nouveau Brunswick\",\"description\":\"Repr\u00e9senter les pr\u00e9occupations de la personne Sports de plein air.\",\"publisher\":{\"@id\":\"https:\\\/\\\/nbwildlifefederation.org\\\/fr\\\/#organization\"},\"potentialAction\":[{\"@type\":\"SearchAction\",\"target\":{\"@type\":\"EntryPoint\",\"urlTemplate\":\"https:\\\/\\\/nbwildlifefederation.org\\\/fr\\\/?s={search_term_string}\"},\"query-input\":{\"@type\":\"PropertyValueSpecification\",\"valueRequired\":true,\"valueName\":\"search_term_string\"}}],\"inLanguage\":\"fr-FR\"},{\"@type\":\"Organization\",\"@id\":\"https:\\\/\\\/nbwildlifefederation.org\\\/fr\\\/#organization\",\"name\":\"New Brunswick Wildlife Federation\",\"url\":\"https:\\\/\\\/nbwildlifefederation.org\\\/fr\\\/\",\"logo\":{\"@type\":\"ImageObject\",\"inLanguage\":\"fr-FR\",\"@id\":\"https:\\\/\\\/nbwildlifefederation.org\\\/fr\\\/#\\\/schema\\\/logo\\\/image\\\/\",\"url\":\"https:\\\/\\\/nbwildlifefederation.org\\\/wp-content\\\/uploads\\\/2016\\\/01\\\/NBWF_Logo.jpg\",\"contentUrl\":\"https:\\\/\\\/nbwildlifefederation.org\\\/wp-content\\\/uploads\\\/2016\\\/01\\\/NBWF_Logo.jpg\",\"width\":960,\"height\":960,\"caption\":\"New Brunswick Wildlife Federation\"},\"image\":{\"@id\":\"https:\\\/\\\/nbwildlifefederation.org\\\/fr\\\/#\\\/schema\\\/logo\\\/image\\\/\"}}]}<\/script>\n<!-- \/ Yoast SEO plugin. -->","yoast_head_json":{"title":"Bienvenue \u00e0 la F\u00e9d\u00e9ration de la faune du Nouveau-Brunswick - La F\u00e9d\u00e9ration de la Faune du Nouveau Brunswick","robots":{"index":"index","follow":"follow","max-snippet":"max-snippet:-1","max-image-preview":"max-image-preview:large","max-video-preview":"max-video-preview:-1"},"canonical":"https:\/\/nbwildlifefederation.org\/fr\/","og_locale":"fr_FR","og_type":"article","og_title":"Bienvenue \u00e0 la F\u00e9d\u00e9ration de la faune du Nouveau-Brunswick - La F\u00e9d\u00e9ration de la Faune du Nouveau Brunswick","og_description":"Nous sommes actuellement \u00e0 la mise \u00e0 jour du site Web de la FFNB afin d\u2019offrir \u00e0 nos t\u00e9l\u00e9spectateurs le choix de visualiser notre site en anglais ou en fran\u00e7ais. Cette page est actuellement disponible uniquement en anglais et sera &hellip; Lire la suite &rarr;","og_url":"https:\/\/nbwildlifefederation.org\/fr\/","og_site_name":"La F\u00e9d\u00e9ration de la Faune du Nouveau Brunswick","article_modified_time":"2025-10-20T13:43:00+00:00","twitter_card":"summary_large_image","twitter_misc":{"Dur\u00e9e de lecture estim\u00e9e":"1 minute"},"schema":{"@context":"https:\/\/schema.org","@graph":[{"@type":"WebPage","@id":"https:\/\/nbwildlifefederation.org\/fr\/","url":"https:\/\/nbwildlifefederation.org\/fr\/","name":"Bienvenue \u00e0 la F\u00e9d\u00e9ration de la faune du Nouveau-Brunswick - La F\u00e9d\u00e9ration de la Faune du Nouveau Brunswick","isPartOf":{"@id":"https:\/\/nbwildlifefederation.org\/fr\/#website"},"datePublished":"2014-08-01T15:15:53+00:00","dateModified":"2025-10-20T13:43:00+00:00","breadcrumb":{"@id":"https:\/\/nbwildlifefederation.org\/fr\/#breadcrumb"},"inLanguage":"fr-FR","potentialAction":[{"@type":"ReadAction","target":["https:\/\/nbwildlifefederation.org\/fr\/"]}]},{"@type":"BreadcrumbList","@id":"https:\/\/nbwildlifefederation.org\/fr\/#breadcrumb","itemListElement":[{"@type":"ListItem","position":1,"name":"Home","item":"https:\/\/nbwildlifefederation.org\/fr\/"},{"@type":"ListItem","position":2,"name":"Bienvenue \u00e0 la F\u00e9d\u00e9ration de la faune du Nouveau-Brunswick"}]},{"@type":"WebSite","@id":"https:\/\/nbwildlifefederation.org\/fr\/#website","url":"https:\/\/nbwildlifefederation.org\/fr\/","name":"La F\u00e9d\u00e9ration de la Faune du Nouveau Brunswick","description":"Repr\u00e9senter les pr\u00e9occupations de la personne Sports de plein air.","publisher":{"@id":"https:\/\/nbwildlifefederation.org\/fr\/#organization"},"potentialAction":[{"@type":"SearchAction","target":{"@type":"EntryPoint","urlTemplate":"https:\/\/nbwildlifefederation.org\/fr\/?s={search_term_string}"},"query-input":{"@type":"PropertyValueSpecification","valueRequired":true,"valueName":"search_term_string"}}],"inLanguage":"fr-FR"},{"@type":"Organization","@id":"https:\/\/nbwildlifefederation.org\/fr\/#organization","name":"New Brunswick Wildlife Federation","url":"https:\/\/nbwildlifefederation.org\/fr\/","logo":{"@type":"ImageObject","inLanguage":"fr-FR","@id":"https:\/\/nbwildlifefederation.org\/fr\/#\/schema\/logo\/image\/","url":"https:\/\/nbwildlifefederation.org\/wp-content\/uploads\/2016\/01\/NBWF_Logo.jpg","contentUrl":"https:\/\/nbwildlifefederation.org\/wp-content\/uploads\/2016\/01\/NBWF_Logo.jpg","width":960,"height":960,"caption":"New Brunswick Wildlife Federation"},"image":{"@id":"https:\/\/nbwildlifefederation.org\/fr\/#\/schema\/logo\/image\/"}}]}},"_links":{"self":[{"href":"https:\/\/nbwildlifefederation.org\/fr\/wp-json\/wp\/v2\/pages\/2158","targetHints":{"allow":["GET"]}}],"collection":[{"href":"https:\/\/nbwildlifefederation.org\/fr\/wp-json\/wp\/v2\/pages"}],"about":[{"href":"https:\/\/nbwildlifefederation.org\/fr\/wp-json\/wp\/v2\/types\/page"}],"author":[{"embeddable":true,"href":"https:\/\/nbwildlifefederation.org\/fr\/wp-json\/wp\/v2\/users\/4"}],"replies":[{"embeddable":true,"href":"https:\/\/nbwildlifefederation.org\/fr\/wp-json\/wp\/v2\/comments?post=2158"}],"version-history":[{"count":0,"href":"https:\/\/nbwildlifefederation.org\/fr\/wp-json\/wp\/v2\/pages\/2158\/revisions"}],"wp:attachment":[{"href":"https:\/\/nbwildlifefederation.org\/fr\/wp-json\/wp\/v2\/media?parent=2158"}],"curies":[{"name":"wp","href":"https:\/\/api.w.org\/{rel}","templated":true}]}}