{"id":1800,"date":"2013-07-03T19:17:26","date_gmt":"2013-07-03T22:17:26","guid":{"rendered":"http:\/\/nbwildlifefederation-org.bootuptechnology.ca\/?page_id=1800"},"modified":"2026-01-08T16:10:06","modified_gmt":"2026-01-08T20:10:06","slug":"politique-de-conservation-1","status":"publish","type":"page","link":"https:\/\/nbwildlifefederation.org\/fr\/ffnb\/politique-de-conservation-1\/","title":{"rendered":"Politique de Conservation"},"content":{"rendered":"<p><strong><span style=\"color: #ff0000;\">Cette page est actuellement disponible uniquement en anglais et sera convertie en fran\u00e7ais d\u00e8s que possible. Nous vous remercions de votre patience pendant que nous continuons \u00e0 travailler sur la traduction de notre site web.<\/span><\/strong><\/p>\n<p><strong><span style=\"color: #ff0000;\">Administrateur du site de la FFNB<\/span><\/strong><\/p>\n<hr \/>\n<p style=\"text-align: justify;\">One of the most important activities that the Federation undertakes each year is the presentation of resolutions to the appropriate government authority for consideration.<\/p>\n<p style=\"text-align: justify;\">Each year branches\/clubs of the <acronym title=\"New Brunswick Wildlife Federation\">NBWF<\/acronym> submit resolutions to the Chairman of the Resolution Committee for consideration of the membership at the Annual General Meeting.<\/p>\n<p style=\"text-align: justify;\">These resolutions are requests for appropriate government departments to create or amend existing legislation or regulations that the Federation believes will encourage the wise and sustainable use of our natural resources and their resulting habitats. In some cases these resolutions are also aimed at creating or increasing opportunities for hunters and anglers while maintaining basic conservation principles.<\/p>\n<p style=\"text-align: justify;\">These resolutions along with NBWF positions put forward to the various government departments and agencies are used to formulate policy and you will find these policies in the NBWF Conservation Policy Manual. In addition you will find the government response to some of these resolutions where they were available. The last portion of the Manual contains Resolution Procedures and it is expected that proponents of resolutions will abide by the conditions as put forward in this section.<\/p>\n<p style=\"text-align: justify;\">The NBWF Conservation Manual is a \u201cwork in progress\u201d and as such amendments will be made and so it is important that you refer to the website in all cases to ensure that you are working with the most recent document.<\/p>\n<p style=\"text-align: justify;\">Finally, this Manual is password protected and should you require access to the Manual you will have to request the password which will change annually.<\/p>\n<p style=\"text-align: justify;\">If you have any questions or comments on these resolutions contained in the \u00ab\u00a0NBWF Conservation Policy Manual\u00a0\u00bb please do not hesitate to <a title=\"NBWF Contact Information\" href=\"https:\/\/nbwildlifefederation.org\/fr\/contactez-nous\/\">contact us<\/a>.<\/p>\n<p><strong><a title=\"View NBWF Conservation Policy Manual\" href=\"https:\/\/nbwildlifefederation.org\/wp-content\/uploads\/2026\/01\/NBWF-Conservation-Policy-Manual-Revision-1-8.pdf\" target=\"_blank\" rel=\"noopener noreferrer\">View resolutions in the NBWF Conservation Policy Manual here&#8230;<\/a><\/strong><\/p>\n<p>You can download \u00ab\u00a0<a title=\"Get Adobe Reader here for free\" href=\"https:\/\/get.adobe.com\/reader\/\" target=\"_blank\" rel=\"noopener noreferrer\">Adobe Reader<\/a>\u00a0\u00bb for free to view the policy manual.<\/p>\n<hr \/>\n","protected":false},"excerpt":{"rendered":"<p>Cette page est actuellement disponible uniquement en anglais et sera convertie en fran\u00e7ais d\u00e8s que possible. Nous vous remercions de votre patience pendant que nous continuons \u00e0 travailler sur la traduction de notre site web. Administrateur du site de la <span class=\"excerpt-dots\">&hellip;<\/span> <a class=\"more-link\" href=\"https:\/\/nbwildlifefederation.org\/fr\/ffnb\/politique-de-conservation-1\/\"><span class=\"more-msg\">Lire la suite &rarr;<\/span><\/a><\/p>\n","protected":false},"author":4,"featured_media":0,"parent":1248,"menu_order":4,"comment_status":"closed","ping_status":"closed","template":"","meta":{"footnotes":""},"class_list":["post-1800","page","type-page","status-publish","hentry"],"yoast_head":"<!-- This site is optimized with the Yoast SEO plugin v27.3 - https:\/\/yoast.com\/product\/yoast-seo-wordpress\/ -->\n<title>Politique de Conservation - La F\u00e9d\u00e9ration de la Faune du Nouveau Brunswick<\/title>\n<meta name=\"robots\" content=\"index, follow, max-snippet:-1, max-image-preview:large, max-video-preview:-1\" \/>\n<link rel=\"canonical\" href=\"https:\/\/nbwildlifefederation.org\/fr\/ffnb\/politique-de-conservation-1\/\" \/>\n<meta property=\"og:locale\" content=\"fr_FR\" \/>\n<meta property=\"og:type\" content=\"article\" \/>\n<meta property=\"og:title\" content=\"Politique de Conservation - La F\u00e9d\u00e9ration de la Faune du Nouveau Brunswick\" \/>\n<meta property=\"og:description\" content=\"Cette page est actuellement disponible uniquement en anglais et sera convertie en fran\u00e7ais d\u00e8s que possible. Nous vous remercions de votre patience pendant que nous continuons \u00e0 travailler sur la traduction de notre site web. Administrateur du site de la &hellip; Lire la suite &rarr;\" \/>\n<meta property=\"og:url\" content=\"https:\/\/nbwildlifefederation.org\/fr\/ffnb\/politique-de-conservation-1\/\" \/>\n<meta property=\"og:site_name\" content=\"La F\u00e9d\u00e9ration de la Faune du Nouveau Brunswick\" \/>\n<meta property=\"article:modified_time\" content=\"2026-01-08T20:10:06+00:00\" \/>\n<meta name=\"twitter:card\" content=\"summary_large_image\" \/>\n<meta name=\"twitter:label1\" content=\"Dur\u00e9e de lecture estim\u00e9e\" \/>\n\t<meta name=\"twitter:data1\" content=\"2 minutes\" \/>\n<script type=\"application\/ld+json\" class=\"yoast-schema-graph\">{\"@context\":\"https:\\\/\\\/schema.org\",\"@graph\":[{\"@type\":\"WebPage\",\"@id\":\"https:\\\/\\\/nbwildlifefederation.org\\\/fr\\\/ffnb\\\/politique-de-conservation-1\\\/\",\"url\":\"https:\\\/\\\/nbwildlifefederation.org\\\/fr\\\/ffnb\\\/politique-de-conservation-1\\\/\",\"name\":\"Politique de Conservation - La F\u00e9d\u00e9ration de la Faune du Nouveau Brunswick\",\"isPartOf\":{\"@id\":\"https:\\\/\\\/nbwildlifefederation.org\\\/fr\\\/#website\"},\"datePublished\":\"2013-07-03T22:17:26+00:00\",\"dateModified\":\"2026-01-08T20:10:06+00:00\",\"breadcrumb\":{\"@id\":\"https:\\\/\\\/nbwildlifefederation.org\\\/fr\\\/ffnb\\\/politique-de-conservation-1\\\/#breadcrumb\"},\"inLanguage\":\"fr-FR\",\"potentialAction\":[{\"@type\":\"ReadAction\",\"target\":[\"https:\\\/\\\/nbwildlifefederation.org\\\/fr\\\/ffnb\\\/politique-de-conservation-1\\\/\"]}]},{\"@type\":\"BreadcrumbList\",\"@id\":\"https:\\\/\\\/nbwildlifefederation.org\\\/fr\\\/ffnb\\\/politique-de-conservation-1\\\/#breadcrumb\",\"itemListElement\":[{\"@type\":\"ListItem\",\"position\":1,\"name\":\"Home\",\"item\":\"https:\\\/\\\/nbwildlifefederation.org\\\/fr\\\/\"},{\"@type\":\"ListItem\",\"position\":2,\"name\":\"La FFNB\",\"item\":\"https:\\\/\\\/nbwildlifefederation.org\\\/fr\\\/ffnb\\\/\"},{\"@type\":\"ListItem\",\"position\":3,\"name\":\"Politique de Conservation\"}]},{\"@type\":\"WebSite\",\"@id\":\"https:\\\/\\\/nbwildlifefederation.org\\\/fr\\\/#website\",\"url\":\"https:\\\/\\\/nbwildlifefederation.org\\\/fr\\\/\",\"name\":\"La F\u00e9d\u00e9ration de la Faune du Nouveau Brunswick\",\"description\":\"Repr\u00e9senter les pr\u00e9occupations de la personne Sports de plein air.\",\"publisher\":{\"@id\":\"https:\\\/\\\/nbwildlifefederation.org\\\/fr\\\/#organization\"},\"potentialAction\":[{\"@type\":\"SearchAction\",\"target\":{\"@type\":\"EntryPoint\",\"urlTemplate\":\"https:\\\/\\\/nbwildlifefederation.org\\\/fr\\\/?s={search_term_string}\"},\"query-input\":{\"@type\":\"PropertyValueSpecification\",\"valueRequired\":true,\"valueName\":\"search_term_string\"}}],\"inLanguage\":\"fr-FR\"},{\"@type\":\"Organization\",\"@id\":\"https:\\\/\\\/nbwildlifefederation.org\\\/fr\\\/#organization\",\"name\":\"New Brunswick Wildlife Federation\",\"url\":\"https:\\\/\\\/nbwildlifefederation.org\\\/fr\\\/\",\"logo\":{\"@type\":\"ImageObject\",\"inLanguage\":\"fr-FR\",\"@id\":\"https:\\\/\\\/nbwildlifefederation.org\\\/fr\\\/#\\\/schema\\\/logo\\\/image\\\/\",\"url\":\"https:\\\/\\\/nbwildlifefederation.org\\\/wp-content\\\/uploads\\\/2016\\\/01\\\/NBWF_Logo.jpg\",\"contentUrl\":\"https:\\\/\\\/nbwildlifefederation.org\\\/wp-content\\\/uploads\\\/2016\\\/01\\\/NBWF_Logo.jpg\",\"width\":960,\"height\":960,\"caption\":\"New Brunswick Wildlife Federation\"},\"image\":{\"@id\":\"https:\\\/\\\/nbwildlifefederation.org\\\/fr\\\/#\\\/schema\\\/logo\\\/image\\\/\"}}]}<\/script>\n<!-- \/ Yoast SEO plugin. -->","yoast_head_json":{"title":"Politique de Conservation - La F\u00e9d\u00e9ration de la Faune du Nouveau Brunswick","robots":{"index":"index","follow":"follow","max-snippet":"max-snippet:-1","max-image-preview":"max-image-preview:large","max-video-preview":"max-video-preview:-1"},"canonical":"https:\/\/nbwildlifefederation.org\/fr\/ffnb\/politique-de-conservation-1\/","og_locale":"fr_FR","og_type":"article","og_title":"Politique de Conservation - La F\u00e9d\u00e9ration de la Faune du Nouveau Brunswick","og_description":"Cette page est actuellement disponible uniquement en anglais et sera convertie en fran\u00e7ais d\u00e8s que possible. Nous vous remercions de votre patience pendant que nous continuons \u00e0 travailler sur la traduction de notre site web. Administrateur du site de la &hellip; Lire la suite &rarr;","og_url":"https:\/\/nbwildlifefederation.org\/fr\/ffnb\/politique-de-conservation-1\/","og_site_name":"La F\u00e9d\u00e9ration de la Faune du Nouveau Brunswick","article_modified_time":"2026-01-08T20:10:06+00:00","twitter_card":"summary_large_image","twitter_misc":{"Dur\u00e9e de lecture estim\u00e9e":"2 minutes"},"schema":{"@context":"https:\/\/schema.org","@graph":[{"@type":"WebPage","@id":"https:\/\/nbwildlifefederation.org\/fr\/ffnb\/politique-de-conservation-1\/","url":"https:\/\/nbwildlifefederation.org\/fr\/ffnb\/politique-de-conservation-1\/","name":"Politique de Conservation - La F\u00e9d\u00e9ration de la Faune du Nouveau Brunswick","isPartOf":{"@id":"https:\/\/nbwildlifefederation.org\/fr\/#website"},"datePublished":"2013-07-03T22:17:26+00:00","dateModified":"2026-01-08T20:10:06+00:00","breadcrumb":{"@id":"https:\/\/nbwildlifefederation.org\/fr\/ffnb\/politique-de-conservation-1\/#breadcrumb"},"inLanguage":"fr-FR","potentialAction":[{"@type":"ReadAction","target":["https:\/\/nbwildlifefederation.org\/fr\/ffnb\/politique-de-conservation-1\/"]}]},{"@type":"BreadcrumbList","@id":"https:\/\/nbwildlifefederation.org\/fr\/ffnb\/politique-de-conservation-1\/#breadcrumb","itemListElement":[{"@type":"ListItem","position":1,"name":"Home","item":"https:\/\/nbwildlifefederation.org\/fr\/"},{"@type":"ListItem","position":2,"name":"La FFNB","item":"https:\/\/nbwildlifefederation.org\/fr\/ffnb\/"},{"@type":"ListItem","position":3,"name":"Politique de Conservation"}]},{"@type":"WebSite","@id":"https:\/\/nbwildlifefederation.org\/fr\/#website","url":"https:\/\/nbwildlifefederation.org\/fr\/","name":"La F\u00e9d\u00e9ration de la Faune du Nouveau Brunswick","description":"Repr\u00e9senter les pr\u00e9occupations de la personne Sports de plein air.","publisher":{"@id":"https:\/\/nbwildlifefederation.org\/fr\/#organization"},"potentialAction":[{"@type":"SearchAction","target":{"@type":"EntryPoint","urlTemplate":"https:\/\/nbwildlifefederation.org\/fr\/?s={search_term_string}"},"query-input":{"@type":"PropertyValueSpecification","valueRequired":true,"valueName":"search_term_string"}}],"inLanguage":"fr-FR"},{"@type":"Organization","@id":"https:\/\/nbwildlifefederation.org\/fr\/#organization","name":"New Brunswick Wildlife Federation","url":"https:\/\/nbwildlifefederation.org\/fr\/","logo":{"@type":"ImageObject","inLanguage":"fr-FR","@id":"https:\/\/nbwildlifefederation.org\/fr\/#\/schema\/logo\/image\/","url":"https:\/\/nbwildlifefederation.org\/wp-content\/uploads\/2016\/01\/NBWF_Logo.jpg","contentUrl":"https:\/\/nbwildlifefederation.org\/wp-content\/uploads\/2016\/01\/NBWF_Logo.jpg","width":960,"height":960,"caption":"New Brunswick Wildlife Federation"},"image":{"@id":"https:\/\/nbwildlifefederation.org\/fr\/#\/schema\/logo\/image\/"}}]}},"_links":{"self":[{"href":"https:\/\/nbwildlifefederation.org\/fr\/wp-json\/wp\/v2\/pages\/1800","targetHints":{"allow":["GET"]}}],"collection":[{"href":"https:\/\/nbwildlifefederation.org\/fr\/wp-json\/wp\/v2\/pages"}],"about":[{"href":"https:\/\/nbwildlifefederation.org\/fr\/wp-json\/wp\/v2\/types\/page"}],"author":[{"embeddable":true,"href":"https:\/\/nbwildlifefederation.org\/fr\/wp-json\/wp\/v2\/users\/4"}],"replies":[{"embeddable":true,"href":"https:\/\/nbwildlifefederation.org\/fr\/wp-json\/wp\/v2\/comments?post=1800"}],"version-history":[{"count":0,"href":"https:\/\/nbwildlifefederation.org\/fr\/wp-json\/wp\/v2\/pages\/1800\/revisions"}],"up":[{"embeddable":true,"href":"https:\/\/nbwildlifefederation.org\/fr\/wp-json\/wp\/v2\/pages\/1248"}],"wp:attachment":[{"href":"https:\/\/nbwildlifefederation.org\/fr\/wp-json\/wp\/v2\/media?parent=1800"}],"curies":[{"name":"wp","href":"https:\/\/api.w.org\/{rel}","templated":true}]}}