{"id":1345,"date":"2012-12-10T17:34:59","date_gmt":"2012-12-10T17:34:59","guid":{"rendered":"http:\/\/nbwildlifefederation-org.bootuptechnology.ca\/www\/?page_id=1345"},"modified":"2019-05-03T15:56:54","modified_gmt":"2019-05-03T18:56:54","slug":"faire-un-don","status":"publish","type":"page","link":"https:\/\/nbwildlifefederation.org\/fr\/collecte-de-fonds\/faire-un-don\/","title":{"rendered":"Faire un don"},"content":{"rendered":"<p><strong><span style=\"color: #ff0000;\">Cette page est actuellement disponible uniquement en anglais et sera convertie en fran\u00e7ais d\u00e8s que possible. Nous vous remercions de votre patience pendant que nous continuons \u00e0 travailler sur la traduction de notre site web.<\/span><\/strong><\/p>\n<p><strong><span style=\"color: #ff0000;\">Administrateur du site de la FFNB<\/span><\/strong><\/p>\n<hr \/>\n<p>Please consider the following ways you can contribute to the ongoing programs and projects of rehabilitating, maintaining and enhancing NBWF and Club initiatives on fish, bird and wildlife habitats in New Brunswick.<\/p>\n<p><strong>VOLUNTEER<\/strong><\/p>\n<p>The gift of your time is also precious and can be appreciated most in your own community through your support of local NBWF Clubs and their projects.<\/p>\n<p><strong>GROUP DONATIONS<\/strong><\/p>\n<p>You could organize your own fundraiser, garage sale or raffle and donate the proceeds to the NB Wildlife Federation. The office can assist you with promotional materials about the causes, programs and projects currently on the horizon.<\/p>\n<p>We encourage you to consider these options to ensure the work of the NB Wildlife Federation continues, uninterrupted, in the coming years.<\/p>\n<p><span style=\"font-size: small;\"><strong>Please <\/strong><strong>contact\u00a0NBWF<\/strong><strong>\u00a0with questions concerning other donations.<\/strong><\/span><\/p>\n","protected":false},"excerpt":{"rendered":"<p>Cette page est actuellement disponible uniquement en anglais et sera convertie en fran\u00e7ais d\u00e8s que possible. Nous vous remercions de votre patience pendant que nous continuons \u00e0 travailler sur la traduction de notre site web. Administrateur du site de la <span class=\"excerpt-dots\">&hellip;<\/span> <a class=\"more-link\" href=\"https:\/\/nbwildlifefederation.org\/fr\/collecte-de-fonds\/faire-un-don\/\"><span class=\"more-msg\">Lire la suite &rarr;<\/span><\/a><\/p>\n","protected":false},"author":4,"featured_media":0,"parent":2982,"menu_order":1,"comment_status":"closed","ping_status":"closed","template":"","meta":{"footnotes":""},"class_list":["post-1345","page","type-page","status-publish","hentry"],"yoast_head":"<!-- This site is optimized with the Yoast SEO plugin v27.3 - https:\/\/yoast.com\/product\/yoast-seo-wordpress\/ -->\n<title>Faire un don - La F\u00e9d\u00e9ration de la Faune du Nouveau Brunswick<\/title>\n<meta name=\"robots\" content=\"index, follow, max-snippet:-1, max-image-preview:large, max-video-preview:-1\" \/>\n<link rel=\"canonical\" href=\"https:\/\/nbwildlifefederation.org\/fr\/collecte-de-fonds\/faire-un-don\/\" \/>\n<meta property=\"og:locale\" content=\"fr_FR\" \/>\n<meta property=\"og:type\" content=\"article\" \/>\n<meta property=\"og:title\" content=\"Faire un don - La F\u00e9d\u00e9ration de la Faune du Nouveau Brunswick\" \/>\n<meta property=\"og:description\" content=\"Cette page est actuellement disponible uniquement en anglais et sera convertie en fran\u00e7ais d\u00e8s que possible. Nous vous remercions de votre patience pendant que nous continuons \u00e0 travailler sur la traduction de notre site web. Administrateur du site de la &hellip; Lire la suite &rarr;\" \/>\n<meta property=\"og:url\" content=\"https:\/\/nbwildlifefederation.org\/fr\/collecte-de-fonds\/faire-un-don\/\" \/>\n<meta property=\"og:site_name\" content=\"La F\u00e9d\u00e9ration de la Faune du Nouveau Brunswick\" \/>\n<meta property=\"article:modified_time\" content=\"2019-05-03T18:56:54+00:00\" \/>\n<meta name=\"twitter:card\" content=\"summary_large_image\" \/>\n<meta name=\"twitter:label1\" content=\"Dur\u00e9e de lecture estim\u00e9e\" \/>\n\t<meta name=\"twitter:data1\" content=\"1 minute\" \/>\n<script type=\"application\/ld+json\" class=\"yoast-schema-graph\">{\"@context\":\"https:\\\/\\\/schema.org\",\"@graph\":[{\"@type\":\"WebPage\",\"@id\":\"https:\\\/\\\/nbwildlifefederation.org\\\/fr\\\/collecte-de-fonds\\\/faire-un-don\\\/\",\"url\":\"https:\\\/\\\/nbwildlifefederation.org\\\/fr\\\/collecte-de-fonds\\\/faire-un-don\\\/\",\"name\":\"Faire un don - La F\u00e9d\u00e9ration de la Faune du Nouveau Brunswick\",\"isPartOf\":{\"@id\":\"https:\\\/\\\/nbwildlifefederation.org\\\/fr\\\/#website\"},\"datePublished\":\"2012-12-10T17:34:59+00:00\",\"dateModified\":\"2019-05-03T18:56:54+00:00\",\"breadcrumb\":{\"@id\":\"https:\\\/\\\/nbwildlifefederation.org\\\/fr\\\/collecte-de-fonds\\\/faire-un-don\\\/#breadcrumb\"},\"inLanguage\":\"fr-FR\",\"potentialAction\":[{\"@type\":\"ReadAction\",\"target\":[\"https:\\\/\\\/nbwildlifefederation.org\\\/fr\\\/collecte-de-fonds\\\/faire-un-don\\\/\"]}]},{\"@type\":\"BreadcrumbList\",\"@id\":\"https:\\\/\\\/nbwildlifefederation.org\\\/fr\\\/collecte-de-fonds\\\/faire-un-don\\\/#breadcrumb\",\"itemListElement\":[{\"@type\":\"ListItem\",\"position\":1,\"name\":\"Home\",\"item\":\"https:\\\/\\\/nbwildlifefederation.org\\\/fr\\\/\"},{\"@type\":\"ListItem\",\"position\":2,\"name\":\"Collecte de fonds\",\"item\":\"https:\\\/\\\/nbwildlifefederation.org\\\/fr\\\/collecte-de-fonds\\\/\"},{\"@type\":\"ListItem\",\"position\":3,\"name\":\"Faire un don\"}]},{\"@type\":\"WebSite\",\"@id\":\"https:\\\/\\\/nbwildlifefederation.org\\\/fr\\\/#website\",\"url\":\"https:\\\/\\\/nbwildlifefederation.org\\\/fr\\\/\",\"name\":\"La F\u00e9d\u00e9ration de la Faune du Nouveau Brunswick\",\"description\":\"Repr\u00e9senter les pr\u00e9occupations de la personne Sports de plein air.\",\"publisher\":{\"@id\":\"https:\\\/\\\/nbwildlifefederation.org\\\/fr\\\/#organization\"},\"potentialAction\":[{\"@type\":\"SearchAction\",\"target\":{\"@type\":\"EntryPoint\",\"urlTemplate\":\"https:\\\/\\\/nbwildlifefederation.org\\\/fr\\\/?s={search_term_string}\"},\"query-input\":{\"@type\":\"PropertyValueSpecification\",\"valueRequired\":true,\"valueName\":\"search_term_string\"}}],\"inLanguage\":\"fr-FR\"},{\"@type\":\"Organization\",\"@id\":\"https:\\\/\\\/nbwildlifefederation.org\\\/fr\\\/#organization\",\"name\":\"New Brunswick Wildlife Federation\",\"url\":\"https:\\\/\\\/nbwildlifefederation.org\\\/fr\\\/\",\"logo\":{\"@type\":\"ImageObject\",\"inLanguage\":\"fr-FR\",\"@id\":\"https:\\\/\\\/nbwildlifefederation.org\\\/fr\\\/#\\\/schema\\\/logo\\\/image\\\/\",\"url\":\"https:\\\/\\\/nbwildlifefederation.org\\\/wp-content\\\/uploads\\\/2016\\\/01\\\/NBWF_Logo.jpg\",\"contentUrl\":\"https:\\\/\\\/nbwildlifefederation.org\\\/wp-content\\\/uploads\\\/2016\\\/01\\\/NBWF_Logo.jpg\",\"width\":960,\"height\":960,\"caption\":\"New Brunswick Wildlife Federation\"},\"image\":{\"@id\":\"https:\\\/\\\/nbwildlifefederation.org\\\/fr\\\/#\\\/schema\\\/logo\\\/image\\\/\"}}]}<\/script>\n<!-- \/ Yoast SEO plugin. -->","yoast_head_json":{"title":"Faire un don - La F\u00e9d\u00e9ration de la Faune du Nouveau Brunswick","robots":{"index":"index","follow":"follow","max-snippet":"max-snippet:-1","max-image-preview":"max-image-preview:large","max-video-preview":"max-video-preview:-1"},"canonical":"https:\/\/nbwildlifefederation.org\/fr\/collecte-de-fonds\/faire-un-don\/","og_locale":"fr_FR","og_type":"article","og_title":"Faire un don - La F\u00e9d\u00e9ration de la Faune du Nouveau Brunswick","og_description":"Cette page est actuellement disponible uniquement en anglais et sera convertie en fran\u00e7ais d\u00e8s que possible. Nous vous remercions de votre patience pendant que nous continuons \u00e0 travailler sur la traduction de notre site web. Administrateur du site de la &hellip; Lire la suite &rarr;","og_url":"https:\/\/nbwildlifefederation.org\/fr\/collecte-de-fonds\/faire-un-don\/","og_site_name":"La F\u00e9d\u00e9ration de la Faune du Nouveau Brunswick","article_modified_time":"2019-05-03T18:56:54+00:00","twitter_card":"summary_large_image","twitter_misc":{"Dur\u00e9e de lecture estim\u00e9e":"1 minute"},"schema":{"@context":"https:\/\/schema.org","@graph":[{"@type":"WebPage","@id":"https:\/\/nbwildlifefederation.org\/fr\/collecte-de-fonds\/faire-un-don\/","url":"https:\/\/nbwildlifefederation.org\/fr\/collecte-de-fonds\/faire-un-don\/","name":"Faire un don - La F\u00e9d\u00e9ration de la Faune du Nouveau Brunswick","isPartOf":{"@id":"https:\/\/nbwildlifefederation.org\/fr\/#website"},"datePublished":"2012-12-10T17:34:59+00:00","dateModified":"2019-05-03T18:56:54+00:00","breadcrumb":{"@id":"https:\/\/nbwildlifefederation.org\/fr\/collecte-de-fonds\/faire-un-don\/#breadcrumb"},"inLanguage":"fr-FR","potentialAction":[{"@type":"ReadAction","target":["https:\/\/nbwildlifefederation.org\/fr\/collecte-de-fonds\/faire-un-don\/"]}]},{"@type":"BreadcrumbList","@id":"https:\/\/nbwildlifefederation.org\/fr\/collecte-de-fonds\/faire-un-don\/#breadcrumb","itemListElement":[{"@type":"ListItem","position":1,"name":"Home","item":"https:\/\/nbwildlifefederation.org\/fr\/"},{"@type":"ListItem","position":2,"name":"Collecte de fonds","item":"https:\/\/nbwildlifefederation.org\/fr\/collecte-de-fonds\/"},{"@type":"ListItem","position":3,"name":"Faire un don"}]},{"@type":"WebSite","@id":"https:\/\/nbwildlifefederation.org\/fr\/#website","url":"https:\/\/nbwildlifefederation.org\/fr\/","name":"La F\u00e9d\u00e9ration de la Faune du Nouveau Brunswick","description":"Repr\u00e9senter les pr\u00e9occupations de la personne Sports de plein air.","publisher":{"@id":"https:\/\/nbwildlifefederation.org\/fr\/#organization"},"potentialAction":[{"@type":"SearchAction","target":{"@type":"EntryPoint","urlTemplate":"https:\/\/nbwildlifefederation.org\/fr\/?s={search_term_string}"},"query-input":{"@type":"PropertyValueSpecification","valueRequired":true,"valueName":"search_term_string"}}],"inLanguage":"fr-FR"},{"@type":"Organization","@id":"https:\/\/nbwildlifefederation.org\/fr\/#organization","name":"New Brunswick Wildlife Federation","url":"https:\/\/nbwildlifefederation.org\/fr\/","logo":{"@type":"ImageObject","inLanguage":"fr-FR","@id":"https:\/\/nbwildlifefederation.org\/fr\/#\/schema\/logo\/image\/","url":"https:\/\/nbwildlifefederation.org\/wp-content\/uploads\/2016\/01\/NBWF_Logo.jpg","contentUrl":"https:\/\/nbwildlifefederation.org\/wp-content\/uploads\/2016\/01\/NBWF_Logo.jpg","width":960,"height":960,"caption":"New Brunswick Wildlife Federation"},"image":{"@id":"https:\/\/nbwildlifefederation.org\/fr\/#\/schema\/logo\/image\/"}}]}},"_links":{"self":[{"href":"https:\/\/nbwildlifefederation.org\/fr\/wp-json\/wp\/v2\/pages\/1345","targetHints":{"allow":["GET"]}}],"collection":[{"href":"https:\/\/nbwildlifefederation.org\/fr\/wp-json\/wp\/v2\/pages"}],"about":[{"href":"https:\/\/nbwildlifefederation.org\/fr\/wp-json\/wp\/v2\/types\/page"}],"author":[{"embeddable":true,"href":"https:\/\/nbwildlifefederation.org\/fr\/wp-json\/wp\/v2\/users\/4"}],"replies":[{"embeddable":true,"href":"https:\/\/nbwildlifefederation.org\/fr\/wp-json\/wp\/v2\/comments?post=1345"}],"version-history":[{"count":0,"href":"https:\/\/nbwildlifefederation.org\/fr\/wp-json\/wp\/v2\/pages\/1345\/revisions"}],"up":[{"embeddable":true,"href":"https:\/\/nbwildlifefederation.org\/fr\/wp-json\/wp\/v2\/pages\/2982"}],"wp:attachment":[{"href":"https:\/\/nbwildlifefederation.org\/fr\/wp-json\/wp\/v2\/media?parent=1345"}],"curies":[{"name":"wp","href":"https:\/\/api.w.org\/{rel}","templated":true}]}}