{"id":1339,"date":"2025-03-10T08:00:05","date_gmt":"2025-03-10T11:00:05","guid":{"rendered":"http:\/\/nbwildlifefederation-org.bootuptechnology.ca\/www\/?page_id=1339"},"modified":"2025-03-10T14:58:03","modified_gmt":"2025-03-10T17:58:03","slug":"nbwf-formulaire-dadhesion","status":"publish","type":"page","link":"https:\/\/nbwildlifefederation.org\/fr\/membres\/nbwf-formulaire-dadhesion\/","title":{"rendered":"NBWF Formulaire d\u2019adh\u00e9sion"},"content":{"rendered":"<p><strong><span style=\"color: #ff0000;\">Cette page est actuellement disponible uniquement en anglais et sera convertie en fran\u00e7ais d\u00e8s que possible. Nous vous remercions de votre patience pendant que nous continuons \u00e0 travailler sur la traduction de notre site web.<\/span><\/strong><\/p>\n<p><strong><span style=\"color: #ff0000;\">Administrateur du site de la FFNB<\/span><\/strong><\/p>\n<hr \/>\n<p>Complete and print the <a title=\"NBWF Membership Application Form\" href=\"https:\/\/nbwildlifefederation.org\/wp-content\/uploads\/2025\/03\/NBWF_Membership_Application_Form_2025_March_10.pdf\" target=\"_blank\" rel=\"noopener noreferrer\">NBWF Membership Application Form<\/a> and mail it to the following address:<\/p>\n<p><a href=\"https:\/\/nbwildlifefederation.org\/wp-content\/uploads\/2025\/03\/NBWF_Membership_Application_Form_2025_March_10.pdf\" target=\"_blank\" rel=\"noopener\"><img loading=\"lazy\" decoding=\"async\" class=\"alignnone wp-image-5792 size-full\" src=\"https:\/\/nbwildlifefederation.org\/wp-content\/uploads\/2025\/03\/NBWF_Membership_Renewal_fr.jpg\" alt=\"\" width=\"530\" height=\"171\" srcset=\"https:\/\/nbwildlifefederation.org\/wp-content\/uploads\/2025\/03\/NBWF_Membership_Renewal_fr.jpg 530w, https:\/\/nbwildlifefederation.org\/wp-content\/uploads\/2025\/03\/NBWF_Membership_Renewal_fr-300x97.jpg 300w\" sizes=\"auto, (max-width: 530px) 100vw, 530px\" \/><\/a><\/p>\n<p>New Brunswick Wildlife Federation<br \/>\nMembership Application<br \/>\nP.O. Box 549<br \/>\nMoncton, New Brunswick<br \/>\nE1C 8L9<\/p>\n<p>Note: For additional information please <a href=\"https:\/\/nbwildlifefederation.org\/contacts\/\">contact NBWF<\/a>.<\/p>\n","protected":false},"excerpt":{"rendered":"<p>Cette page est actuellement disponible uniquement en anglais et sera convertie en fran\u00e7ais d\u00e8s que possible. Nous vous remercions de votre patience pendant que nous continuons \u00e0 travailler sur la traduction de notre site web. Administrateur du site de la <span class=\"excerpt-dots\">&hellip;<\/span> <a class=\"more-link\" href=\"https:\/\/nbwildlifefederation.org\/fr\/membres\/nbwf-formulaire-dadhesion\/\"><span class=\"more-msg\">Lire la suite &rarr;<\/span><\/a><\/p>\n","protected":false},"author":4,"featured_media":0,"parent":1335,"menu_order":2,"comment_status":"closed","ping_status":"closed","template":"","meta":{"footnotes":""},"class_list":["post-1339","page","type-page","status-publish","hentry"],"yoast_head":"<!-- This site is optimized with the Yoast SEO plugin v27.3 - https:\/\/yoast.com\/product\/yoast-seo-wordpress\/ -->\n<title>NBWF Formulaire d\u2019adh\u00e9sion - La F\u00e9d\u00e9ration de la Faune du Nouveau Brunswick<\/title>\n<meta name=\"robots\" content=\"index, follow, max-snippet:-1, max-image-preview:large, max-video-preview:-1\" \/>\n<link rel=\"canonical\" href=\"https:\/\/nbwildlifefederation.org\/fr\/membres\/nbwf-formulaire-dadhesion\/\" \/>\n<meta property=\"og:locale\" content=\"fr_FR\" \/>\n<meta property=\"og:type\" content=\"article\" \/>\n<meta property=\"og:title\" content=\"NBWF Formulaire d\u2019adh\u00e9sion - La F\u00e9d\u00e9ration de la Faune du Nouveau Brunswick\" \/>\n<meta property=\"og:description\" content=\"Cette page est actuellement disponible uniquement en anglais et sera convertie en fran\u00e7ais d\u00e8s que possible. Nous vous remercions de votre patience pendant que nous continuons \u00e0 travailler sur la traduction de notre site web. Administrateur du site de la &hellip; Lire la suite &rarr;\" \/>\n<meta property=\"og:url\" content=\"https:\/\/nbwildlifefederation.org\/fr\/membres\/nbwf-formulaire-dadhesion\/\" \/>\n<meta property=\"og:site_name\" content=\"La F\u00e9d\u00e9ration de la Faune du Nouveau Brunswick\" \/>\n<meta property=\"article:modified_time\" content=\"2025-03-10T17:58:03+00:00\" \/>\n<meta property=\"og:image\" content=\"https:\/\/nbwildlifefederation.org\/wp-content\/uploads\/2024\/01\/NBWF_Membership_Renewal.jpg\" \/>\n\t<meta property=\"og:image:width\" content=\"582\" \/>\n\t<meta property=\"og:image:height\" content=\"142\" \/>\n\t<meta property=\"og:image:type\" content=\"image\/jpeg\" \/>\n<meta name=\"twitter:card\" content=\"summary_large_image\" \/>\n<meta name=\"twitter:label1\" content=\"Dur\u00e9e de lecture estim\u00e9e\" \/>\n\t<meta name=\"twitter:data1\" content=\"1 minute\" \/>\n<script type=\"application\/ld+json\" class=\"yoast-schema-graph\">{\"@context\":\"https:\\\/\\\/schema.org\",\"@graph\":[{\"@type\":\"WebPage\",\"@id\":\"https:\\\/\\\/nbwildlifefederation.org\\\/fr\\\/membres\\\/nbwf-formulaire-dadhesion\\\/\",\"url\":\"https:\\\/\\\/nbwildlifefederation.org\\\/fr\\\/membres\\\/nbwf-formulaire-dadhesion\\\/\",\"name\":\"NBWF Formulaire d\u2019adh\u00e9sion - La F\u00e9d\u00e9ration de la Faune du Nouveau Brunswick\",\"isPartOf\":{\"@id\":\"https:\\\/\\\/nbwildlifefederation.org\\\/fr\\\/#website\"},\"primaryImageOfPage\":{\"@id\":\"https:\\\/\\\/nbwildlifefederation.org\\\/fr\\\/membres\\\/nbwf-formulaire-dadhesion\\\/#primaryimage\"},\"image\":{\"@id\":\"https:\\\/\\\/nbwildlifefederation.org\\\/fr\\\/membres\\\/nbwf-formulaire-dadhesion\\\/#primaryimage\"},\"thumbnailUrl\":\"https:\\\/\\\/nbwildlifefederation.org\\\/wp-content\\\/uploads\\\/2025\\\/03\\\/NBWF_Membership_Renewal_fr.jpg\",\"datePublished\":\"2025-03-10T11:00:05+00:00\",\"dateModified\":\"2025-03-10T17:58:03+00:00\",\"breadcrumb\":{\"@id\":\"https:\\\/\\\/nbwildlifefederation.org\\\/fr\\\/membres\\\/nbwf-formulaire-dadhesion\\\/#breadcrumb\"},\"inLanguage\":\"fr-FR\",\"potentialAction\":[{\"@type\":\"ReadAction\",\"target\":[\"https:\\\/\\\/nbwildlifefederation.org\\\/fr\\\/membres\\\/nbwf-formulaire-dadhesion\\\/\"]}]},{\"@type\":\"ImageObject\",\"inLanguage\":\"fr-FR\",\"@id\":\"https:\\\/\\\/nbwildlifefederation.org\\\/fr\\\/membres\\\/nbwf-formulaire-dadhesion\\\/#primaryimage\",\"url\":\"https:\\\/\\\/nbwildlifefederation.org\\\/wp-content\\\/uploads\\\/2025\\\/03\\\/NBWF_Membership_Renewal_fr.jpg\",\"contentUrl\":\"https:\\\/\\\/nbwildlifefederation.org\\\/wp-content\\\/uploads\\\/2025\\\/03\\\/NBWF_Membership_Renewal_fr.jpg\"},{\"@type\":\"BreadcrumbList\",\"@id\":\"https:\\\/\\\/nbwildlifefederation.org\\\/fr\\\/membres\\\/nbwf-formulaire-dadhesion\\\/#breadcrumb\",\"itemListElement\":[{\"@type\":\"ListItem\",\"position\":1,\"name\":\"Home\",\"item\":\"https:\\\/\\\/nbwildlifefederation.org\\\/fr\\\/\"},{\"@type\":\"ListItem\",\"position\":2,\"name\":\"Membres\",\"item\":\"https:\\\/\\\/nbwildlifefederation.org\\\/fr\\\/membres\\\/\"},{\"@type\":\"ListItem\",\"position\":3,\"name\":\"NBWF Formulaire d\u2019adh\u00e9sion\"}]},{\"@type\":\"WebSite\",\"@id\":\"https:\\\/\\\/nbwildlifefederation.org\\\/fr\\\/#website\",\"url\":\"https:\\\/\\\/nbwildlifefederation.org\\\/fr\\\/\",\"name\":\"La F\u00e9d\u00e9ration de la Faune du Nouveau Brunswick\",\"description\":\"Repr\u00e9senter les pr\u00e9occupations de la personne Sports de plein air.\",\"publisher\":{\"@id\":\"https:\\\/\\\/nbwildlifefederation.org\\\/fr\\\/#organization\"},\"potentialAction\":[{\"@type\":\"SearchAction\",\"target\":{\"@type\":\"EntryPoint\",\"urlTemplate\":\"https:\\\/\\\/nbwildlifefederation.org\\\/fr\\\/?s={search_term_string}\"},\"query-input\":{\"@type\":\"PropertyValueSpecification\",\"valueRequired\":true,\"valueName\":\"search_term_string\"}}],\"inLanguage\":\"fr-FR\"},{\"@type\":\"Organization\",\"@id\":\"https:\\\/\\\/nbwildlifefederation.org\\\/fr\\\/#organization\",\"name\":\"New Brunswick Wildlife Federation\",\"url\":\"https:\\\/\\\/nbwildlifefederation.org\\\/fr\\\/\",\"logo\":{\"@type\":\"ImageObject\",\"inLanguage\":\"fr-FR\",\"@id\":\"https:\\\/\\\/nbwildlifefederation.org\\\/fr\\\/#\\\/schema\\\/logo\\\/image\\\/\",\"url\":\"https:\\\/\\\/nbwildlifefederation.org\\\/wp-content\\\/uploads\\\/2016\\\/01\\\/NBWF_Logo.jpg\",\"contentUrl\":\"https:\\\/\\\/nbwildlifefederation.org\\\/wp-content\\\/uploads\\\/2016\\\/01\\\/NBWF_Logo.jpg\",\"width\":960,\"height\":960,\"caption\":\"New Brunswick Wildlife Federation\"},\"image\":{\"@id\":\"https:\\\/\\\/nbwildlifefederation.org\\\/fr\\\/#\\\/schema\\\/logo\\\/image\\\/\"}}]}<\/script>\n<!-- \/ Yoast SEO plugin. -->","yoast_head_json":{"title":"NBWF Formulaire d\u2019adh\u00e9sion - La F\u00e9d\u00e9ration de la Faune du Nouveau Brunswick","robots":{"index":"index","follow":"follow","max-snippet":"max-snippet:-1","max-image-preview":"max-image-preview:large","max-video-preview":"max-video-preview:-1"},"canonical":"https:\/\/nbwildlifefederation.org\/fr\/membres\/nbwf-formulaire-dadhesion\/","og_locale":"fr_FR","og_type":"article","og_title":"NBWF Formulaire d\u2019adh\u00e9sion - La F\u00e9d\u00e9ration de la Faune du Nouveau Brunswick","og_description":"Cette page est actuellement disponible uniquement en anglais et sera convertie en fran\u00e7ais d\u00e8s que possible. Nous vous remercions de votre patience pendant que nous continuons \u00e0 travailler sur la traduction de notre site web. Administrateur du site de la &hellip; Lire la suite &rarr;","og_url":"https:\/\/nbwildlifefederation.org\/fr\/membres\/nbwf-formulaire-dadhesion\/","og_site_name":"La F\u00e9d\u00e9ration de la Faune du Nouveau Brunswick","article_modified_time":"2025-03-10T17:58:03+00:00","og_image":[{"width":582,"height":142,"url":"https:\/\/nbwildlifefederation.org\/wp-content\/uploads\/2024\/01\/NBWF_Membership_Renewal.jpg","type":"image\/jpeg"}],"twitter_card":"summary_large_image","twitter_misc":{"Dur\u00e9e de lecture estim\u00e9e":"1 minute"},"schema":{"@context":"https:\/\/schema.org","@graph":[{"@type":"WebPage","@id":"https:\/\/nbwildlifefederation.org\/fr\/membres\/nbwf-formulaire-dadhesion\/","url":"https:\/\/nbwildlifefederation.org\/fr\/membres\/nbwf-formulaire-dadhesion\/","name":"NBWF Formulaire d\u2019adh\u00e9sion - La F\u00e9d\u00e9ration de la Faune du Nouveau Brunswick","isPartOf":{"@id":"https:\/\/nbwildlifefederation.org\/fr\/#website"},"primaryImageOfPage":{"@id":"https:\/\/nbwildlifefederation.org\/fr\/membres\/nbwf-formulaire-dadhesion\/#primaryimage"},"image":{"@id":"https:\/\/nbwildlifefederation.org\/fr\/membres\/nbwf-formulaire-dadhesion\/#primaryimage"},"thumbnailUrl":"https:\/\/nbwildlifefederation.org\/wp-content\/uploads\/2025\/03\/NBWF_Membership_Renewal_fr.jpg","datePublished":"2025-03-10T11:00:05+00:00","dateModified":"2025-03-10T17:58:03+00:00","breadcrumb":{"@id":"https:\/\/nbwildlifefederation.org\/fr\/membres\/nbwf-formulaire-dadhesion\/#breadcrumb"},"inLanguage":"fr-FR","potentialAction":[{"@type":"ReadAction","target":["https:\/\/nbwildlifefederation.org\/fr\/membres\/nbwf-formulaire-dadhesion\/"]}]},{"@type":"ImageObject","inLanguage":"fr-FR","@id":"https:\/\/nbwildlifefederation.org\/fr\/membres\/nbwf-formulaire-dadhesion\/#primaryimage","url":"https:\/\/nbwildlifefederation.org\/wp-content\/uploads\/2025\/03\/NBWF_Membership_Renewal_fr.jpg","contentUrl":"https:\/\/nbwildlifefederation.org\/wp-content\/uploads\/2025\/03\/NBWF_Membership_Renewal_fr.jpg"},{"@type":"BreadcrumbList","@id":"https:\/\/nbwildlifefederation.org\/fr\/membres\/nbwf-formulaire-dadhesion\/#breadcrumb","itemListElement":[{"@type":"ListItem","position":1,"name":"Home","item":"https:\/\/nbwildlifefederation.org\/fr\/"},{"@type":"ListItem","position":2,"name":"Membres","item":"https:\/\/nbwildlifefederation.org\/fr\/membres\/"},{"@type":"ListItem","position":3,"name":"NBWF Formulaire d\u2019adh\u00e9sion"}]},{"@type":"WebSite","@id":"https:\/\/nbwildlifefederation.org\/fr\/#website","url":"https:\/\/nbwildlifefederation.org\/fr\/","name":"La F\u00e9d\u00e9ration de la Faune du Nouveau Brunswick","description":"Repr\u00e9senter les pr\u00e9occupations de la personne Sports de plein air.","publisher":{"@id":"https:\/\/nbwildlifefederation.org\/fr\/#organization"},"potentialAction":[{"@type":"SearchAction","target":{"@type":"EntryPoint","urlTemplate":"https:\/\/nbwildlifefederation.org\/fr\/?s={search_term_string}"},"query-input":{"@type":"PropertyValueSpecification","valueRequired":true,"valueName":"search_term_string"}}],"inLanguage":"fr-FR"},{"@type":"Organization","@id":"https:\/\/nbwildlifefederation.org\/fr\/#organization","name":"New Brunswick Wildlife Federation","url":"https:\/\/nbwildlifefederation.org\/fr\/","logo":{"@type":"ImageObject","inLanguage":"fr-FR","@id":"https:\/\/nbwildlifefederation.org\/fr\/#\/schema\/logo\/image\/","url":"https:\/\/nbwildlifefederation.org\/wp-content\/uploads\/2016\/01\/NBWF_Logo.jpg","contentUrl":"https:\/\/nbwildlifefederation.org\/wp-content\/uploads\/2016\/01\/NBWF_Logo.jpg","width":960,"height":960,"caption":"New Brunswick Wildlife Federation"},"image":{"@id":"https:\/\/nbwildlifefederation.org\/fr\/#\/schema\/logo\/image\/"}}]}},"_links":{"self":[{"href":"https:\/\/nbwildlifefederation.org\/fr\/wp-json\/wp\/v2\/pages\/1339","targetHints":{"allow":["GET"]}}],"collection":[{"href":"https:\/\/nbwildlifefederation.org\/fr\/wp-json\/wp\/v2\/pages"}],"about":[{"href":"https:\/\/nbwildlifefederation.org\/fr\/wp-json\/wp\/v2\/types\/page"}],"author":[{"embeddable":true,"href":"https:\/\/nbwildlifefederation.org\/fr\/wp-json\/wp\/v2\/users\/4"}],"replies":[{"embeddable":true,"href":"https:\/\/nbwildlifefederation.org\/fr\/wp-json\/wp\/v2\/comments?post=1339"}],"version-history":[{"count":0,"href":"https:\/\/nbwildlifefederation.org\/fr\/wp-json\/wp\/v2\/pages\/1339\/revisions"}],"up":[{"embeddable":true,"href":"https:\/\/nbwildlifefederation.org\/fr\/wp-json\/wp\/v2\/pages\/1335"}],"wp:attachment":[{"href":"https:\/\/nbwildlifefederation.org\/fr\/wp-json\/wp\/v2\/media?parent=1339"}],"curies":[{"name":"wp","href":"https:\/\/api.w.org\/{rel}","templated":true}]}}