{"id":1337,"date":"2012-12-10T17:30:53","date_gmt":"2012-12-10T17:30:53","guid":{"rendered":"http:\/\/nbwildlifefederation-org.bootuptechnology.ca\/www\/?page_id=1337"},"modified":"2022-12-05T09:58:45","modified_gmt":"2022-12-05T13:58:45","slug":"la-ffnb-membres","status":"publish","type":"page","link":"https:\/\/nbwildlifefederation.org\/fr\/membres\/la-ffnb-membres\/","title":{"rendered":"La FFNB Membres"},"content":{"rendered":"<p><strong><span style=\"color: #ff0000;\">Cette page est actuellement disponible uniquement en anglais et sera convertie en fran\u00e7ais d\u00e8s que possible. Nous vous remercions de votre patience pendant que nous continuons \u00e0 travailler sur la traduction de notre site web.<\/span><\/strong><\/p>\n<p><strong><span style=\"color: #ff0000;\">Administrateur du site de la FFNB<\/span><\/strong><\/p>\n<hr \/>\n<p>Members of the Federation shall be user groups of the renewable and non-renewable natural resources in the Province of New Brunswick whose aims or objects are in agreement with those of the Federation.<\/p>\n<p>Membership in the Federation is divided into Clubs and Individuals:<\/p>\n<h2>Club Members<\/h2>\n<p>Active membership includes provincial hunting and fishing clubs, associations or organizations whose objects are substantially in accord with those of the Federation and who have paid the required annual dues to the Federation.<\/p>\n<p>These clubs are known as \u00ab\u00a0Branches\u00a0\u00bb within the Federation and new Branches must consist of 15 or more members who have paid dues of $3.00 per member to the Federation to a maximum of $400.00 per club. Proper application must be made to the Federation and for more information on becoming a \u00ab\u00a0Branch\u00a0\u00bb of the Federation please contact the Chairman of the Membership Committee as identified on this website.<\/p>\n<p>Each Branch\/Club is permitted one delegate who becomes a member of the Board of Directors of the Federation.<\/p>\n<p>Each Branch\/Club is also permitted to send three voting delegates to the Annual General Meeting of the Federation.<\/p>\n<p>Each member of a Branch\/Club that is affiliated with the Federation is automatically insured for $4000 of accidental death or disability insurance through AIL Insurance. There are other benefits available which can be explained by your Zone Vice &#8211; President.<\/p>\n<h2>Individual Members<\/h2>\n<p>There are various classifications of supporting members but we will only deal with Individual Membership in this section.<\/p>\n<p>The <acronym title=\"New Brunswick Wildlife Federation\">NBWF<\/acronym> is a volunteer, non-profit, non-government organization of hunters, anglers, trappers and conservationists dedicated to conservation and wise use of our natural resources. As the demand for a share of our fish and wildlife and other natural resources increases, we need a strong and united voice to advance our concerns.<\/p>\n<p>The <acronym title=\"New Brunswick Wildlife Federation\">NBWF<\/acronym> has existed since 1924. Your support is required to ensure that quality hunting, fishing and trapping exists for future generations. To join the <acronym title=\"New Brunswick Wildlife Federation\">NBWF<\/acronym> as an individual member, please click link below and fill out the membership form.<\/p>\n<p>Each individual member of the Federation is automatically insured for $4000 of accidental death or disability insurance through AIL Insurance. There are other benefits available which can be explained by any member of the Executive.<\/p>\n<h2>NBWF Membership<\/h2>\n<p><a href=\"https:\/\/nbwildlifefederation.org\/membership\/nbwf-membership-form\/\">Click here for NBWF Membership Application Form<\/a><\/p>\n","protected":false},"excerpt":{"rendered":"<p>Cette page est actuellement disponible uniquement en anglais et sera convertie en fran\u00e7ais d\u00e8s que possible. Nous vous remercions de votre patience pendant que nous continuons \u00e0 travailler sur la traduction de notre site web. Administrateur du site de la <span class=\"excerpt-dots\">&hellip;<\/span> <a class=\"more-link\" href=\"https:\/\/nbwildlifefederation.org\/fr\/membres\/la-ffnb-membres\/\"><span class=\"more-msg\">Lire la suite &rarr;<\/span><\/a><\/p>\n","protected":false},"author":4,"featured_media":0,"parent":1335,"menu_order":1,"comment_status":"closed","ping_status":"closed","template":"","meta":{"footnotes":""},"class_list":["post-1337","page","type-page","status-publish","hentry"],"yoast_head":"<!-- This site is optimized with the Yoast SEO plugin v27.3 - https:\/\/yoast.com\/product\/yoast-seo-wordpress\/ -->\n<title>La FFNB Membres - La F\u00e9d\u00e9ration de la Faune du Nouveau Brunswick<\/title>\n<meta name=\"robots\" content=\"index, follow, max-snippet:-1, max-image-preview:large, max-video-preview:-1\" \/>\n<link rel=\"canonical\" href=\"https:\/\/nbwildlifefederation.org\/fr\/membres\/la-ffnb-membres\/\" \/>\n<meta property=\"og:locale\" content=\"fr_FR\" \/>\n<meta property=\"og:type\" content=\"article\" \/>\n<meta property=\"og:title\" content=\"La FFNB Membres - La F\u00e9d\u00e9ration de la Faune du Nouveau Brunswick\" \/>\n<meta property=\"og:description\" content=\"Cette page est actuellement disponible uniquement en anglais et sera convertie en fran\u00e7ais d\u00e8s que possible. Nous vous remercions de votre patience pendant que nous continuons \u00e0 travailler sur la traduction de notre site web. Administrateur du site de la &hellip; Lire la suite &rarr;\" \/>\n<meta property=\"og:url\" content=\"https:\/\/nbwildlifefederation.org\/fr\/membres\/la-ffnb-membres\/\" \/>\n<meta property=\"og:site_name\" content=\"La F\u00e9d\u00e9ration de la Faune du Nouveau Brunswick\" \/>\n<meta property=\"article:modified_time\" content=\"2022-12-05T13:58:45+00:00\" \/>\n<meta name=\"twitter:card\" content=\"summary_large_image\" \/>\n<meta name=\"twitter:label1\" content=\"Dur\u00e9e de lecture estim\u00e9e\" \/>\n\t<meta name=\"twitter:data1\" content=\"2 minutes\" \/>\n<script type=\"application\/ld+json\" class=\"yoast-schema-graph\">{\"@context\":\"https:\\\/\\\/schema.org\",\"@graph\":[{\"@type\":\"WebPage\",\"@id\":\"https:\\\/\\\/nbwildlifefederation.org\\\/fr\\\/membres\\\/la-ffnb-membres\\\/\",\"url\":\"https:\\\/\\\/nbwildlifefederation.org\\\/fr\\\/membres\\\/la-ffnb-membres\\\/\",\"name\":\"La FFNB Membres - La F\u00e9d\u00e9ration de la Faune du Nouveau Brunswick\",\"isPartOf\":{\"@id\":\"https:\\\/\\\/nbwildlifefederation.org\\\/fr\\\/#website\"},\"datePublished\":\"2012-12-10T17:30:53+00:00\",\"dateModified\":\"2022-12-05T13:58:45+00:00\",\"breadcrumb\":{\"@id\":\"https:\\\/\\\/nbwildlifefederation.org\\\/fr\\\/membres\\\/la-ffnb-membres\\\/#breadcrumb\"},\"inLanguage\":\"fr-FR\",\"potentialAction\":[{\"@type\":\"ReadAction\",\"target\":[\"https:\\\/\\\/nbwildlifefederation.org\\\/fr\\\/membres\\\/la-ffnb-membres\\\/\"]}]},{\"@type\":\"BreadcrumbList\",\"@id\":\"https:\\\/\\\/nbwildlifefederation.org\\\/fr\\\/membres\\\/la-ffnb-membres\\\/#breadcrumb\",\"itemListElement\":[{\"@type\":\"ListItem\",\"position\":1,\"name\":\"Home\",\"item\":\"https:\\\/\\\/nbwildlifefederation.org\\\/fr\\\/\"},{\"@type\":\"ListItem\",\"position\":2,\"name\":\"Membres\",\"item\":\"https:\\\/\\\/nbwildlifefederation.org\\\/fr\\\/membres\\\/\"},{\"@type\":\"ListItem\",\"position\":3,\"name\":\"La FFNB Membres\"}]},{\"@type\":\"WebSite\",\"@id\":\"https:\\\/\\\/nbwildlifefederation.org\\\/fr\\\/#website\",\"url\":\"https:\\\/\\\/nbwildlifefederation.org\\\/fr\\\/\",\"name\":\"La F\u00e9d\u00e9ration de la Faune du Nouveau Brunswick\",\"description\":\"Repr\u00e9senter les pr\u00e9occupations de la personne Sports de plein air.\",\"publisher\":{\"@id\":\"https:\\\/\\\/nbwildlifefederation.org\\\/fr\\\/#organization\"},\"potentialAction\":[{\"@type\":\"SearchAction\",\"target\":{\"@type\":\"EntryPoint\",\"urlTemplate\":\"https:\\\/\\\/nbwildlifefederation.org\\\/fr\\\/?s={search_term_string}\"},\"query-input\":{\"@type\":\"PropertyValueSpecification\",\"valueRequired\":true,\"valueName\":\"search_term_string\"}}],\"inLanguage\":\"fr-FR\"},{\"@type\":\"Organization\",\"@id\":\"https:\\\/\\\/nbwildlifefederation.org\\\/fr\\\/#organization\",\"name\":\"New Brunswick Wildlife Federation\",\"url\":\"https:\\\/\\\/nbwildlifefederation.org\\\/fr\\\/\",\"logo\":{\"@type\":\"ImageObject\",\"inLanguage\":\"fr-FR\",\"@id\":\"https:\\\/\\\/nbwildlifefederation.org\\\/fr\\\/#\\\/schema\\\/logo\\\/image\\\/\",\"url\":\"https:\\\/\\\/nbwildlifefederation.org\\\/wp-content\\\/uploads\\\/2016\\\/01\\\/NBWF_Logo.jpg\",\"contentUrl\":\"https:\\\/\\\/nbwildlifefederation.org\\\/wp-content\\\/uploads\\\/2016\\\/01\\\/NBWF_Logo.jpg\",\"width\":960,\"height\":960,\"caption\":\"New Brunswick Wildlife Federation\"},\"image\":{\"@id\":\"https:\\\/\\\/nbwildlifefederation.org\\\/fr\\\/#\\\/schema\\\/logo\\\/image\\\/\"}}]}<\/script>\n<!-- \/ Yoast SEO plugin. -->","yoast_head_json":{"title":"La FFNB Membres - La F\u00e9d\u00e9ration de la Faune du Nouveau Brunswick","robots":{"index":"index","follow":"follow","max-snippet":"max-snippet:-1","max-image-preview":"max-image-preview:large","max-video-preview":"max-video-preview:-1"},"canonical":"https:\/\/nbwildlifefederation.org\/fr\/membres\/la-ffnb-membres\/","og_locale":"fr_FR","og_type":"article","og_title":"La FFNB Membres - La F\u00e9d\u00e9ration de la Faune du Nouveau Brunswick","og_description":"Cette page est actuellement disponible uniquement en anglais et sera convertie en fran\u00e7ais d\u00e8s que possible. Nous vous remercions de votre patience pendant que nous continuons \u00e0 travailler sur la traduction de notre site web. Administrateur du site de la &hellip; Lire la suite &rarr;","og_url":"https:\/\/nbwildlifefederation.org\/fr\/membres\/la-ffnb-membres\/","og_site_name":"La F\u00e9d\u00e9ration de la Faune du Nouveau Brunswick","article_modified_time":"2022-12-05T13:58:45+00:00","twitter_card":"summary_large_image","twitter_misc":{"Dur\u00e9e de lecture estim\u00e9e":"2 minutes"},"schema":{"@context":"https:\/\/schema.org","@graph":[{"@type":"WebPage","@id":"https:\/\/nbwildlifefederation.org\/fr\/membres\/la-ffnb-membres\/","url":"https:\/\/nbwildlifefederation.org\/fr\/membres\/la-ffnb-membres\/","name":"La FFNB Membres - La F\u00e9d\u00e9ration de la Faune du Nouveau Brunswick","isPartOf":{"@id":"https:\/\/nbwildlifefederation.org\/fr\/#website"},"datePublished":"2012-12-10T17:30:53+00:00","dateModified":"2022-12-05T13:58:45+00:00","breadcrumb":{"@id":"https:\/\/nbwildlifefederation.org\/fr\/membres\/la-ffnb-membres\/#breadcrumb"},"inLanguage":"fr-FR","potentialAction":[{"@type":"ReadAction","target":["https:\/\/nbwildlifefederation.org\/fr\/membres\/la-ffnb-membres\/"]}]},{"@type":"BreadcrumbList","@id":"https:\/\/nbwildlifefederation.org\/fr\/membres\/la-ffnb-membres\/#breadcrumb","itemListElement":[{"@type":"ListItem","position":1,"name":"Home","item":"https:\/\/nbwildlifefederation.org\/fr\/"},{"@type":"ListItem","position":2,"name":"Membres","item":"https:\/\/nbwildlifefederation.org\/fr\/membres\/"},{"@type":"ListItem","position":3,"name":"La FFNB Membres"}]},{"@type":"WebSite","@id":"https:\/\/nbwildlifefederation.org\/fr\/#website","url":"https:\/\/nbwildlifefederation.org\/fr\/","name":"La F\u00e9d\u00e9ration de la Faune du Nouveau Brunswick","description":"Repr\u00e9senter les pr\u00e9occupations de la personne Sports de plein air.","publisher":{"@id":"https:\/\/nbwildlifefederation.org\/fr\/#organization"},"potentialAction":[{"@type":"SearchAction","target":{"@type":"EntryPoint","urlTemplate":"https:\/\/nbwildlifefederation.org\/fr\/?s={search_term_string}"},"query-input":{"@type":"PropertyValueSpecification","valueRequired":true,"valueName":"search_term_string"}}],"inLanguage":"fr-FR"},{"@type":"Organization","@id":"https:\/\/nbwildlifefederation.org\/fr\/#organization","name":"New Brunswick Wildlife Federation","url":"https:\/\/nbwildlifefederation.org\/fr\/","logo":{"@type":"ImageObject","inLanguage":"fr-FR","@id":"https:\/\/nbwildlifefederation.org\/fr\/#\/schema\/logo\/image\/","url":"https:\/\/nbwildlifefederation.org\/wp-content\/uploads\/2016\/01\/NBWF_Logo.jpg","contentUrl":"https:\/\/nbwildlifefederation.org\/wp-content\/uploads\/2016\/01\/NBWF_Logo.jpg","width":960,"height":960,"caption":"New Brunswick Wildlife Federation"},"image":{"@id":"https:\/\/nbwildlifefederation.org\/fr\/#\/schema\/logo\/image\/"}}]}},"_links":{"self":[{"href":"https:\/\/nbwildlifefederation.org\/fr\/wp-json\/wp\/v2\/pages\/1337","targetHints":{"allow":["GET"]}}],"collection":[{"href":"https:\/\/nbwildlifefederation.org\/fr\/wp-json\/wp\/v2\/pages"}],"about":[{"href":"https:\/\/nbwildlifefederation.org\/fr\/wp-json\/wp\/v2\/types\/page"}],"author":[{"embeddable":true,"href":"https:\/\/nbwildlifefederation.org\/fr\/wp-json\/wp\/v2\/users\/4"}],"replies":[{"embeddable":true,"href":"https:\/\/nbwildlifefederation.org\/fr\/wp-json\/wp\/v2\/comments?post=1337"}],"version-history":[{"count":0,"href":"https:\/\/nbwildlifefederation.org\/fr\/wp-json\/wp\/v2\/pages\/1337\/revisions"}],"up":[{"embeddable":true,"href":"https:\/\/nbwildlifefederation.org\/fr\/wp-json\/wp\/v2\/pages\/1335"}],"wp:attachment":[{"href":"https:\/\/nbwildlifefederation.org\/fr\/wp-json\/wp\/v2\/media?parent=1337"}],"curies":[{"name":"wp","href":"https:\/\/api.w.org\/{rel}","templated":true}]}}