{"id":1328,"date":"2012-12-10T17:26:43","date_gmt":"2012-12-10T17:26:43","guid":{"rendered":"http:\/\/nbwildlifefederation-org.bootuptechnology.ca\/www\/?page_id=1328"},"modified":"2016-05-25T11:48:21","modified_gmt":"2016-05-25T14:48:21","slug":"galerie","status":"publish","type":"page","link":"https:\/\/nbwildlifefederation.org\/fr\/ressources\/galerie\/","title":{"rendered":"Galerie"},"content":{"rendered":"<p><strong><span style=\"color: #ff0000;\">Cette page est actuellement disponible uniquement en anglais et sera convertie en fran\u00e7ais d\u00e8s que possible. Nous vous remercions de votre patience pendant que nous continuons \u00e0 travailler sur la traduction de notre site web.<\/span><\/strong><\/p>\n<p><strong><span style=\"color: #ff0000;\">Administrateur du site de la FFNB<\/span><\/strong><\/p>\n<hr \/>\n<p>We have reserved this section of our website to showcase member activities, hunting and fishing trophies, etc. In addition from time to time we will show photos forwarded to us by non members that may be of interest to our membership.<\/p>\n<hr \/>\n<h2>2016 NBWF AGM Awards<\/h2>\n<p>A big thank you to the Moncton Fish &amp; Game Association! Their president, Robert Snider, presented a donation in the amount of $485.00 to the New Brunswick Wildlife Federation at our April AGM.<\/p>\n<p>Congratulations to all of the award recipients.<\/p>\n<hr \/>\n<p>ANNUAL MEMBERSHIP AWARD:<br \/>\n<a href=\"https:\/\/nbwildlifefederation.org\/wp-content\/uploads\/2016\/05\/Annual_Membership_Award.jpg\"><img loading=\"lazy\" decoding=\"async\" class=\"alignnone wp-image-2765 size-thumbnail\" src=\"https:\/\/nbwildlifefederation.org\/wp-content\/uploads\/2016\/05\/Annual_Membership_Award-150x150.jpg\" alt=\"2016 NBWF AGM Awards\" width=\"150\" height=\"150\" \/><\/a><br \/>\nAwarded to Sackville Rod &amp;amp; Gun Club. Presented to Patrick Gormley by Rod Currie.<\/p>\n<hr \/>\n<p>THE A. R. (TONY) LANGEN FORESTRY AWARD.<br \/>\n<a href=\"https:\/\/nbwildlifefederation.org\/wp-content\/uploads\/2016\/05\/The_A._R._Tony_Langen_Forestry_Award.jpg\"><img loading=\"lazy\" decoding=\"async\" class=\"wp-image-2766 size-thumbnail\" src=\"https:\/\/nbwildlifefederation.org\/wp-content\/uploads\/2016\/05\/The_A._R._Tony_Langen_Forestry_Award-150x150.jpg\" alt=\"2016 NBWF AGM Awards\" width=\"150\" height=\"150\" \/><\/a><br \/>\nAwarded to Association de la Riviere Saumon Inc.\/Salmon River Association Inc. Presented to Claude Soucy by Ron Whitehead.<\/p>\n<hr \/>\n<p>THE FRANK WILSON MEMORIAL AWARD to the BRANCH PROMOTING YOUTH ACTIVITIES.<br \/>\n<a href=\"https:\/\/nbwildlifefederation.org\/wp-content\/uploads\/2016\/05\/The_Frank_Wilson_Memorial_Award_To_the_Branch_Promoting_Youth_Activities.jpg\"><img loading=\"lazy\" decoding=\"async\" class=\"alignnone wp-image-2767 size-thumbnail\" src=\"https:\/\/nbwildlifefederation.org\/wp-content\/uploads\/2016\/05\/The_Frank_Wilson_Memorial_Award_To_the_Branch_Promoting_Youth_Activities-150x150.jpg\" alt=\"2016 NBWF AGM Awards\" width=\"150\" height=\"150\" \/><\/a><br \/>\nAwarded to Sackville Rod &amp; Gun Club. Presented to Patrick Gormley by Hal Wood.<\/p>\n<hr \/>\n<p>THE HERBERT H. SEWELL HUNTER SAFETY AWARD.<br \/>\n<a href=\"https:\/\/nbwildlifefederation.org\/wp-content\/uploads\/2016\/05\/The_Herbert_H._Sewell_Hunter_Safety_Award.jpg\"><img loading=\"lazy\" decoding=\"async\" class=\"alignnone wp-image-2768 size-thumbnail\" src=\"https:\/\/nbwildlifefederation.org\/wp-content\/uploads\/2016\/05\/The_Herbert_H._Sewell_Hunter_Safety_Award-150x150.jpg\" alt=\"2016 NBWF AGM Awards\" width=\"150\" height=\"150\" \/><\/a><br \/>\nAwarded to Petitcodiac Sportsman&rsquo;s Club. Presented to Craig Deleavey by Richard DeBow.<\/p>\n<hr \/>\n<p>THE MOST ACTIVE BRANCH AWARD.<br \/>\n<a href=\"https:\/\/nbwildlifefederation.org\/wp-content\/uploads\/2016\/05\/The_Most_Active_Branch_Award.jpg\"><img loading=\"lazy\" decoding=\"async\" class=\"alignnone size-thumbnail wp-image-2769\" src=\"https:\/\/nbwildlifefederation.org\/wp-content\/uploads\/2016\/05\/The_Most_Active_Branch_Award-150x150.jpg\" alt=\"2016 NBWF AGM Awards\" width=\"150\" height=\"150\" \/><\/a><br \/>\nAwarded to Petitcodiac Sportsman&rsquo;s Club. Presented to Craig Deleavey by Jim Marriner.<\/p>\n<hr \/>\n<p>THE MOST ACTIVE ZONE VP AWARD.<br \/>\n<a href=\"https:\/\/nbwildlifefederation.org\/wp-content\/uploads\/2016\/05\/The_Most_Active_Zone_VP-Award.jpg\"><img loading=\"lazy\" decoding=\"async\" class=\"alignnone size-thumbnail wp-image-2770\" src=\"https:\/\/nbwildlifefederation.org\/wp-content\/uploads\/2016\/05\/The_Most_Active_Zone_VP-Award-150x150.jpg\" alt=\"2016 NBWF AGM Awards\" width=\"150\" height=\"150\" \/><\/a><br \/>\nPresented to Jason Soucy, Zone VP NW by Jim Marriner.<\/p>\n<hr \/>\n<h2>Fish Gallery<\/h2>\n<p>Members of the <acronym title=\"New Brunswick Wildlife Federation\">NBWF<\/acronym> are requested to submit photos suitable for display on this site of fish that have been legally harvested in New Brunswick. Members submitting photos are requested to submit their name and the Branch\/Club that they belong to, date, species, weight, length of fish and indicate if the fish was released.<\/p>\n<div id=\"attachment_2774\" style=\"width: 160px\" class=\"wp-caption alignleft\"><a href=\"https:\/\/nbwildlifefederation.org\/wp-content\/uploads\/2016\/05\/wyatt_horsman_smallmouth_bass.jpg\"><img loading=\"lazy\" decoding=\"async\" aria-describedby=\"caption-attachment-2774\" class=\"size-thumbnail wp-image-2774\" src=\"https:\/\/nbwildlifefederation.org\/wp-content\/uploads\/2016\/05\/wyatt_horsman_smallmouth_bass-150x150.jpg\" alt=\"Wyatt Horsman Smallmouth Fishing\" width=\"150\" height=\"150\" \/><\/a><p id=\"caption-attachment-2774\" class=\"wp-caption-text\">Wyatt Horsman Smallmouth Fishing<\/p><\/div>\n<div id=\"attachment_2773\" style=\"width: 160px\" class=\"wp-caption alignleft\"><a href=\"https:\/\/nbwildlifefederation.org\/wp-content\/uploads\/2016\/05\/rod_currie-1.jpg\"><img loading=\"lazy\" decoding=\"async\" aria-describedby=\"caption-attachment-2773\" class=\"size-thumbnail wp-image-2773\" src=\"https:\/\/nbwildlifefederation.org\/wp-content\/uploads\/2016\/05\/rod_currie-1-150x150.jpg\" alt=\"Rod Currie Salmon Fishing\" width=\"150\" height=\"150\" \/><\/a><p id=\"caption-attachment-2773\" class=\"wp-caption-text\">Rod Currie Salmon Fishing<\/p><\/div>\n<div id=\"attachment_2772\" style=\"width: 160px\" class=\"wp-caption alignleft\"><a href=\"https:\/\/nbwildlifefederation.org\/wp-content\/uploads\/2016\/05\/chris_spring_salmon.jpg\"><img loading=\"lazy\" decoding=\"async\" aria-describedby=\"caption-attachment-2772\" class=\"size-thumbnail wp-image-2772\" src=\"https:\/\/nbwildlifefederation.org\/wp-content\/uploads\/2016\/05\/chris_spring_salmon-150x150.jpg\" alt=\"Chris Spring Salmon Fishing\" width=\"150\" height=\"150\" \/><\/a><p id=\"caption-attachment-2772\" class=\"wp-caption-text\">Chris Spring Salmon Fishing<\/p><\/div>\n<h2>Wildlife Gallery<\/h2>\n<p>Members of the <acronym title=\"New Brunswick Wildlife Federation\">NBWF<\/acronym> are requested to submit photos suitable for display on this site of wildlife that have been legally harvested in New Brunswick. Members submitting photos are requested to submit their name and the Branch\/Club that they belong to, the date, weight, number of points, WMZ that it was taken in or the nearest community.<\/p>\n<div id=\"attachment_2781\" style=\"width: 160px\" class=\"wp-caption alignleft\"><a href=\"https:\/\/nbwildlifefederation.org\/wp-content\/uploads\/2016\/05\/jason_soucy_01.jpg\"><img loading=\"lazy\" decoding=\"async\" aria-describedby=\"caption-attachment-2781\" class=\"size-thumbnail wp-image-2781\" src=\"https:\/\/nbwildlifefederation.org\/wp-content\/uploads\/2016\/05\/jason_soucy_01-150x150.jpg\" alt=\"Pic from Jaon Soucy\" width=\"150\" height=\"150\" \/><\/a><p id=\"caption-attachment-2781\" class=\"wp-caption-text\">Pic from Jaon Soucy<\/p><\/div>\n<div id=\"attachment_2780\" style=\"width: 160px\" class=\"wp-caption alignleft\"><a href=\"https:\/\/nbwildlifefederation.org\/wp-content\/uploads\/2016\/05\/roland_michaud.jpg\"><img loading=\"lazy\" decoding=\"async\" aria-describedby=\"caption-attachment-2780\" class=\"size-thumbnail wp-image-2780\" src=\"https:\/\/nbwildlifefederation.org\/wp-content\/uploads\/2016\/05\/roland_michaud-150x150.jpg\" alt=\"Roland Michaud Deer\" width=\"150\" height=\"150\" \/><\/a><p id=\"caption-attachment-2780\" class=\"wp-caption-text\">Roland Michaud Deer<\/p><\/div>\n<div id=\"attachment_2779\" style=\"width: 160px\" class=\"wp-caption alignleft\"><a href=\"https:\/\/nbwildlifefederation.org\/wp-content\/uploads\/2016\/05\/rod_cumberland.jpg\"><img loading=\"lazy\" decoding=\"async\" aria-describedby=\"caption-attachment-2779\" class=\"wp-image-2779 size-thumbnail\" src=\"https:\/\/nbwildlifefederation.org\/wp-content\/uploads\/2016\/05\/rod_cumberland-150x150.jpg\" alt=\"Pic from Rod Cumberland\" width=\"150\" height=\"150\" \/><\/a><p id=\"caption-attachment-2779\" class=\"wp-caption-text\">Pic from Rod Cumberland<\/p><\/div>\n<div id=\"attachment_2778\" style=\"width: 160px\" class=\"wp-caption alignleft\"><a href=\"https:\/\/nbwildlifefederation.org\/wp-content\/uploads\/2016\/05\/robichaud_10_point_234lb_buck.jpg\"><img loading=\"lazy\" decoding=\"async\" aria-describedby=\"caption-attachment-2778\" class=\"size-thumbnail wp-image-2778\" src=\"https:\/\/nbwildlifefederation.org\/wp-content\/uploads\/2016\/05\/robichaud_10_point_234lb_buck-150x150.jpg\" alt=\"Robichaud Deer\" width=\"150\" height=\"150\" \/><\/a><p id=\"caption-attachment-2778\" class=\"wp-caption-text\">Robichaud, 10pt, 234lb<\/p><\/div>\n<div id=\"attachment_2777\" style=\"width: 160px\" class=\"wp-caption alignleft\"><a href=\"https:\/\/nbwildlifefederation.org\/wp-content\/uploads\/2016\/05\/paul-emile_robichaud_deer_2012_0.jpg\"><img loading=\"lazy\" decoding=\"async\" aria-describedby=\"caption-attachment-2777\" class=\"size-thumbnail wp-image-2777\" src=\"https:\/\/nbwildlifefederation.org\/wp-content\/uploads\/2016\/05\/paul-emile_robichaud_deer_2012_0-150x150.jpg\" alt=\"Paul Robichaud Deer\" width=\"150\" height=\"150\" \/><\/a><p id=\"caption-attachment-2777\" class=\"wp-caption-text\">Paul Robichaud Deer<\/p><\/div>\n<div id=\"attachment_2776\" style=\"width: 160px\" class=\"wp-caption alignleft\"><a href=\"https:\/\/nbwildlifefederation.org\/wp-content\/uploads\/2016\/05\/jason_soucy_02.jpg\"><img loading=\"lazy\" decoding=\"async\" aria-describedby=\"caption-attachment-2776\" class=\"size-thumbnail wp-image-2776\" src=\"https:\/\/nbwildlifefederation.org\/wp-content\/uploads\/2016\/05\/jason_soucy_02-150x150.jpg\" alt=\"Pic from Jason Soucy\" width=\"150\" height=\"150\" \/><\/a><p id=\"caption-attachment-2776\" class=\"wp-caption-text\">Pic from Jason Soucy<\/p><\/div>\n<div id=\"attachment_2775\" style=\"width: 160px\" class=\"wp-caption alignleft\"><a href=\"https:\/\/nbwildlifefederation.org\/wp-content\/uploads\/2016\/05\/daniel_gautreau.jpg\"><img loading=\"lazy\" decoding=\"async\" aria-describedby=\"caption-attachment-2775\" class=\"size-thumbnail wp-image-2775\" src=\"https:\/\/nbwildlifefederation.org\/wp-content\/uploads\/2016\/05\/daniel_gautreau-150x150.jpg\" alt=\"Daniel Gautreau Deer\" width=\"150\" height=\"150\" \/><\/a><p id=\"caption-attachment-2775\" class=\"wp-caption-text\">Daniel Gautreau Deer<\/p><\/div>\n<h2><acronym title=\"New Brunswick Wildlife Federation\">NBWF<\/acronym> Activities<\/h2>\n<p><acronym title=\"New Brunswick Wildlife Federation\">NBWF<\/acronym> Branches are requested to submit photos suitable for display on this site of any activity that they are involved with. Along with the pictures, please provide a brief description of the activity, including the date activity held, number of participants, location and purpose of activity.<\/p>\n<div id=\"attachment_2783\" style=\"width: 160px\" class=\"wp-caption alignleft\"><a href=\"https:\/\/nbwildlifefederation.org\/wp-content\/uploads\/2016\/05\/pig_roast2.jpg\"><img loading=\"lazy\" decoding=\"async\" aria-describedby=\"caption-attachment-2783\" class=\"wp-image-2783 size-thumbnail\" src=\"https:\/\/nbwildlifefederation.org\/wp-content\/uploads\/2016\/05\/pig_roast2-150x150.jpg\" alt=\"NBWF Pig Roast\" width=\"150\" height=\"150\" \/><\/a><p id=\"caption-attachment-2783\" class=\"wp-caption-text\">Pig Roast<\/p><\/div>\n<div id=\"attachment_2782\" style=\"width: 160px\" class=\"wp-caption alignleft\"><a href=\"https:\/\/nbwildlifefederation.org\/wp-content\/uploads\/2016\/05\/pig_roast1.jpg\"><img loading=\"lazy\" decoding=\"async\" aria-describedby=\"caption-attachment-2782\" class=\"size-thumbnail wp-image-2782\" src=\"https:\/\/nbwildlifefederation.org\/wp-content\/uploads\/2016\/05\/pig_roast1-150x150.jpg\" alt=\"NBWF Pig Roast\" width=\"150\" height=\"150\" \/><\/a><p id=\"caption-attachment-2782\" class=\"wp-caption-text\">Pig Roast<\/p><\/div>\n","protected":false},"excerpt":{"rendered":"<p>Cette page est actuellement disponible uniquement en anglais et sera convertie en fran\u00e7ais d\u00e8s que possible. Nous vous remercions de votre patience pendant que nous continuons \u00e0 travailler sur la traduction de notre site web. Administrateur du site de la <span class=\"excerpt-dots\">&hellip;<\/span> <a class=\"more-link\" href=\"https:\/\/nbwildlifefederation.org\/fr\/ressources\/galerie\/\"><span class=\"more-msg\">Lire la suite &rarr;<\/span><\/a><\/p>\n","protected":false},"author":4,"featured_media":0,"parent":1322,"menu_order":3,"comment_status":"closed","ping_status":"closed","template":"","meta":{"footnotes":""},"class_list":["post-1328","page","type-page","status-publish","hentry"],"yoast_head":"<!-- This site is optimized with the Yoast SEO plugin v27.3 - https:\/\/yoast.com\/product\/yoast-seo-wordpress\/ -->\n<title>Galerie - La F\u00e9d\u00e9ration de la Faune du Nouveau Brunswick<\/title>\n<meta name=\"robots\" content=\"index, follow, max-snippet:-1, max-image-preview:large, max-video-preview:-1\" \/>\n<link rel=\"canonical\" href=\"https:\/\/nbwildlifefederation.org\/fr\/ressources\/galerie\/\" \/>\n<meta property=\"og:locale\" content=\"fr_FR\" \/>\n<meta property=\"og:type\" content=\"article\" \/>\n<meta property=\"og:title\" content=\"Galerie - La F\u00e9d\u00e9ration de la Faune du Nouveau Brunswick\" \/>\n<meta property=\"og:description\" content=\"Cette page est actuellement disponible uniquement en anglais et sera convertie en fran\u00e7ais d\u00e8s que possible. Nous vous remercions de votre patience pendant que nous continuons \u00e0 travailler sur la traduction de notre site web. Administrateur du site de la &hellip; Lire la suite &rarr;\" \/>\n<meta property=\"og:url\" content=\"https:\/\/nbwildlifefederation.org\/fr\/ressources\/galerie\/\" \/>\n<meta property=\"og:site_name\" content=\"La F\u00e9d\u00e9ration de la Faune du Nouveau Brunswick\" \/>\n<meta property=\"article:modified_time\" content=\"2016-05-25T14:48:21+00:00\" \/>\n<meta property=\"og:image\" content=\"https:\/\/nbwildlifefederation.org\/wp-content\/uploads\/2016\/05\/Annual_Membership_Award-150x150.jpg\" \/>\n<meta name=\"twitter:card\" content=\"summary_large_image\" \/>\n<meta name=\"twitter:label1\" content=\"Dur\u00e9e de lecture estim\u00e9e\" \/>\n\t<meta name=\"twitter:data1\" content=\"3 minutes\" \/>\n<script type=\"application\/ld+json\" class=\"yoast-schema-graph\">{\"@context\":\"https:\\\/\\\/schema.org\",\"@graph\":[{\"@type\":\"WebPage\",\"@id\":\"https:\\\/\\\/nbwildlifefederation.org\\\/fr\\\/ressources\\\/galerie\\\/\",\"url\":\"https:\\\/\\\/nbwildlifefederation.org\\\/fr\\\/ressources\\\/galerie\\\/\",\"name\":\"Galerie - La F\u00e9d\u00e9ration de la Faune du Nouveau Brunswick\",\"isPartOf\":{\"@id\":\"https:\\\/\\\/nbwildlifefederation.org\\\/fr\\\/#website\"},\"primaryImageOfPage\":{\"@id\":\"https:\\\/\\\/nbwildlifefederation.org\\\/fr\\\/ressources\\\/galerie\\\/#primaryimage\"},\"image\":{\"@id\":\"https:\\\/\\\/nbwildlifefederation.org\\\/fr\\\/ressources\\\/galerie\\\/#primaryimage\"},\"thumbnailUrl\":\"https:\\\/\\\/nbwildlifefederation.org\\\/wp-content\\\/uploads\\\/2016\\\/05\\\/Annual_Membership_Award-150x150.jpg\",\"datePublished\":\"2012-12-10T17:26:43+00:00\",\"dateModified\":\"2016-05-25T14:48:21+00:00\",\"breadcrumb\":{\"@id\":\"https:\\\/\\\/nbwildlifefederation.org\\\/fr\\\/ressources\\\/galerie\\\/#breadcrumb\"},\"inLanguage\":\"fr-FR\",\"potentialAction\":[{\"@type\":\"ReadAction\",\"target\":[\"https:\\\/\\\/nbwildlifefederation.org\\\/fr\\\/ressources\\\/galerie\\\/\"]}]},{\"@type\":\"ImageObject\",\"inLanguage\":\"fr-FR\",\"@id\":\"https:\\\/\\\/nbwildlifefederation.org\\\/fr\\\/ressources\\\/galerie\\\/#primaryimage\",\"url\":\"https:\\\/\\\/nbwildlifefederation.org\\\/wp-content\\\/uploads\\\/2016\\\/05\\\/Annual_Membership_Award-150x150.jpg\",\"contentUrl\":\"https:\\\/\\\/nbwildlifefederation.org\\\/wp-content\\\/uploads\\\/2016\\\/05\\\/Annual_Membership_Award-150x150.jpg\"},{\"@type\":\"BreadcrumbList\",\"@id\":\"https:\\\/\\\/nbwildlifefederation.org\\\/fr\\\/ressources\\\/galerie\\\/#breadcrumb\",\"itemListElement\":[{\"@type\":\"ListItem\",\"position\":1,\"name\":\"Home\",\"item\":\"https:\\\/\\\/nbwildlifefederation.org\\\/fr\\\/\"},{\"@type\":\"ListItem\",\"position\":2,\"name\":\"Ressources\",\"item\":\"https:\\\/\\\/nbwildlifefederation.org\\\/fr\\\/ressources\\\/\"},{\"@type\":\"ListItem\",\"position\":3,\"name\":\"Galerie\"}]},{\"@type\":\"WebSite\",\"@id\":\"https:\\\/\\\/nbwildlifefederation.org\\\/fr\\\/#website\",\"url\":\"https:\\\/\\\/nbwildlifefederation.org\\\/fr\\\/\",\"name\":\"La F\u00e9d\u00e9ration de la Faune du Nouveau Brunswick\",\"description\":\"Repr\u00e9senter les pr\u00e9occupations de la personne Sports de plein air.\",\"publisher\":{\"@id\":\"https:\\\/\\\/nbwildlifefederation.org\\\/fr\\\/#organization\"},\"potentialAction\":[{\"@type\":\"SearchAction\",\"target\":{\"@type\":\"EntryPoint\",\"urlTemplate\":\"https:\\\/\\\/nbwildlifefederation.org\\\/fr\\\/?s={search_term_string}\"},\"query-input\":{\"@type\":\"PropertyValueSpecification\",\"valueRequired\":true,\"valueName\":\"search_term_string\"}}],\"inLanguage\":\"fr-FR\"},{\"@type\":\"Organization\",\"@id\":\"https:\\\/\\\/nbwildlifefederation.org\\\/fr\\\/#organization\",\"name\":\"New Brunswick Wildlife Federation\",\"url\":\"https:\\\/\\\/nbwildlifefederation.org\\\/fr\\\/\",\"logo\":{\"@type\":\"ImageObject\",\"inLanguage\":\"fr-FR\",\"@id\":\"https:\\\/\\\/nbwildlifefederation.org\\\/fr\\\/#\\\/schema\\\/logo\\\/image\\\/\",\"url\":\"https:\\\/\\\/nbwildlifefederation.org\\\/wp-content\\\/uploads\\\/2016\\\/01\\\/NBWF_Logo.jpg\",\"contentUrl\":\"https:\\\/\\\/nbwildlifefederation.org\\\/wp-content\\\/uploads\\\/2016\\\/01\\\/NBWF_Logo.jpg\",\"width\":960,\"height\":960,\"caption\":\"New Brunswick Wildlife Federation\"},\"image\":{\"@id\":\"https:\\\/\\\/nbwildlifefederation.org\\\/fr\\\/#\\\/schema\\\/logo\\\/image\\\/\"}}]}<\/script>\n<!-- \/ Yoast SEO plugin. -->","yoast_head_json":{"title":"Galerie - La F\u00e9d\u00e9ration de la Faune du Nouveau Brunswick","robots":{"index":"index","follow":"follow","max-snippet":"max-snippet:-1","max-image-preview":"max-image-preview:large","max-video-preview":"max-video-preview:-1"},"canonical":"https:\/\/nbwildlifefederation.org\/fr\/ressources\/galerie\/","og_locale":"fr_FR","og_type":"article","og_title":"Galerie - La F\u00e9d\u00e9ration de la Faune du Nouveau Brunswick","og_description":"Cette page est actuellement disponible uniquement en anglais et sera convertie en fran\u00e7ais d\u00e8s que possible. Nous vous remercions de votre patience pendant que nous continuons \u00e0 travailler sur la traduction de notre site web. Administrateur du site de la &hellip; Lire la suite &rarr;","og_url":"https:\/\/nbwildlifefederation.org\/fr\/ressources\/galerie\/","og_site_name":"La F\u00e9d\u00e9ration de la Faune du Nouveau Brunswick","article_modified_time":"2016-05-25T14:48:21+00:00","og_image":[{"url":"https:\/\/nbwildlifefederation.org\/wp-content\/uploads\/2016\/05\/Annual_Membership_Award-150x150.jpg","type":"","width":"","height":""}],"twitter_card":"summary_large_image","twitter_misc":{"Dur\u00e9e de lecture estim\u00e9e":"3 minutes"},"schema":{"@context":"https:\/\/schema.org","@graph":[{"@type":"WebPage","@id":"https:\/\/nbwildlifefederation.org\/fr\/ressources\/galerie\/","url":"https:\/\/nbwildlifefederation.org\/fr\/ressources\/galerie\/","name":"Galerie - La F\u00e9d\u00e9ration de la Faune du Nouveau Brunswick","isPartOf":{"@id":"https:\/\/nbwildlifefederation.org\/fr\/#website"},"primaryImageOfPage":{"@id":"https:\/\/nbwildlifefederation.org\/fr\/ressources\/galerie\/#primaryimage"},"image":{"@id":"https:\/\/nbwildlifefederation.org\/fr\/ressources\/galerie\/#primaryimage"},"thumbnailUrl":"https:\/\/nbwildlifefederation.org\/wp-content\/uploads\/2016\/05\/Annual_Membership_Award-150x150.jpg","datePublished":"2012-12-10T17:26:43+00:00","dateModified":"2016-05-25T14:48:21+00:00","breadcrumb":{"@id":"https:\/\/nbwildlifefederation.org\/fr\/ressources\/galerie\/#breadcrumb"},"inLanguage":"fr-FR","potentialAction":[{"@type":"ReadAction","target":["https:\/\/nbwildlifefederation.org\/fr\/ressources\/galerie\/"]}]},{"@type":"ImageObject","inLanguage":"fr-FR","@id":"https:\/\/nbwildlifefederation.org\/fr\/ressources\/galerie\/#primaryimage","url":"https:\/\/nbwildlifefederation.org\/wp-content\/uploads\/2016\/05\/Annual_Membership_Award-150x150.jpg","contentUrl":"https:\/\/nbwildlifefederation.org\/wp-content\/uploads\/2016\/05\/Annual_Membership_Award-150x150.jpg"},{"@type":"BreadcrumbList","@id":"https:\/\/nbwildlifefederation.org\/fr\/ressources\/galerie\/#breadcrumb","itemListElement":[{"@type":"ListItem","position":1,"name":"Home","item":"https:\/\/nbwildlifefederation.org\/fr\/"},{"@type":"ListItem","position":2,"name":"Ressources","item":"https:\/\/nbwildlifefederation.org\/fr\/ressources\/"},{"@type":"ListItem","position":3,"name":"Galerie"}]},{"@type":"WebSite","@id":"https:\/\/nbwildlifefederation.org\/fr\/#website","url":"https:\/\/nbwildlifefederation.org\/fr\/","name":"La F\u00e9d\u00e9ration de la Faune du Nouveau Brunswick","description":"Repr\u00e9senter les pr\u00e9occupations de la personne Sports de plein air.","publisher":{"@id":"https:\/\/nbwildlifefederation.org\/fr\/#organization"},"potentialAction":[{"@type":"SearchAction","target":{"@type":"EntryPoint","urlTemplate":"https:\/\/nbwildlifefederation.org\/fr\/?s={search_term_string}"},"query-input":{"@type":"PropertyValueSpecification","valueRequired":true,"valueName":"search_term_string"}}],"inLanguage":"fr-FR"},{"@type":"Organization","@id":"https:\/\/nbwildlifefederation.org\/fr\/#organization","name":"New Brunswick Wildlife Federation","url":"https:\/\/nbwildlifefederation.org\/fr\/","logo":{"@type":"ImageObject","inLanguage":"fr-FR","@id":"https:\/\/nbwildlifefederation.org\/fr\/#\/schema\/logo\/image\/","url":"https:\/\/nbwildlifefederation.org\/wp-content\/uploads\/2016\/01\/NBWF_Logo.jpg","contentUrl":"https:\/\/nbwildlifefederation.org\/wp-content\/uploads\/2016\/01\/NBWF_Logo.jpg","width":960,"height":960,"caption":"New Brunswick Wildlife Federation"},"image":{"@id":"https:\/\/nbwildlifefederation.org\/fr\/#\/schema\/logo\/image\/"}}]}},"_links":{"self":[{"href":"https:\/\/nbwildlifefederation.org\/fr\/wp-json\/wp\/v2\/pages\/1328","targetHints":{"allow":["GET"]}}],"collection":[{"href":"https:\/\/nbwildlifefederation.org\/fr\/wp-json\/wp\/v2\/pages"}],"about":[{"href":"https:\/\/nbwildlifefederation.org\/fr\/wp-json\/wp\/v2\/types\/page"}],"author":[{"embeddable":true,"href":"https:\/\/nbwildlifefederation.org\/fr\/wp-json\/wp\/v2\/users\/4"}],"replies":[{"embeddable":true,"href":"https:\/\/nbwildlifefederation.org\/fr\/wp-json\/wp\/v2\/comments?post=1328"}],"version-history":[{"count":0,"href":"https:\/\/nbwildlifefederation.org\/fr\/wp-json\/wp\/v2\/pages\/1328\/revisions"}],"up":[{"embeddable":true,"href":"https:\/\/nbwildlifefederation.org\/fr\/wp-json\/wp\/v2\/pages\/1322"}],"wp:attachment":[{"href":"https:\/\/nbwildlifefederation.org\/fr\/wp-json\/wp\/v2\/media?parent=1328"}],"curies":[{"name":"wp","href":"https:\/\/api.w.org\/{rel}","templated":true}]}}