{"id":1312,"date":"2025-06-16T08:00:01","date_gmt":"2025-06-16T11:00:01","guid":{"rendered":"http:\/\/nbwildlifefederation-org.bootuptechnology.ca\/www\/?page_id=1312"},"modified":"2025-06-17T17:16:05","modified_gmt":"2025-06-17T20:16:05","slug":"maitre-pecheur","status":"publish","type":"page","link":"https:\/\/nbwildlifefederation.org\/fr\/maitre-pecheur\/","title":{"rendered":"Ma\u00eetre P\u00eacheur"},"content":{"rendered":"<div id=\"attachment_5254\" style=\"width: 260px\" class=\"wp-caption aligncenter\"><a href=\"https:\/\/officenbwf.wixsite.com\/masterang\" target=\"_blank\" rel=\"noopener\"><img loading=\"lazy\" decoding=\"async\" aria-describedby=\"caption-attachment-5254\" class=\"wp-image-5254 size-medium\" src=\"https:\/\/nbwildlifefederation.org\/wp-content\/uploads\/2023\/02\/Poster_Master_Angler_FR-250x300.jpg\" alt=\"\" width=\"250\" height=\"300\" srcset=\"https:\/\/nbwildlifefederation.org\/wp-content\/uploads\/2023\/02\/Poster_Master_Angler_FR-250x300.jpg 250w, https:\/\/nbwildlifefederation.org\/wp-content\/uploads\/2023\/02\/Poster_Master_Angler_FR-853x1024.jpg 853w, https:\/\/nbwildlifefederation.org\/wp-content\/uploads\/2023\/02\/Poster_Master_Angler_FR-768x922.jpg 768w, https:\/\/nbwildlifefederation.org\/wp-content\/uploads\/2023\/02\/Poster_Master_Angler_FR-1279x1536.jpg 1279w, https:\/\/nbwildlifefederation.org\/wp-content\/uploads\/2023\/02\/Poster_Master_Angler_FR-1706x2048.jpg 1706w\" sizes=\"auto, (max-width: 250px) 100vw, 250px\" \/><\/a><p id=\"caption-attachment-5254\" class=\"wp-caption-text\"><br \/><b>Cliquez sur l&rsquo;affiche pour plus de d\u00e9tails<\/b><\/p><\/div>\n<p><a href=\"https:\/\/nbwildlifefederation.org\/wp-content\/uploads\/2025\/06\/2025_Master_Angler_French_Application.pdf\" target=\"_blank\" rel=\"noopener noreferrer\"><strong>Programme de prix du ma\u00eetre p\u00eacheur de la FFNB&#8230;<\/strong><\/a><\/p>\n<p>Le programme a pour but de promouvoir la p\u00eache en famille et plus particuli\u00e8rement de mettre l\u2019accent sur les p\u00eacheurs du Nouveau-Brunswick.<\/p>\n<p>Les p\u00eacheurs dont la prise est admissible au Record de l\u2019ann\u00e9e recevront un certificat de 8\u201d x 10\u201d \u00e0 encadrer, un \u00e9cusson pour leur veste de p\u00eache et une casquette officielle de ma\u00eetre p\u00eacheur de la FFNB.<\/p>\n<p>Les jeunes et les adultes qui participent au programme de politique volontaire de prise et de remise \u00e0 l\u2019eau en rel\u00e2chant leur prise en vie et avec soin recevront un \u00e9cusson de ma\u00eetre p\u00eacheur.<\/p>\n<p><strong>Ce programme a pour but de :<\/strong><\/p>\n<ul>\n<li>Promouvoir des Pratiques de p\u00eache durable,<\/li>\n<li>Reconna\u00eetre et R\u00e9compenser le savoir faire de p\u00eache exceptionnel,<\/li>\n<li>Dresser des registres annuels de poissons exceptional,<\/li>\n<li>Tenir une liste officielle de records des poissons pris par un ma\u00eetre p\u00eacheur FFNB.<\/li>\n<\/ul>\n","protected":false},"excerpt":{"rendered":"<p>Programme de prix du ma\u00eetre p\u00eacheur de la FFNB&#8230; Le programme a pour but de promouvoir la p\u00eache en famille et plus particuli\u00e8rement de mettre l\u2019accent sur les p\u00eacheurs du Nouveau-Brunswick. Les p\u00eacheurs dont la prise est admissible au Record <span class=\"excerpt-dots\">&hellip;<\/span> <a class=\"more-link\" href=\"https:\/\/nbwildlifefederation.org\/fr\/maitre-pecheur\/\"><span class=\"more-msg\">Lire la suite &rarr;<\/span><\/a><\/p>\n","protected":false},"author":4,"featured_media":0,"parent":0,"menu_order":5,"comment_status":"closed","ping_status":"closed","template":"","meta":{"footnotes":""},"class_list":["post-1312","page","type-page","status-publish","hentry"],"yoast_head":"<!-- This site is optimized with the Yoast SEO plugin v27.3 - https:\/\/yoast.com\/product\/yoast-seo-wordpress\/ -->\n<title>Ma\u00eetre P\u00eacheur - La F\u00e9d\u00e9ration de la Faune du Nouveau Brunswick<\/title>\n<meta name=\"robots\" content=\"index, follow, max-snippet:-1, max-image-preview:large, max-video-preview:-1\" \/>\n<link rel=\"canonical\" href=\"https:\/\/nbwildlifefederation.org\/fr\/maitre-pecheur\/\" \/>\n<meta property=\"og:locale\" content=\"fr_FR\" \/>\n<meta property=\"og:type\" content=\"article\" \/>\n<meta property=\"og:title\" content=\"Ma\u00eetre P\u00eacheur - La F\u00e9d\u00e9ration de la Faune du Nouveau Brunswick\" \/>\n<meta property=\"og:description\" content=\"Programme de prix du ma\u00eetre p\u00eacheur de la FFNB&#8230; Le programme a pour but de promouvoir la p\u00eache en famille et plus particuli\u00e8rement de mettre l\u2019accent sur les p\u00eacheurs du Nouveau-Brunswick. Les p\u00eacheurs dont la prise est admissible au Record &hellip; Lire la suite &rarr;\" \/>\n<meta property=\"og:url\" content=\"https:\/\/nbwildlifefederation.org\/fr\/maitre-pecheur\/\" \/>\n<meta property=\"og:site_name\" content=\"La F\u00e9d\u00e9ration de la Faune du Nouveau Brunswick\" \/>\n<meta property=\"article:modified_time\" content=\"2025-06-17T20:16:05+00:00\" \/>\n<meta property=\"og:image\" content=\"https:\/\/nbwildlifefederation.org\/wp-content\/uploads\/2023\/02\/Poster_Master_Angler_FR-scaled.jpg\" \/>\n\t<meta property=\"og:image:width\" content=\"2132\" \/>\n\t<meta property=\"og:image:height\" content=\"2560\" \/>\n\t<meta property=\"og:image:type\" content=\"image\/jpeg\" \/>\n<meta name=\"twitter:card\" content=\"summary_large_image\" \/>\n<meta name=\"twitter:label1\" content=\"Dur\u00e9e de lecture estim\u00e9e\" \/>\n\t<meta name=\"twitter:data1\" content=\"1 minute\" \/>\n<script type=\"application\/ld+json\" class=\"yoast-schema-graph\">{\"@context\":\"https:\\\/\\\/schema.org\",\"@graph\":[{\"@type\":\"WebPage\",\"@id\":\"https:\\\/\\\/nbwildlifefederation.org\\\/fr\\\/maitre-pecheur\\\/\",\"url\":\"https:\\\/\\\/nbwildlifefederation.org\\\/fr\\\/maitre-pecheur\\\/\",\"name\":\"Ma\u00eetre P\u00eacheur - La F\u00e9d\u00e9ration de la Faune du Nouveau Brunswick\",\"isPartOf\":{\"@id\":\"https:\\\/\\\/nbwildlifefederation.org\\\/fr\\\/#website\"},\"primaryImageOfPage\":{\"@id\":\"https:\\\/\\\/nbwildlifefederation.org\\\/fr\\\/maitre-pecheur\\\/#primaryimage\"},\"image\":{\"@id\":\"https:\\\/\\\/nbwildlifefederation.org\\\/fr\\\/maitre-pecheur\\\/#primaryimage\"},\"thumbnailUrl\":\"https:\\\/\\\/nbwildlifefederation.org\\\/wp-content\\\/uploads\\\/2023\\\/02\\\/Poster_Master_Angler_FR-250x300.jpg\",\"datePublished\":\"2025-06-16T11:00:01+00:00\",\"dateModified\":\"2025-06-17T20:16:05+00:00\",\"breadcrumb\":{\"@id\":\"https:\\\/\\\/nbwildlifefederation.org\\\/fr\\\/maitre-pecheur\\\/#breadcrumb\"},\"inLanguage\":\"fr-FR\",\"potentialAction\":[{\"@type\":\"ReadAction\",\"target\":[\"https:\\\/\\\/nbwildlifefederation.org\\\/fr\\\/maitre-pecheur\\\/\"]}]},{\"@type\":\"ImageObject\",\"inLanguage\":\"fr-FR\",\"@id\":\"https:\\\/\\\/nbwildlifefederation.org\\\/fr\\\/maitre-pecheur\\\/#primaryimage\",\"url\":\"https:\\\/\\\/nbwildlifefederation.org\\\/wp-content\\\/uploads\\\/2023\\\/02\\\/Poster_Master_Angler_FR-250x300.jpg\",\"contentUrl\":\"https:\\\/\\\/nbwildlifefederation.org\\\/wp-content\\\/uploads\\\/2023\\\/02\\\/Poster_Master_Angler_FR-250x300.jpg\"},{\"@type\":\"BreadcrumbList\",\"@id\":\"https:\\\/\\\/nbwildlifefederation.org\\\/fr\\\/maitre-pecheur\\\/#breadcrumb\",\"itemListElement\":[{\"@type\":\"ListItem\",\"position\":1,\"name\":\"Home\",\"item\":\"https:\\\/\\\/nbwildlifefederation.org\\\/fr\\\/\"},{\"@type\":\"ListItem\",\"position\":2,\"name\":\"Ma\u00eetre P\u00eacheur\"}]},{\"@type\":\"WebSite\",\"@id\":\"https:\\\/\\\/nbwildlifefederation.org\\\/fr\\\/#website\",\"url\":\"https:\\\/\\\/nbwildlifefederation.org\\\/fr\\\/\",\"name\":\"La F\u00e9d\u00e9ration de la Faune du Nouveau Brunswick\",\"description\":\"Repr\u00e9senter les pr\u00e9occupations de la personne Sports de plein air.\",\"publisher\":{\"@id\":\"https:\\\/\\\/nbwildlifefederation.org\\\/fr\\\/#organization\"},\"potentialAction\":[{\"@type\":\"SearchAction\",\"target\":{\"@type\":\"EntryPoint\",\"urlTemplate\":\"https:\\\/\\\/nbwildlifefederation.org\\\/fr\\\/?s={search_term_string}\"},\"query-input\":{\"@type\":\"PropertyValueSpecification\",\"valueRequired\":true,\"valueName\":\"search_term_string\"}}],\"inLanguage\":\"fr-FR\"},{\"@type\":\"Organization\",\"@id\":\"https:\\\/\\\/nbwildlifefederation.org\\\/fr\\\/#organization\",\"name\":\"New Brunswick Wildlife Federation\",\"url\":\"https:\\\/\\\/nbwildlifefederation.org\\\/fr\\\/\",\"logo\":{\"@type\":\"ImageObject\",\"inLanguage\":\"fr-FR\",\"@id\":\"https:\\\/\\\/nbwildlifefederation.org\\\/fr\\\/#\\\/schema\\\/logo\\\/image\\\/\",\"url\":\"https:\\\/\\\/nbwildlifefederation.org\\\/wp-content\\\/uploads\\\/2016\\\/01\\\/NBWF_Logo.jpg\",\"contentUrl\":\"https:\\\/\\\/nbwildlifefederation.org\\\/wp-content\\\/uploads\\\/2016\\\/01\\\/NBWF_Logo.jpg\",\"width\":960,\"height\":960,\"caption\":\"New Brunswick Wildlife Federation\"},\"image\":{\"@id\":\"https:\\\/\\\/nbwildlifefederation.org\\\/fr\\\/#\\\/schema\\\/logo\\\/image\\\/\"}}]}<\/script>\n<!-- \/ Yoast SEO plugin. -->","yoast_head_json":{"title":"Ma\u00eetre P\u00eacheur - La F\u00e9d\u00e9ration de la Faune du Nouveau Brunswick","robots":{"index":"index","follow":"follow","max-snippet":"max-snippet:-1","max-image-preview":"max-image-preview:large","max-video-preview":"max-video-preview:-1"},"canonical":"https:\/\/nbwildlifefederation.org\/fr\/maitre-pecheur\/","og_locale":"fr_FR","og_type":"article","og_title":"Ma\u00eetre P\u00eacheur - La F\u00e9d\u00e9ration de la Faune du Nouveau Brunswick","og_description":"Programme de prix du ma\u00eetre p\u00eacheur de la FFNB&#8230; Le programme a pour but de promouvoir la p\u00eache en famille et plus particuli\u00e8rement de mettre l\u2019accent sur les p\u00eacheurs du Nouveau-Brunswick. Les p\u00eacheurs dont la prise est admissible au Record &hellip; Lire la suite &rarr;","og_url":"https:\/\/nbwildlifefederation.org\/fr\/maitre-pecheur\/","og_site_name":"La F\u00e9d\u00e9ration de la Faune du Nouveau Brunswick","article_modified_time":"2025-06-17T20:16:05+00:00","og_image":[{"width":2132,"height":2560,"url":"https:\/\/nbwildlifefederation.org\/wp-content\/uploads\/2023\/02\/Poster_Master_Angler_FR-scaled.jpg","type":"image\/jpeg"}],"twitter_card":"summary_large_image","twitter_misc":{"Dur\u00e9e de lecture estim\u00e9e":"1 minute"},"schema":{"@context":"https:\/\/schema.org","@graph":[{"@type":"WebPage","@id":"https:\/\/nbwildlifefederation.org\/fr\/maitre-pecheur\/","url":"https:\/\/nbwildlifefederation.org\/fr\/maitre-pecheur\/","name":"Ma\u00eetre P\u00eacheur - La F\u00e9d\u00e9ration de la Faune du Nouveau Brunswick","isPartOf":{"@id":"https:\/\/nbwildlifefederation.org\/fr\/#website"},"primaryImageOfPage":{"@id":"https:\/\/nbwildlifefederation.org\/fr\/maitre-pecheur\/#primaryimage"},"image":{"@id":"https:\/\/nbwildlifefederation.org\/fr\/maitre-pecheur\/#primaryimage"},"thumbnailUrl":"https:\/\/nbwildlifefederation.org\/wp-content\/uploads\/2023\/02\/Poster_Master_Angler_FR-250x300.jpg","datePublished":"2025-06-16T11:00:01+00:00","dateModified":"2025-06-17T20:16:05+00:00","breadcrumb":{"@id":"https:\/\/nbwildlifefederation.org\/fr\/maitre-pecheur\/#breadcrumb"},"inLanguage":"fr-FR","potentialAction":[{"@type":"ReadAction","target":["https:\/\/nbwildlifefederation.org\/fr\/maitre-pecheur\/"]}]},{"@type":"ImageObject","inLanguage":"fr-FR","@id":"https:\/\/nbwildlifefederation.org\/fr\/maitre-pecheur\/#primaryimage","url":"https:\/\/nbwildlifefederation.org\/wp-content\/uploads\/2023\/02\/Poster_Master_Angler_FR-250x300.jpg","contentUrl":"https:\/\/nbwildlifefederation.org\/wp-content\/uploads\/2023\/02\/Poster_Master_Angler_FR-250x300.jpg"},{"@type":"BreadcrumbList","@id":"https:\/\/nbwildlifefederation.org\/fr\/maitre-pecheur\/#breadcrumb","itemListElement":[{"@type":"ListItem","position":1,"name":"Home","item":"https:\/\/nbwildlifefederation.org\/fr\/"},{"@type":"ListItem","position":2,"name":"Ma\u00eetre P\u00eacheur"}]},{"@type":"WebSite","@id":"https:\/\/nbwildlifefederation.org\/fr\/#website","url":"https:\/\/nbwildlifefederation.org\/fr\/","name":"La F\u00e9d\u00e9ration de la Faune du Nouveau Brunswick","description":"Repr\u00e9senter les pr\u00e9occupations de la personne Sports de plein air.","publisher":{"@id":"https:\/\/nbwildlifefederation.org\/fr\/#organization"},"potentialAction":[{"@type":"SearchAction","target":{"@type":"EntryPoint","urlTemplate":"https:\/\/nbwildlifefederation.org\/fr\/?s={search_term_string}"},"query-input":{"@type":"PropertyValueSpecification","valueRequired":true,"valueName":"search_term_string"}}],"inLanguage":"fr-FR"},{"@type":"Organization","@id":"https:\/\/nbwildlifefederation.org\/fr\/#organization","name":"New Brunswick Wildlife Federation","url":"https:\/\/nbwildlifefederation.org\/fr\/","logo":{"@type":"ImageObject","inLanguage":"fr-FR","@id":"https:\/\/nbwildlifefederation.org\/fr\/#\/schema\/logo\/image\/","url":"https:\/\/nbwildlifefederation.org\/wp-content\/uploads\/2016\/01\/NBWF_Logo.jpg","contentUrl":"https:\/\/nbwildlifefederation.org\/wp-content\/uploads\/2016\/01\/NBWF_Logo.jpg","width":960,"height":960,"caption":"New Brunswick Wildlife Federation"},"image":{"@id":"https:\/\/nbwildlifefederation.org\/fr\/#\/schema\/logo\/image\/"}}]}},"_links":{"self":[{"href":"https:\/\/nbwildlifefederation.org\/fr\/wp-json\/wp\/v2\/pages\/1312","targetHints":{"allow":["GET"]}}],"collection":[{"href":"https:\/\/nbwildlifefederation.org\/fr\/wp-json\/wp\/v2\/pages"}],"about":[{"href":"https:\/\/nbwildlifefederation.org\/fr\/wp-json\/wp\/v2\/types\/page"}],"author":[{"embeddable":true,"href":"https:\/\/nbwildlifefederation.org\/fr\/wp-json\/wp\/v2\/users\/4"}],"replies":[{"embeddable":true,"href":"https:\/\/nbwildlifefederation.org\/fr\/wp-json\/wp\/v2\/comments?post=1312"}],"version-history":[{"count":0,"href":"https:\/\/nbwildlifefederation.org\/fr\/wp-json\/wp\/v2\/pages\/1312\/revisions"}],"wp:attachment":[{"href":"https:\/\/nbwildlifefederation.org\/fr\/wp-json\/wp\/v2\/media?parent=1312"}],"curies":[{"name":"wp","href":"https:\/\/api.w.org\/{rel}","templated":true}]}}