{"id":1302,"date":"2010-03-24T19:16:57","date_gmt":"2010-03-24T23:16:57","guid":{"rendered":"http:\/\/nbwildlifefederation-org.bootuptechnology.ca\/www\/?page_id=1302"},"modified":"2026-03-25T09:18:59","modified_gmt":"2026-03-25T12:18:59","slug":"executif","status":"publish","type":"page","link":"https:\/\/nbwildlifefederation.org\/fr\/governance\/executif\/","title":{"rendered":"FFNB \u00c9x\u00e9cutif"},"content":{"rendered":"<p><span style=\"color: #ff0000;\"><strong>Cette page est actuellement disponible uniquement en anglais et sera convertie en fran\u00e7ais d\u00e8s que possible. Nous vous remercions de votre patience pendant que nous continuons \u00e0 travailler sur la traduction de notre site web.<\/strong><\/span><\/p>\n<p><span style=\"color: #ff0000;\"><strong>Administrateur du site de la FFNB<\/strong><\/span><\/p>\n<hr \/>\n<p>The Executive consists of the President, Vice-President(s), Secretary\/Treasurer, Zone VP&rsquo;s, the Past President and Life Members. The Administrative Assistant is for support services only. He or she does not have the right to vote.<\/p>\n<p><b>EXECUTIVE &amp; EXECUTIVE COMMITTEE OFFICERS shall consist of:<\/b><\/p>\n<ul>\n<li>President<\/li>\n<li>First Vice-President<\/li>\n<li>Second Vice-President<\/li>\n<li>Secretary<\/li>\n<li>Treasurer<\/li>\n<\/ul>\n<p><b>EXECUTIVE COMMITTEE shall consist of:<\/b><\/p>\n<ul>\n<li>All Officers<\/li>\n<li>Four (4) Zone Vice-Presidents<\/li>\n<li>Immediate Past President<\/li>\n<li>Life Members<\/li>\n<\/ul>\n<hr \/>\n<p><b>EXECUTIVE &amp; EXECUTIVE COMMITTEE <\/b><b>OFFICER CONTACTS:<\/b><br \/>\n<a name=\"nbwf-president-contact\"><\/a><br \/>\n<strong>NBWF President<\/strong><br \/>\nDean Toole<br \/>\n392 McGregor Brook Road<br \/>\nMount Hebron, NB E4G 1H2<br \/>\nPhone: (506) 433-2105<br \/>\nEmail: <a href=\"mailto:deerwoodland@gmail.com\">deerwoodland@gmail.com<\/a><\/p>\n<p><strong>NBWF 1<sup>st<\/sup> Vice President<\/strong><br \/>\n<em>Vacant Position<\/em><\/p>\n<p><strong>NBWF 2<sup>nd<\/sup> Vice President<\/strong><br \/>\n<em>Vacant position<\/em><\/p>\n<p><strong>North East Zone VP<\/strong><br \/>\nGilles Sonier<br \/>\nP.O. 3102<br \/>\nTracadie-Sheila, New Brunswick\u00a0\u00a0 E1X 1G5<br \/>\nPhone: (506) 395-5055<br \/>\nMobile: (506) 461-2989<br \/>\nFax: (506) 393-7992<br \/>\nEmail: <a href=\"mailto:gillessonier@gmail.com\">gillessonier@gmail.com<\/a><\/p>\n<p><strong>North West Zone VP<\/strong><br \/>\nGerald Leblanc<br \/>\nPhone: (506) 733-0532<br \/>\nEmail: <a href=\"mailto:geraldleblanc61@gmail.com\">geraldleblanc61@gmail.com<\/a><\/p>\n<p><strong>South East Zone VP<\/strong><br \/>\nJeremy Page<br \/>\nRiverview, N.B.<br \/>\nPhone: (506) 869-0611<br \/>\nEmail: <a href=\"mailto:page.jeremy@rocketmail.com\">page.jeremy@rocketmail.com<\/a><\/p>\n<p><strong>South West Zone VP<\/strong><br \/>\nRod Currie<br \/>\nPhone: (506) 458-5643<br \/>\nEmail: <a href=\"mailto:racurrie@nb.sympatico.ca\">racurrie@nb.sympatico.ca<\/a><\/p>\n<p><strong>Secretary<\/strong><br \/>\nMathieu\u00a0Allard<br \/>\n594 rue McLaughlin,<br \/>\nTracadie-Sheila, NB<br \/>\nPhone: (506) 397-0985<br \/>\nEmail: \u00a0<a href=\"mailto:clubcassepechetracadie@gmail.com\">clubcassepechetracadie@gmail.com<\/a><\/p>\n<p><strong>Treasurer<\/strong><br \/>\nRon Cybulski<br \/>\n25 Dominion St. Suite # 410<br \/>\nMoncton, NB E1C OR8<br \/>\nPhone:\u00a0(506) 854-9804<br \/>\nEmail: <a href=\"mailto:410rcy@gmail.com\">410rcy@gmail.com<\/a><\/p>\n<p><strong>Past President<\/strong><br \/>\nNathalie Michaud<\/p>\n<hr \/>\n<p><strong>LIFE MEMBERS:<\/strong><\/p>\n<p><strong>Nathalie Michaud<\/strong><br \/>\n576 rue principale<br \/>\nSt. Leonard, NB E7E 0C2<br \/>\nPhone: (506) 426-9779<br \/>\nEmail: hunterbabe.nm@gmail.com<\/p>\n<p><strong>Charlie Leblanc<\/strong><br \/>\n45 Goldsboro Avenue<br \/>\nRiverview, New Brunswick E1B 4E9<br \/>\nResidence: (506) 386-3144<br \/>\nCell: (506) 866-4345<br \/>\nEmail: <a href=\"mailto:cleblan618@rogers.com\">cleblan618@rogers.com<\/a><\/p>\n<p><strong>Gilles Sonier<\/strong><br \/>\nP.O. 3102<br \/>\nTracadie-Sheila, New Brunswick E1X 1G5<br \/>\nPhone: (506) 395-5055<br \/>\nMobile: (506) 461-2989<br \/>\nFax: (506) 393-7992<br \/>\nEmail: <a href=\"mailto:gillessonier@gmail.com\">gillessonier@gmail.com<\/a><\/p>\n<p><strong>Rod Currie<br \/>\n<\/strong>11 Hillcourt Drive Fredericton, New Brunswick E3A 1S2<br \/>\nPhone: (506) 458-5643<br \/>\nFax: (506) 458-9183<br \/>\nEmail: <a href=\"mailto:racurrie@nb.sympatico.ca\">racurrie@nb.sympatico.ca<\/a><\/p>\n<p><strong>Richard DeBow<br \/>\n<\/strong>332 Argyle Street Moncton, New Brunswick E1C 3V6<br \/>\nPhone: (506) 388-2422<br \/>\nEmail: <a href=\"mailto:debowr@gmail.com\">debowr@gmail.com<\/a><\/p>\n<p><strong>D.J. (Jim) Marriner<br \/>\n<\/strong>1747 Route 112 Upper Coverdale, New Brunswick E1J 1Y2<br \/>\nPhone: (506) 387-7733<br \/>\nEmail: <a href=\"mailto:jmmarriner@rogers.com\">jmmarriner@rogers.com<\/a><\/p>\n<p><strong>Roland Michaud<\/strong><br \/>\n(506) 475-3612<br \/>\nEmail: <a href=\"mailto:michaudr@nbnet.nb.ca\">michaudr@nbnet.nb.ca<\/a><\/p>\n<p><strong>Ron Whitehead<\/strong><br \/>\n3281 Main St.<br \/>\nSalisbury, NB<br \/>\nE4J 2K9<br \/>\nPhone: (506) 215-0281 Home<br \/>\nPhone: (506) 381-2891 Cell<br \/>\nE-mail: <a href=\"mailto:nbwfrw@rogers.com\">nbwfrw@rogers.com<\/a><\/p>\n","protected":false},"excerpt":{"rendered":"<p>Cette page est actuellement disponible uniquement en anglais et sera convertie en fran\u00e7ais d\u00e8s que possible. Nous vous remercions de votre patience pendant que nous continuons \u00e0 travailler sur la traduction de notre site web. Administrateur du site de la <span class=\"excerpt-dots\">&hellip;<\/span> <a class=\"more-link\" href=\"https:\/\/nbwildlifefederation.org\/fr\/governance\/executif\/\"><span class=\"more-msg\">Lire la suite &rarr;<\/span><\/a><\/p>\n","protected":false},"author":4,"featured_media":0,"parent":1521,"menu_order":1,"comment_status":"closed","ping_status":"closed","template":"","meta":{"footnotes":""},"class_list":["post-1302","page","type-page","status-publish","hentry"],"yoast_head":"<!-- This site is optimized with the Yoast SEO plugin v27.4 - https:\/\/yoast.com\/product\/yoast-seo-wordpress\/ -->\n<title>FFNB \u00c9x\u00e9cutif - La F\u00e9d\u00e9ration de la Faune du Nouveau Brunswick<\/title>\n<meta name=\"robots\" content=\"index, follow, max-snippet:-1, max-image-preview:large, max-video-preview:-1\" \/>\n<link rel=\"canonical\" href=\"https:\/\/nbwildlifefederation.org\/fr\/governance\/executif\/\" \/>\n<meta property=\"og:locale\" content=\"fr_FR\" \/>\n<meta property=\"og:type\" content=\"article\" \/>\n<meta property=\"og:title\" content=\"FFNB \u00c9x\u00e9cutif - La F\u00e9d\u00e9ration de la Faune du Nouveau Brunswick\" \/>\n<meta property=\"og:description\" content=\"Cette page est actuellement disponible uniquement en anglais et sera convertie en fran\u00e7ais d\u00e8s que possible. Nous vous remercions de votre patience pendant que nous continuons \u00e0 travailler sur la traduction de notre site web. Administrateur du site de la &hellip; Lire la suite &rarr;\" \/>\n<meta property=\"og:url\" content=\"https:\/\/nbwildlifefederation.org\/fr\/governance\/executif\/\" \/>\n<meta property=\"og:site_name\" content=\"La F\u00e9d\u00e9ration de la Faune du Nouveau Brunswick\" \/>\n<meta property=\"article:modified_time\" content=\"2026-03-25T12:18:59+00:00\" \/>\n<meta name=\"twitter:card\" content=\"summary_large_image\" \/>\n<meta name=\"twitter:label1\" content=\"Dur\u00e9e de lecture estim\u00e9e\" \/>\n\t<meta name=\"twitter:data1\" content=\"2 minutes\" \/>\n<script type=\"application\/ld+json\" class=\"yoast-schema-graph\">{\"@context\":\"https:\\\/\\\/schema.org\",\"@graph\":[{\"@type\":\"WebPage\",\"@id\":\"https:\\\/\\\/nbwildlifefederation.org\\\/fr\\\/governance\\\/executif\\\/\",\"url\":\"https:\\\/\\\/nbwildlifefederation.org\\\/fr\\\/governance\\\/executif\\\/\",\"name\":\"FFNB \u00c9x\u00e9cutif - La F\u00e9d\u00e9ration de la Faune du Nouveau Brunswick\",\"isPartOf\":{\"@id\":\"https:\\\/\\\/nbwildlifefederation.org\\\/fr\\\/#website\"},\"datePublished\":\"2010-03-24T23:16:57+00:00\",\"dateModified\":\"2026-03-25T12:18:59+00:00\",\"breadcrumb\":{\"@id\":\"https:\\\/\\\/nbwildlifefederation.org\\\/fr\\\/governance\\\/executif\\\/#breadcrumb\"},\"inLanguage\":\"fr-FR\",\"potentialAction\":[{\"@type\":\"ReadAction\",\"target\":[\"https:\\\/\\\/nbwildlifefederation.org\\\/fr\\\/governance\\\/executif\\\/\"]}]},{\"@type\":\"BreadcrumbList\",\"@id\":\"https:\\\/\\\/nbwildlifefederation.org\\\/fr\\\/governance\\\/executif\\\/#breadcrumb\",\"itemListElement\":[{\"@type\":\"ListItem\",\"position\":1,\"name\":\"Home\",\"item\":\"https:\\\/\\\/nbwildlifefederation.org\\\/fr\\\/\"},{\"@type\":\"ListItem\",\"position\":2,\"name\":\"Gouvernance\",\"item\":\"https:\\\/\\\/nbwildlifefederation.org\\\/fr\\\/governance\\\/\"},{\"@type\":\"ListItem\",\"position\":3,\"name\":\"FFNB \u00c9x\u00e9cutif\"}]},{\"@type\":\"WebSite\",\"@id\":\"https:\\\/\\\/nbwildlifefederation.org\\\/fr\\\/#website\",\"url\":\"https:\\\/\\\/nbwildlifefederation.org\\\/fr\\\/\",\"name\":\"La F\u00e9d\u00e9ration de la Faune du Nouveau Brunswick\",\"description\":\"Repr\u00e9senter les pr\u00e9occupations de la personne Sports de plein air.\",\"publisher\":{\"@id\":\"https:\\\/\\\/nbwildlifefederation.org\\\/fr\\\/#organization\"},\"potentialAction\":[{\"@type\":\"SearchAction\",\"target\":{\"@type\":\"EntryPoint\",\"urlTemplate\":\"https:\\\/\\\/nbwildlifefederation.org\\\/fr\\\/?s={search_term_string}\"},\"query-input\":{\"@type\":\"PropertyValueSpecification\",\"valueRequired\":true,\"valueName\":\"search_term_string\"}}],\"inLanguage\":\"fr-FR\"},{\"@type\":\"Organization\",\"@id\":\"https:\\\/\\\/nbwildlifefederation.org\\\/fr\\\/#organization\",\"name\":\"New Brunswick Wildlife Federation\",\"url\":\"https:\\\/\\\/nbwildlifefederation.org\\\/fr\\\/\",\"logo\":{\"@type\":\"ImageObject\",\"inLanguage\":\"fr-FR\",\"@id\":\"https:\\\/\\\/nbwildlifefederation.org\\\/fr\\\/#\\\/schema\\\/logo\\\/image\\\/\",\"url\":\"https:\\\/\\\/nbwildlifefederation.org\\\/wp-content\\\/uploads\\\/2016\\\/01\\\/NBWF_Logo.jpg\",\"contentUrl\":\"https:\\\/\\\/nbwildlifefederation.org\\\/wp-content\\\/uploads\\\/2016\\\/01\\\/NBWF_Logo.jpg\",\"width\":960,\"height\":960,\"caption\":\"New Brunswick Wildlife Federation\"},\"image\":{\"@id\":\"https:\\\/\\\/nbwildlifefederation.org\\\/fr\\\/#\\\/schema\\\/logo\\\/image\\\/\"}}]}<\/script>\n<!-- \/ Yoast SEO plugin. -->","yoast_head_json":{"title":"FFNB \u00c9x\u00e9cutif - La F\u00e9d\u00e9ration de la Faune du Nouveau Brunswick","robots":{"index":"index","follow":"follow","max-snippet":"max-snippet:-1","max-image-preview":"max-image-preview:large","max-video-preview":"max-video-preview:-1"},"canonical":"https:\/\/nbwildlifefederation.org\/fr\/governance\/executif\/","og_locale":"fr_FR","og_type":"article","og_title":"FFNB \u00c9x\u00e9cutif - La F\u00e9d\u00e9ration de la Faune du Nouveau Brunswick","og_description":"Cette page est actuellement disponible uniquement en anglais et sera convertie en fran\u00e7ais d\u00e8s que possible. Nous vous remercions de votre patience pendant que nous continuons \u00e0 travailler sur la traduction de notre site web. Administrateur du site de la &hellip; Lire la suite &rarr;","og_url":"https:\/\/nbwildlifefederation.org\/fr\/governance\/executif\/","og_site_name":"La F\u00e9d\u00e9ration de la Faune du Nouveau Brunswick","article_modified_time":"2026-03-25T12:18:59+00:00","twitter_card":"summary_large_image","twitter_misc":{"Dur\u00e9e de lecture estim\u00e9e":"2 minutes"},"schema":{"@context":"https:\/\/schema.org","@graph":[{"@type":"WebPage","@id":"https:\/\/nbwildlifefederation.org\/fr\/governance\/executif\/","url":"https:\/\/nbwildlifefederation.org\/fr\/governance\/executif\/","name":"FFNB \u00c9x\u00e9cutif - La F\u00e9d\u00e9ration de la Faune du Nouveau Brunswick","isPartOf":{"@id":"https:\/\/nbwildlifefederation.org\/fr\/#website"},"datePublished":"2010-03-24T23:16:57+00:00","dateModified":"2026-03-25T12:18:59+00:00","breadcrumb":{"@id":"https:\/\/nbwildlifefederation.org\/fr\/governance\/executif\/#breadcrumb"},"inLanguage":"fr-FR","potentialAction":[{"@type":"ReadAction","target":["https:\/\/nbwildlifefederation.org\/fr\/governance\/executif\/"]}]},{"@type":"BreadcrumbList","@id":"https:\/\/nbwildlifefederation.org\/fr\/governance\/executif\/#breadcrumb","itemListElement":[{"@type":"ListItem","position":1,"name":"Home","item":"https:\/\/nbwildlifefederation.org\/fr\/"},{"@type":"ListItem","position":2,"name":"Gouvernance","item":"https:\/\/nbwildlifefederation.org\/fr\/governance\/"},{"@type":"ListItem","position":3,"name":"FFNB \u00c9x\u00e9cutif"}]},{"@type":"WebSite","@id":"https:\/\/nbwildlifefederation.org\/fr\/#website","url":"https:\/\/nbwildlifefederation.org\/fr\/","name":"La F\u00e9d\u00e9ration de la Faune du Nouveau Brunswick","description":"Repr\u00e9senter les pr\u00e9occupations de la personne Sports de plein air.","publisher":{"@id":"https:\/\/nbwildlifefederation.org\/fr\/#organization"},"potentialAction":[{"@type":"SearchAction","target":{"@type":"EntryPoint","urlTemplate":"https:\/\/nbwildlifefederation.org\/fr\/?s={search_term_string}"},"query-input":{"@type":"PropertyValueSpecification","valueRequired":true,"valueName":"search_term_string"}}],"inLanguage":"fr-FR"},{"@type":"Organization","@id":"https:\/\/nbwildlifefederation.org\/fr\/#organization","name":"New Brunswick Wildlife Federation","url":"https:\/\/nbwildlifefederation.org\/fr\/","logo":{"@type":"ImageObject","inLanguage":"fr-FR","@id":"https:\/\/nbwildlifefederation.org\/fr\/#\/schema\/logo\/image\/","url":"https:\/\/nbwildlifefederation.org\/wp-content\/uploads\/2016\/01\/NBWF_Logo.jpg","contentUrl":"https:\/\/nbwildlifefederation.org\/wp-content\/uploads\/2016\/01\/NBWF_Logo.jpg","width":960,"height":960,"caption":"New Brunswick Wildlife Federation"},"image":{"@id":"https:\/\/nbwildlifefederation.org\/fr\/#\/schema\/logo\/image\/"}}]}},"_links":{"self":[{"href":"https:\/\/nbwildlifefederation.org\/fr\/wp-json\/wp\/v2\/pages\/1302","targetHints":{"allow":["GET"]}}],"collection":[{"href":"https:\/\/nbwildlifefederation.org\/fr\/wp-json\/wp\/v2\/pages"}],"about":[{"href":"https:\/\/nbwildlifefederation.org\/fr\/wp-json\/wp\/v2\/types\/page"}],"author":[{"embeddable":true,"href":"https:\/\/nbwildlifefederation.org\/fr\/wp-json\/wp\/v2\/users\/4"}],"replies":[{"embeddable":true,"href":"https:\/\/nbwildlifefederation.org\/fr\/wp-json\/wp\/v2\/comments?post=1302"}],"version-history":[{"count":0,"href":"https:\/\/nbwildlifefederation.org\/fr\/wp-json\/wp\/v2\/pages\/1302\/revisions"}],"up":[{"embeddable":true,"href":"https:\/\/nbwildlifefederation.org\/fr\/wp-json\/wp\/v2\/pages\/1521"}],"wp:attachment":[{"href":"https:\/\/nbwildlifefederation.org\/fr\/wp-json\/wp\/v2\/media?parent=1302"}],"curies":[{"name":"wp","href":"https:\/\/api.w.org\/{rel}","templated":true}]}}