{"id":1293,"date":"2012-12-10T17:02:07","date_gmt":"2012-12-10T17:02:07","guid":{"rendered":"http:\/\/nbwildlifefederation-org.bootuptechnology.ca\/www\/?page_id=1293"},"modified":"2026-04-07T09:59:58","modified_gmt":"2026-04-07T12:59:58","slug":"branches","status":"publish","type":"page","link":"https:\/\/nbwildlifefederation.org\/fr\/governance\/branches\/","title":{"rendered":"Branches"},"content":{"rendered":"<p><span style=\"color: #ff0000;\"><strong>Cette page est actuellement disponible uniquement en anglais et sera convertie en fran\u00e7ais d\u00e8s que possible. \u00a0 Nous vous remercions de votre patience pendant que nous continuons \u00e0 travailler sur la traduction de notre site web.\u00a0\u00a0 <\/strong><\/span><\/p>\n<p><span style=\"color: #ff0000;\"><strong>Administrateur du site de la FFNB<\/strong><\/span><\/p>\n<hr \/>\n<p><span style=\"color: #008000;\"><strong><span style=\"text-decoration: underline;\">NORTH EAST ZONE<br \/>\n<\/span><\/strong><br \/>\n<\/span><strong><span style=\"text-decoration: underline;\">Zone VP:<\/span> Gilles Sonier<\/strong><br \/>\nC.P. 3102<br \/>\nSuccurale Bureau Chef<br \/>\nTracadie-Sheila, New Brunswick\u00a0\u00a0E1X 1G5<br \/>\nPhone: (506) 395.5055<br \/>\nMobile: (506) 461.2989<br \/>\nFax: (506) 393.7992<br \/>\nEmail:\u00a0<a href=\"mailto:gillessonier@gmail.com\">gillessonier@gmail.com<\/a><\/p>\n<hr \/>\n<p><strong><span style=\"color: #008000;\"><span style=\"text-decoration: underline;\">North East Zone Branches:<br \/>\n<\/span><\/span><\/strong><\/p>\n<p><strong>Association Chasse et P\u00eache du Nord de la P\u00e9ninsule<\/strong><br \/>\n2281 rue Richard<br \/>\nBas-Caraquet, NB. E1W 6B7<br \/>\nContact: Alyre Gionet<br \/>\nEmail: alyre47@hotmail.com<\/p>\n<p><strong>C.A.P.F.H.<\/strong><br \/>\nEmail: capfh2025@outlook.com<br \/>\nContact: Yves Th\u00e9riault<br \/>\nEmail: delapointeyves@outlook.com<\/p>\n<p><strong>Club Chasse de la Grande Rivi\u00e8re Tracadie<\/strong><br \/>\nPO Box 3102 Succ Bureau Chef<br \/>\nTracadie-Sheila, NB E1X 1G5<br \/>\nContact: Mathieu Allard<br \/>\nEmail:\u00a0clubchassepechetracadie@gmail.com<\/p>\n<p><strong>L\u2019Association Chasse et P\u00eache de L\u2019ile Lam\u00e8que<\/strong><br \/>\nContact: Jean-Claude Robichaud<br \/>\nEmail: jcr4974@gmail.com<\/p>\n<p><strong>Restigouche Trappers Council<\/strong><br \/>\nEmail: restigouche.trap@gmail.com<br \/>\nContact: Serge Fournier<br \/>\nEmail: sergfou@nb.sympatico.ca<\/p>\n<hr \/>\n<p><strong><span style=\"text-decoration: underline;\"><span style=\"color: #008000; text-decoration: underline;\">NORTH WEST ZONE<\/span><\/span><\/strong><\/p>\n<p><strong><span style=\"text-decoration: underline;\">Zone VP:<\/span><\/strong> <strong>Gerald Leblanc<br \/>\n<\/strong>Phone: (506) 733-0532<br \/>\nEmail: <a href=\"mailto:geraldleblanc61@gmail.com\">geraldleblanc61@gmail.com<\/a><\/p>\n<hr \/>\n<p><strong><span style=\"text-decoration: underline;\"><span style=\"color: #008000; text-decoration: underline;\">North West Zone Branches:<\/span><\/span><\/strong><\/p>\n<p><strong>Salmon River Association<\/strong><br \/>\nPO Box 8073<br \/>\nGrand Falls, NB. E3Z 3G1<br \/>\nContact: Luc Rioux<br \/>\nEmail: sweat00civicsir@hotmial.com<\/p>\n<p><strong>Chasse et P\u00eache de St-Andr\u00e9<\/strong><br \/>\n478 chemicals de St-Andr\u00e9<br \/>\nSt-Andr\u00e9, NB. E3Y 2Y5<br \/>\nEmail: ccpstandre@gmail.com<\/p>\n<p><strong>NB Deer Association (NBDA)<\/strong><br \/>\n41 rue Principale<br \/>\nSt. Basile, NB. E7C 2C9<br \/>\nContact: Sylvain<br \/>\nEmail: info@deernb.com<\/p>\n<p><strong>St Leonard Hunting &amp; Fishing Club<\/strong><br \/>\nPO Box 2222<br \/>\nSt Leonard, NB. E7E 2M7<br \/>\nContact: Denis Daigle<br \/>\nEmail: denis@daigle.ca<\/p>\n<hr \/>\n<p><strong><span style=\"text-decoration: underline;\"><span style=\"color: #008000; text-decoration: underline;\">SOUTH EAST ZONE<br \/>\n<\/span><\/span><\/strong><strong><span style=\"text-decoration: underline;\"><br \/>\nZone VP:<\/span> Jeremy Page<\/strong><br \/>\nRiverview, N.B.<br \/>\nPhone: (506) 869-0611<br \/>\nEmail: <a href=\"mailto:page.jeremy@rocketmail.com\">page.jeremy@rocketmail.com<\/a><\/p>\n<hr \/>\n<p><strong><span style=\"text-decoration: underline;\"><span style=\"color: #008000; text-decoration: underline;\">South East Zone Branches:<br \/>\n<\/span><\/span><\/strong><\/p>\n<p><strong>Albert County Hunters Association<\/strong><br \/>\nContact: John MacDonald<br \/>\nEmail: nbwf22@gmail.com<\/p>\n<p><strong>Buckskinners Muzzleloading Assoc. Ltd.<\/strong><br \/>\nContact: Shirley Stuart<br \/>\nEmail: shirleyannestuart@gmail.com<\/p>\n<p><strong>Club Chasse et P\u00eache de Haute-Aboujagane<\/strong><br \/>\n26 Aboujagane Rd.<br \/>\nHaute Aboujagane, NB E4P 5M6<br \/>\nContact; Jolyne Dallaire<br \/>\nEmail: jolyne_dallaire@hotmail.com<\/p>\n<p><strong>Club dues Sports de Richibouctou Village<\/strong><br \/>\n116 1st rue<br \/>\nShippagan, NB E8S 1B1<br \/>\nEmail: clubdesportsrichibouctouvillage@hotmail.com<\/p>\n<p><strong>Havelock Sportsmen\u2019s Club<\/strong><br \/>\n406 Mineral Spring\u2019s Rd<br \/>\nHavelock, NB E4Z 6H4<br \/>\nContact (President): Mike McDermott<br \/>\nEmail: hsc.gunclub@gmail.com<\/p>\n<p><strong>St. Antoine Gun Club<\/strong><br \/>\n552 ch Renaud Mills Rd<br \/>\nRenaud Mills, NB E4V 2X7<br \/>\nEmail: stantoinegunclub@gmail.com<br \/>\nContact: Julien Leger<br \/>\nEmail: julienleger2@gmail.com<\/p>\n<p><strong>Grande Digue Hunting &amp; Fishing Club<\/strong><br \/>\nEmail: grandediguehuntingclubinquiry@gmail.com<\/p>\n<p><strong>Moncton Fish &amp; Game Assoc.<\/strong><br \/>\nPO Box 423, St. George Street<br \/>\nMoncton, NB E1C 8L4<br \/>\nEmail: monctonfishgame@gmail.com<br \/>\nContact: Ron Cybulski<br \/>\nEmail: 410rcy@gmail.com<br \/>\nContact: Tony Wallace<br \/>\nEmail: bandit9973@yahoo.ca<\/p>\n<p><strong>Petitcodiac Sportsman\u2019s Club<\/strong><br \/>\nP.O. Box 2573<br \/>\nPetitcodiac, NB E4Z 6H4<br \/>\nEmail: info@sportsmanclub.ca<br \/>\nContact: Gerry Williamson<br \/>\nEmail: email.gerry.williamson@gmail.com<\/p>\n<p><strong>Sackville Rod &amp; Gun Club<\/strong><br \/>\n32 Landing Road<br \/>\nSackville NB E4L 4S7<br \/>\nContact: Wayne Ward<br \/>\nEmail: president@sackvillerodandgun.ca<\/p>\n<p><strong>Shediac Bay Watershed Assoc.<\/strong><br \/>\n612 D Main St<br \/>\nShediac, NB E4R 2H3<br \/>\nContact: David Dunn<br \/>\nEmail: dunnd@nb.sympatico.ca<\/p>\n<p><strong>Shepody Fish &amp; Game Association<\/strong><br \/>\nContact: Frank Layton<br \/>\nEmail: flayton.sfg@gmail.com<\/p>\n<p><strong>Sussex Fish &amp; Game Assoc.<\/strong><br \/>\nPO Box 4457<br \/>\nSussex, NB E4E-5L6<br \/>\nEmail: sussexfishandgame@outlook.com<br \/>\nContact: Jim Cormier<br \/>\nimgerb@gmail.com<\/p>\n<hr \/>\n<p><strong><span style=\"text-decoration: underline;\"><span style=\"color: #008000; text-decoration: underline;\">SOUTH WEST ZONE<br \/>\n<\/span><\/span><\/strong><strong><span style=\"text-decoration: underline;\"><br \/>\nZone VP:<\/span> Rod Currie<\/strong><br \/>\nPhone: (506) 458-5643<br \/>\nEmail: <a href=\"mailto:racurrie@nb.sympatico.ca\">racurrie@nb.sympatico.ca<\/a><\/p>\n<hr \/>\n<p><strong><span style=\"text-decoration: underline;\"><span style=\"color: #008000; text-decoration: underline;\">South West Zone Branches:<br \/>\n<\/span><\/span><\/strong><\/p>\n<p><strong>CWTF: St. John River Spurs<\/strong><br \/>\nEmail: stjohnriverspurs@gmail.com<\/p>\n<p><strong>Fredericton Fish &amp; Game Assoc.<\/strong><br \/>\n1 Hillcourt Dr<br \/>\nFredericton, NB. E3A 1S2<br \/>\nContact: Rod Currie<br \/>\nEmail: racurrie@nb.sympatico.ca<\/p>\n<p><strong>O\u2019Dell Collectors &amp; Shooters Fraternity Inc.<\/strong><br \/>\nFredericton, NB<br \/>\nContact: Daryl DeMerchant<br \/>\nEmail: daryl.demerchant@gemtec.nb.ca<\/p>\n<hr \/>\n","protected":false},"excerpt":{"rendered":"<p>Cette page est actuellement disponible uniquement en anglais et sera convertie en fran\u00e7ais d\u00e8s que possible. \u00a0 Nous vous remercions de votre patience pendant que nous continuons \u00e0 travailler sur la traduction de notre site web.\u00a0\u00a0 Administrateur du site de <span class=\"excerpt-dots\">&hellip;<\/span> <a class=\"more-link\" href=\"https:\/\/nbwildlifefederation.org\/fr\/governance\/branches\/\"><span class=\"more-msg\">Lire la suite &rarr;<\/span><\/a><\/p>\n","protected":false},"author":4,"featured_media":0,"parent":1521,"menu_order":3,"comment_status":"closed","ping_status":"closed","template":"","meta":{"footnotes":""},"class_list":["post-1293","page","type-page","status-publish","hentry"],"yoast_head":"<!-- This site is optimized with the Yoast SEO plugin v27.3 - https:\/\/yoast.com\/product\/yoast-seo-wordpress\/ -->\n<title>Branches - La F\u00e9d\u00e9ration de la Faune du Nouveau Brunswick<\/title>\n<meta name=\"robots\" content=\"index, follow, max-snippet:-1, max-image-preview:large, max-video-preview:-1\" \/>\n<link rel=\"canonical\" href=\"https:\/\/nbwildlifefederation.org\/fr\/governance\/branches\/\" \/>\n<meta property=\"og:locale\" content=\"fr_FR\" \/>\n<meta property=\"og:type\" content=\"article\" \/>\n<meta property=\"og:title\" content=\"Branches - La F\u00e9d\u00e9ration de la Faune du Nouveau Brunswick\" \/>\n<meta property=\"og:description\" content=\"Cette page est actuellement disponible uniquement en anglais et sera convertie en fran\u00e7ais d\u00e8s que possible. \u00a0 Nous vous remercions de votre patience pendant que nous continuons \u00e0 travailler sur la traduction de notre site web.\u00a0\u00a0 Administrateur du site de &hellip; Lire la suite &rarr;\" \/>\n<meta property=\"og:url\" content=\"https:\/\/nbwildlifefederation.org\/fr\/governance\/branches\/\" \/>\n<meta property=\"og:site_name\" content=\"La F\u00e9d\u00e9ration de la Faune du Nouveau Brunswick\" \/>\n<meta property=\"article:modified_time\" content=\"2026-04-07T12:59:58+00:00\" \/>\n<meta name=\"twitter:card\" content=\"summary_large_image\" \/>\n<meta name=\"twitter:label1\" content=\"Dur\u00e9e de lecture estim\u00e9e\" \/>\n\t<meta name=\"twitter:data1\" content=\"3 minutes\" \/>\n<script type=\"application\/ld+json\" class=\"yoast-schema-graph\">{\"@context\":\"https:\\\/\\\/schema.org\",\"@graph\":[{\"@type\":\"WebPage\",\"@id\":\"https:\\\/\\\/nbwildlifefederation.org\\\/fr\\\/governance\\\/branches\\\/\",\"url\":\"https:\\\/\\\/nbwildlifefederation.org\\\/fr\\\/governance\\\/branches\\\/\",\"name\":\"Branches - La F\u00e9d\u00e9ration de la Faune du Nouveau Brunswick\",\"isPartOf\":{\"@id\":\"https:\\\/\\\/nbwildlifefederation.org\\\/fr\\\/#website\"},\"datePublished\":\"2012-12-10T17:02:07+00:00\",\"dateModified\":\"2026-04-07T12:59:58+00:00\",\"breadcrumb\":{\"@id\":\"https:\\\/\\\/nbwildlifefederation.org\\\/fr\\\/governance\\\/branches\\\/#breadcrumb\"},\"inLanguage\":\"fr-FR\",\"potentialAction\":[{\"@type\":\"ReadAction\",\"target\":[\"https:\\\/\\\/nbwildlifefederation.org\\\/fr\\\/governance\\\/branches\\\/\"]}]},{\"@type\":\"BreadcrumbList\",\"@id\":\"https:\\\/\\\/nbwildlifefederation.org\\\/fr\\\/governance\\\/branches\\\/#breadcrumb\",\"itemListElement\":[{\"@type\":\"ListItem\",\"position\":1,\"name\":\"Home\",\"item\":\"https:\\\/\\\/nbwildlifefederation.org\\\/fr\\\/\"},{\"@type\":\"ListItem\",\"position\":2,\"name\":\"Gouvernance\",\"item\":\"https:\\\/\\\/nbwildlifefederation.org\\\/fr\\\/governance\\\/\"},{\"@type\":\"ListItem\",\"position\":3,\"name\":\"Branches\"}]},{\"@type\":\"WebSite\",\"@id\":\"https:\\\/\\\/nbwildlifefederation.org\\\/fr\\\/#website\",\"url\":\"https:\\\/\\\/nbwildlifefederation.org\\\/fr\\\/\",\"name\":\"La F\u00e9d\u00e9ration de la Faune du Nouveau Brunswick\",\"description\":\"Repr\u00e9senter les pr\u00e9occupations de la personne Sports de plein air.\",\"publisher\":{\"@id\":\"https:\\\/\\\/nbwildlifefederation.org\\\/fr\\\/#organization\"},\"potentialAction\":[{\"@type\":\"SearchAction\",\"target\":{\"@type\":\"EntryPoint\",\"urlTemplate\":\"https:\\\/\\\/nbwildlifefederation.org\\\/fr\\\/?s={search_term_string}\"},\"query-input\":{\"@type\":\"PropertyValueSpecification\",\"valueRequired\":true,\"valueName\":\"search_term_string\"}}],\"inLanguage\":\"fr-FR\"},{\"@type\":\"Organization\",\"@id\":\"https:\\\/\\\/nbwildlifefederation.org\\\/fr\\\/#organization\",\"name\":\"New Brunswick Wildlife Federation\",\"url\":\"https:\\\/\\\/nbwildlifefederation.org\\\/fr\\\/\",\"logo\":{\"@type\":\"ImageObject\",\"inLanguage\":\"fr-FR\",\"@id\":\"https:\\\/\\\/nbwildlifefederation.org\\\/fr\\\/#\\\/schema\\\/logo\\\/image\\\/\",\"url\":\"https:\\\/\\\/nbwildlifefederation.org\\\/wp-content\\\/uploads\\\/2016\\\/01\\\/NBWF_Logo.jpg\",\"contentUrl\":\"https:\\\/\\\/nbwildlifefederation.org\\\/wp-content\\\/uploads\\\/2016\\\/01\\\/NBWF_Logo.jpg\",\"width\":960,\"height\":960,\"caption\":\"New Brunswick Wildlife Federation\"},\"image\":{\"@id\":\"https:\\\/\\\/nbwildlifefederation.org\\\/fr\\\/#\\\/schema\\\/logo\\\/image\\\/\"}}]}<\/script>\n<!-- \/ Yoast SEO plugin. -->","yoast_head_json":{"title":"Branches - La F\u00e9d\u00e9ration de la Faune du Nouveau Brunswick","robots":{"index":"index","follow":"follow","max-snippet":"max-snippet:-1","max-image-preview":"max-image-preview:large","max-video-preview":"max-video-preview:-1"},"canonical":"https:\/\/nbwildlifefederation.org\/fr\/governance\/branches\/","og_locale":"fr_FR","og_type":"article","og_title":"Branches - La F\u00e9d\u00e9ration de la Faune du Nouveau Brunswick","og_description":"Cette page est actuellement disponible uniquement en anglais et sera convertie en fran\u00e7ais d\u00e8s que possible. \u00a0 Nous vous remercions de votre patience pendant que nous continuons \u00e0 travailler sur la traduction de notre site web.\u00a0\u00a0 Administrateur du site de &hellip; Lire la suite &rarr;","og_url":"https:\/\/nbwildlifefederation.org\/fr\/governance\/branches\/","og_site_name":"La F\u00e9d\u00e9ration de la Faune du Nouveau Brunswick","article_modified_time":"2026-04-07T12:59:58+00:00","twitter_card":"summary_large_image","twitter_misc":{"Dur\u00e9e de lecture estim\u00e9e":"3 minutes"},"schema":{"@context":"https:\/\/schema.org","@graph":[{"@type":"WebPage","@id":"https:\/\/nbwildlifefederation.org\/fr\/governance\/branches\/","url":"https:\/\/nbwildlifefederation.org\/fr\/governance\/branches\/","name":"Branches - La F\u00e9d\u00e9ration de la Faune du Nouveau Brunswick","isPartOf":{"@id":"https:\/\/nbwildlifefederation.org\/fr\/#website"},"datePublished":"2012-12-10T17:02:07+00:00","dateModified":"2026-04-07T12:59:58+00:00","breadcrumb":{"@id":"https:\/\/nbwildlifefederation.org\/fr\/governance\/branches\/#breadcrumb"},"inLanguage":"fr-FR","potentialAction":[{"@type":"ReadAction","target":["https:\/\/nbwildlifefederation.org\/fr\/governance\/branches\/"]}]},{"@type":"BreadcrumbList","@id":"https:\/\/nbwildlifefederation.org\/fr\/governance\/branches\/#breadcrumb","itemListElement":[{"@type":"ListItem","position":1,"name":"Home","item":"https:\/\/nbwildlifefederation.org\/fr\/"},{"@type":"ListItem","position":2,"name":"Gouvernance","item":"https:\/\/nbwildlifefederation.org\/fr\/governance\/"},{"@type":"ListItem","position":3,"name":"Branches"}]},{"@type":"WebSite","@id":"https:\/\/nbwildlifefederation.org\/fr\/#website","url":"https:\/\/nbwildlifefederation.org\/fr\/","name":"La F\u00e9d\u00e9ration de la Faune du Nouveau Brunswick","description":"Repr\u00e9senter les pr\u00e9occupations de la personne Sports de plein air.","publisher":{"@id":"https:\/\/nbwildlifefederation.org\/fr\/#organization"},"potentialAction":[{"@type":"SearchAction","target":{"@type":"EntryPoint","urlTemplate":"https:\/\/nbwildlifefederation.org\/fr\/?s={search_term_string}"},"query-input":{"@type":"PropertyValueSpecification","valueRequired":true,"valueName":"search_term_string"}}],"inLanguage":"fr-FR"},{"@type":"Organization","@id":"https:\/\/nbwildlifefederation.org\/fr\/#organization","name":"New Brunswick Wildlife Federation","url":"https:\/\/nbwildlifefederation.org\/fr\/","logo":{"@type":"ImageObject","inLanguage":"fr-FR","@id":"https:\/\/nbwildlifefederation.org\/fr\/#\/schema\/logo\/image\/","url":"https:\/\/nbwildlifefederation.org\/wp-content\/uploads\/2016\/01\/NBWF_Logo.jpg","contentUrl":"https:\/\/nbwildlifefederation.org\/wp-content\/uploads\/2016\/01\/NBWF_Logo.jpg","width":960,"height":960,"caption":"New Brunswick Wildlife Federation"},"image":{"@id":"https:\/\/nbwildlifefederation.org\/fr\/#\/schema\/logo\/image\/"}}]}},"_links":{"self":[{"href":"https:\/\/nbwildlifefederation.org\/fr\/wp-json\/wp\/v2\/pages\/1293","targetHints":{"allow":["GET"]}}],"collection":[{"href":"https:\/\/nbwildlifefederation.org\/fr\/wp-json\/wp\/v2\/pages"}],"about":[{"href":"https:\/\/nbwildlifefederation.org\/fr\/wp-json\/wp\/v2\/types\/page"}],"author":[{"embeddable":true,"href":"https:\/\/nbwildlifefederation.org\/fr\/wp-json\/wp\/v2\/users\/4"}],"replies":[{"embeddable":true,"href":"https:\/\/nbwildlifefederation.org\/fr\/wp-json\/wp\/v2\/comments?post=1293"}],"version-history":[{"count":1,"href":"https:\/\/nbwildlifefederation.org\/fr\/wp-json\/wp\/v2\/pages\/1293\/revisions"}],"predecessor-version":[{"id":6289,"href":"https:\/\/nbwildlifefederation.org\/fr\/wp-json\/wp\/v2\/pages\/1293\/revisions\/6289"}],"up":[{"embeddable":true,"href":"https:\/\/nbwildlifefederation.org\/fr\/wp-json\/wp\/v2\/pages\/1521"}],"wp:attachment":[{"href":"https:\/\/nbwildlifefederation.org\/fr\/wp-json\/wp\/v2\/media?parent=1293"}],"curies":[{"name":"wp","href":"https:\/\/api.w.org\/{rel}","templated":true}]}}