{"id":1250,"date":"2025-08-22T15:22:20","date_gmt":"2025-08-22T18:22:20","guid":{"rendered":"http:\/\/nbwildlifefederation-org.bootuptechnology.ca\/www\/?page_id=1250"},"modified":"2025-08-22T21:53:59","modified_gmt":"2025-08-23T00:53:59","slug":"la-ffnb","status":"publish","type":"page","link":"https:\/\/nbwildlifefederation.org\/fr\/ffnb\/la-ffnb\/","title":{"rendered":"La FFNB"},"content":{"rendered":"<p><span style=\"color: #ff0000;\"><strong>Cette page est actuellement disponible uniquement en anglais et sera convertie en fran\u00e7ais d\u00e8s que possible. Nous vous remercions de votre patience pendant que nous continuons \u00e0 travailler sur la traduction de notre site web. <\/strong><\/span><\/p>\n<p><span style=\"color: #ff0000;\"><strong>Administrateur du site de la FFNB<\/strong><\/span><\/p>\n<hr \/>\n<p>The New Brunswick Wildlife Federation (NBWF) is a provincial non-profit organization of hunters, anglers and shooters working for wildlife through branches and individual membership since 1924. Over the years, the Federation has represented the concerns of the outdoor sports person while addressing the problems facing our wildlife and its habitat. Some of our on-going projects include Adopt-A-Stream, Stream Enhancement, Outdoor Heritage Camps, Youth Education Programs on Waterfowl, Wetlands and Wildlife Management Master Angler Program and Becoming an Outdoors Woman (B.O.W.) Program.<\/p>\n<p>We hold public meetings on wildlife management and conservation issues around the province. As well, we are asked by government and private corporations to sit on various advisory committees to speak on behalf of the hunters and anglers in the province.<\/p>\n<p>The Federation has over 30 member branches throughout the Province, and over 6,000+ members and countless supporters.<\/p>\n<p>The New Brunwick Wildlife Federation will only remain a strong and forceful voice for wildlife conservation with the support of concerned New Brunswicker&rsquo;s. The important aspect of membership is the combined strength it gives to the organization.<\/p>\n<p>Each individual who withdraws, for whatever reason, weakens the whole structure. You must make the decision about how you can best contribute to wildlife conservation, alone or in company with other New Brunswicker&rsquo;s. We urge you to join one of our branches located near you.<\/p>\n","protected":false},"excerpt":{"rendered":"<p>Cette page est actuellement disponible uniquement en anglais et sera convertie en fran\u00e7ais d\u00e8s que possible. Nous vous remercions de votre patience pendant que nous continuons \u00e0 travailler sur la traduction de notre site web. Administrateur du site de la <span class=\"excerpt-dots\">&hellip;<\/span> <a class=\"more-link\" href=\"https:\/\/nbwildlifefederation.org\/fr\/ffnb\/la-ffnb\/\"><span class=\"more-msg\">Lire la suite &rarr;<\/span><\/a><\/p>\n","protected":false},"author":4,"featured_media":0,"parent":1248,"menu_order":1,"comment_status":"closed","ping_status":"closed","template":"","meta":{"footnotes":""},"class_list":["post-1250","page","type-page","status-publish","hentry"],"yoast_head":"<!-- This site is optimized with the Yoast SEO plugin v27.4 - https:\/\/yoast.com\/product\/yoast-seo-wordpress\/ -->\n<title>La FFNB - La F\u00e9d\u00e9ration de la Faune du Nouveau Brunswick<\/title>\n<meta name=\"robots\" content=\"index, follow, max-snippet:-1, max-image-preview:large, max-video-preview:-1\" \/>\n<link rel=\"canonical\" href=\"https:\/\/nbwildlifefederation.org\/fr\/ffnb\/la-ffnb\/\" \/>\n<meta property=\"og:locale\" content=\"fr_FR\" \/>\n<meta property=\"og:type\" content=\"article\" \/>\n<meta property=\"og:title\" content=\"La FFNB - La F\u00e9d\u00e9ration de la Faune du Nouveau Brunswick\" \/>\n<meta property=\"og:description\" content=\"Cette page est actuellement disponible uniquement en anglais et sera convertie en fran\u00e7ais d\u00e8s que possible. Nous vous remercions de votre patience pendant que nous continuons \u00e0 travailler sur la traduction de notre site web. Administrateur du site de la &hellip; Lire la suite &rarr;\" \/>\n<meta property=\"og:url\" content=\"https:\/\/nbwildlifefederation.org\/fr\/ffnb\/la-ffnb\/\" \/>\n<meta property=\"og:site_name\" content=\"La F\u00e9d\u00e9ration de la Faune du Nouveau Brunswick\" \/>\n<meta property=\"article:modified_time\" content=\"2025-08-23T00:53:59+00:00\" \/>\n<meta name=\"twitter:card\" content=\"summary_large_image\" \/>\n<meta name=\"twitter:label1\" content=\"Dur\u00e9e de lecture estim\u00e9e\" \/>\n\t<meta name=\"twitter:data1\" content=\"1 minute\" \/>\n<script type=\"application\/ld+json\" class=\"yoast-schema-graph\">{\"@context\":\"https:\\\/\\\/schema.org\",\"@graph\":[{\"@type\":\"WebPage\",\"@id\":\"https:\\\/\\\/nbwildlifefederation.org\\\/fr\\\/ffnb\\\/la-ffnb\\\/\",\"url\":\"https:\\\/\\\/nbwildlifefederation.org\\\/fr\\\/ffnb\\\/la-ffnb\\\/\",\"name\":\"La FFNB - La F\u00e9d\u00e9ration de la Faune du Nouveau Brunswick\",\"isPartOf\":{\"@id\":\"https:\\\/\\\/nbwildlifefederation.org\\\/fr\\\/#website\"},\"datePublished\":\"2025-08-22T18:22:20+00:00\",\"dateModified\":\"2025-08-23T00:53:59+00:00\",\"breadcrumb\":{\"@id\":\"https:\\\/\\\/nbwildlifefederation.org\\\/fr\\\/ffnb\\\/la-ffnb\\\/#breadcrumb\"},\"inLanguage\":\"fr-FR\",\"potentialAction\":[{\"@type\":\"ReadAction\",\"target\":[\"https:\\\/\\\/nbwildlifefederation.org\\\/fr\\\/ffnb\\\/la-ffnb\\\/\"]}]},{\"@type\":\"BreadcrumbList\",\"@id\":\"https:\\\/\\\/nbwildlifefederation.org\\\/fr\\\/ffnb\\\/la-ffnb\\\/#breadcrumb\",\"itemListElement\":[{\"@type\":\"ListItem\",\"position\":1,\"name\":\"Home\",\"item\":\"https:\\\/\\\/nbwildlifefederation.org\\\/fr\\\/\"},{\"@type\":\"ListItem\",\"position\":2,\"name\":\"La FFNB\",\"item\":\"https:\\\/\\\/nbwildlifefederation.org\\\/fr\\\/ffnb\\\/\"},{\"@type\":\"ListItem\",\"position\":3,\"name\":\"La FFNB\"}]},{\"@type\":\"WebSite\",\"@id\":\"https:\\\/\\\/nbwildlifefederation.org\\\/fr\\\/#website\",\"url\":\"https:\\\/\\\/nbwildlifefederation.org\\\/fr\\\/\",\"name\":\"La F\u00e9d\u00e9ration de la Faune du Nouveau Brunswick\",\"description\":\"Repr\u00e9senter les pr\u00e9occupations de la personne Sports de plein air.\",\"publisher\":{\"@id\":\"https:\\\/\\\/nbwildlifefederation.org\\\/fr\\\/#organization\"},\"potentialAction\":[{\"@type\":\"SearchAction\",\"target\":{\"@type\":\"EntryPoint\",\"urlTemplate\":\"https:\\\/\\\/nbwildlifefederation.org\\\/fr\\\/?s={search_term_string}\"},\"query-input\":{\"@type\":\"PropertyValueSpecification\",\"valueRequired\":true,\"valueName\":\"search_term_string\"}}],\"inLanguage\":\"fr-FR\"},{\"@type\":\"Organization\",\"@id\":\"https:\\\/\\\/nbwildlifefederation.org\\\/fr\\\/#organization\",\"name\":\"New Brunswick Wildlife Federation\",\"url\":\"https:\\\/\\\/nbwildlifefederation.org\\\/fr\\\/\",\"logo\":{\"@type\":\"ImageObject\",\"inLanguage\":\"fr-FR\",\"@id\":\"https:\\\/\\\/nbwildlifefederation.org\\\/fr\\\/#\\\/schema\\\/logo\\\/image\\\/\",\"url\":\"https:\\\/\\\/nbwildlifefederation.org\\\/wp-content\\\/uploads\\\/2016\\\/01\\\/NBWF_Logo.jpg\",\"contentUrl\":\"https:\\\/\\\/nbwildlifefederation.org\\\/wp-content\\\/uploads\\\/2016\\\/01\\\/NBWF_Logo.jpg\",\"width\":960,\"height\":960,\"caption\":\"New Brunswick Wildlife Federation\"},\"image\":{\"@id\":\"https:\\\/\\\/nbwildlifefederation.org\\\/fr\\\/#\\\/schema\\\/logo\\\/image\\\/\"}}]}<\/script>\n<!-- \/ Yoast SEO plugin. -->","yoast_head_json":{"title":"La FFNB - La F\u00e9d\u00e9ration de la Faune du Nouveau Brunswick","robots":{"index":"index","follow":"follow","max-snippet":"max-snippet:-1","max-image-preview":"max-image-preview:large","max-video-preview":"max-video-preview:-1"},"canonical":"https:\/\/nbwildlifefederation.org\/fr\/ffnb\/la-ffnb\/","og_locale":"fr_FR","og_type":"article","og_title":"La FFNB - La F\u00e9d\u00e9ration de la Faune du Nouveau Brunswick","og_description":"Cette page est actuellement disponible uniquement en anglais et sera convertie en fran\u00e7ais d\u00e8s que possible. Nous vous remercions de votre patience pendant que nous continuons \u00e0 travailler sur la traduction de notre site web. Administrateur du site de la &hellip; Lire la suite &rarr;","og_url":"https:\/\/nbwildlifefederation.org\/fr\/ffnb\/la-ffnb\/","og_site_name":"La F\u00e9d\u00e9ration de la Faune du Nouveau Brunswick","article_modified_time":"2025-08-23T00:53:59+00:00","twitter_card":"summary_large_image","twitter_misc":{"Dur\u00e9e de lecture estim\u00e9e":"1 minute"},"schema":{"@context":"https:\/\/schema.org","@graph":[{"@type":"WebPage","@id":"https:\/\/nbwildlifefederation.org\/fr\/ffnb\/la-ffnb\/","url":"https:\/\/nbwildlifefederation.org\/fr\/ffnb\/la-ffnb\/","name":"La FFNB - La F\u00e9d\u00e9ration de la Faune du Nouveau Brunswick","isPartOf":{"@id":"https:\/\/nbwildlifefederation.org\/fr\/#website"},"datePublished":"2025-08-22T18:22:20+00:00","dateModified":"2025-08-23T00:53:59+00:00","breadcrumb":{"@id":"https:\/\/nbwildlifefederation.org\/fr\/ffnb\/la-ffnb\/#breadcrumb"},"inLanguage":"fr-FR","potentialAction":[{"@type":"ReadAction","target":["https:\/\/nbwildlifefederation.org\/fr\/ffnb\/la-ffnb\/"]}]},{"@type":"BreadcrumbList","@id":"https:\/\/nbwildlifefederation.org\/fr\/ffnb\/la-ffnb\/#breadcrumb","itemListElement":[{"@type":"ListItem","position":1,"name":"Home","item":"https:\/\/nbwildlifefederation.org\/fr\/"},{"@type":"ListItem","position":2,"name":"La FFNB","item":"https:\/\/nbwildlifefederation.org\/fr\/ffnb\/"},{"@type":"ListItem","position":3,"name":"La FFNB"}]},{"@type":"WebSite","@id":"https:\/\/nbwildlifefederation.org\/fr\/#website","url":"https:\/\/nbwildlifefederation.org\/fr\/","name":"La F\u00e9d\u00e9ration de la Faune du Nouveau Brunswick","description":"Repr\u00e9senter les pr\u00e9occupations de la personne Sports de plein air.","publisher":{"@id":"https:\/\/nbwildlifefederation.org\/fr\/#organization"},"potentialAction":[{"@type":"SearchAction","target":{"@type":"EntryPoint","urlTemplate":"https:\/\/nbwildlifefederation.org\/fr\/?s={search_term_string}"},"query-input":{"@type":"PropertyValueSpecification","valueRequired":true,"valueName":"search_term_string"}}],"inLanguage":"fr-FR"},{"@type":"Organization","@id":"https:\/\/nbwildlifefederation.org\/fr\/#organization","name":"New Brunswick Wildlife Federation","url":"https:\/\/nbwildlifefederation.org\/fr\/","logo":{"@type":"ImageObject","inLanguage":"fr-FR","@id":"https:\/\/nbwildlifefederation.org\/fr\/#\/schema\/logo\/image\/","url":"https:\/\/nbwildlifefederation.org\/wp-content\/uploads\/2016\/01\/NBWF_Logo.jpg","contentUrl":"https:\/\/nbwildlifefederation.org\/wp-content\/uploads\/2016\/01\/NBWF_Logo.jpg","width":960,"height":960,"caption":"New Brunswick Wildlife Federation"},"image":{"@id":"https:\/\/nbwildlifefederation.org\/fr\/#\/schema\/logo\/image\/"}}]}},"_links":{"self":[{"href":"https:\/\/nbwildlifefederation.org\/fr\/wp-json\/wp\/v2\/pages\/1250","targetHints":{"allow":["GET"]}}],"collection":[{"href":"https:\/\/nbwildlifefederation.org\/fr\/wp-json\/wp\/v2\/pages"}],"about":[{"href":"https:\/\/nbwildlifefederation.org\/fr\/wp-json\/wp\/v2\/types\/page"}],"author":[{"embeddable":true,"href":"https:\/\/nbwildlifefederation.org\/fr\/wp-json\/wp\/v2\/users\/4"}],"replies":[{"embeddable":true,"href":"https:\/\/nbwildlifefederation.org\/fr\/wp-json\/wp\/v2\/comments?post=1250"}],"version-history":[{"count":0,"href":"https:\/\/nbwildlifefederation.org\/fr\/wp-json\/wp\/v2\/pages\/1250\/revisions"}],"up":[{"embeddable":true,"href":"https:\/\/nbwildlifefederation.org\/fr\/wp-json\/wp\/v2\/pages\/1248"}],"wp:attachment":[{"href":"https:\/\/nbwildlifefederation.org\/fr\/wp-json\/wp\/v2\/media?parent=1250"}],"curies":[{"name":"wp","href":"https:\/\/api.w.org\/{rel}","templated":true}]}}